{"id":4078,"date":"2020-06-16T17:45:27","date_gmt":"2020-06-16T15:45:27","guid":{"rendered":"https:\/\/www.shf-hydro.org\/?page_id=4078"},"modified":"2021-05-19T16:52:11","modified_gmt":"2021-05-19T14:52:11","slug":"privacy-policy","status":"publish","type":"page","link":"https:\/\/www.shf-hydro.org\/en\/institutional\/privacy-policy\/","title":{"rendered":"Privacy Policy"},"content":{"rendered":"\t\t<div data-elementor-type=\"wp-page\" data-elementor-id=\"4078\" class=\"elementor elementor-4078 elementor-3\" data-elementor-post-type=\"page\">\n\t\t\t\t\t\t<section class=\"elementor-section elementor-top-section elementor-element elementor-element-42a10df2 elementor-section-boxed elementor-section-height-default elementor-section-height-default\" data-id=\"42a10df2\" data-element_type=\"section\" data-e-type=\"section\">\n\t\t\t\t\t\t<div class=\"elementor-container elementor-column-gap-default\">\n\t\t\t\t\t<div class=\"elementor-column elementor-col-100 elementor-top-column elementor-element elementor-element-261407ac\" data-id=\"261407ac\" data-element_type=\"column\" data-e-type=\"column\">\n\t\t\t<div class=\"elementor-widget-wrap elementor-element-populated\">\n\t\t\t\t\t\t<div class=\"elementor-element elementor-element-b49d21c elementor-widget elementor-widget-text-editor\" data-id=\"b49d21c\" data-element_type=\"widget\" data-e-type=\"widget\" data-widget_type=\"text-editor.default\">\n\t\t\t\t\t\t\t\t\t<p><span style=\"color: #1d5978; font-size: 18px;\"><strong><span style=\"color: #2589ba;\">Introduction<\/span> <\/strong><\/span><\/p><p>Dans le cadre de son activit\u00e9, l&#8217;association Soci\u00e9t\u00e9 Hydrotechnique de France (SHF), dont le si\u00e8ge social est situ\u00e9 au 25 rue des Favorites 75015 Paris, est amen\u00e9e \u00e0 collecter et \u00e0 traiter des informations dont certaines sont qualifi\u00e9es de &#8220;donn\u00e9es personnelles&#8221;. La SHF attache une grande importance au respect de la vie priv\u00e9e, et n\u2019utilise que des donnes de mani\u00e8re responsable et confidentielle et dans une finalit\u00e9 pr\u00e9cise.<\/p><p><strong><span style=\"color: #2589ba; #1d5978; font-size: 18px;\">Donn\u00e9es personnelles<\/span> <\/strong><\/p><p>Sur le site web www.shf-hydro.org, il y a 2 types de donn\u00e9es susceptibles d\u2019\u00eatre recueillies :<\/p><ol><li>Les donn\u00e9es transmises directement Ces donn\u00e9es sont celles que vous nous transmettez directement, via un formulaire de contact ou bien par contact direct par email. Sont obligatoires dans le formulaire de contact le champs \u00ab pr\u00e9nom et nom \u00bb, \u00ab entreprise ou organisation \u00bb et \u00ab email \u00bb.<\/li><li>Les donn\u00e9es collect\u00e9es automatiquement Lors de vos visites, une fois votre consentement donn\u00e9, nous pouvons recueillir des informations de type \u00ab web analytics \u00bb relatives \u00e0 votre navigation, la dur\u00e9e de votre consultation, votre adresse IP, votre type et version de navigateur. La technologie utilis\u00e9e est le cookie.<\/li><\/ol><p><strong>\u00a0<\/strong><\/p><p><span style=\"color: #2589ba; #1d5978; font-size: 18px;\"><strong>Utilisation des donn\u00e9es<\/strong><\/span><\/p><p>Les donn\u00e9es que vous nous transmettez directement sont utilis\u00e9es dans le but de vous re-contacter et\/ou dans le cadre de la demande que vous nous faites. Les donn\u00e9es \u00ab web analytics \u00bb sont collect\u00e9es de forme anonyme (en enregistrant des adresses IP anonymes) par Google Analytics, et nous permettent de mesurer l&#8217;audience de notre site web, les consultations et les \u00e9ventuelles erreurs afin d\u2019am\u00e9liorer constamment l\u2019exp\u00e9rience des utilisateurs. Ces donn\u00e9es sont utilis\u00e9es par la SHF, responsable du traitement des donn\u00e9es, et ne seront jamais c\u00e9d\u00e9es \u00e0 un tiers ni utilis\u00e9es \u00e0 d\u2019autres fins que celles d\u00e9taill\u00e9es ci-dessus.<\/p><p><strong>\u00a0<\/strong><\/p><p><strong><span style=\"color: #2589ba; #1d5978; font-size: 18px;\">Base l\u00e9gale<\/span> <\/strong><\/p><p>Les donn\u00e9es personnelles ne sont collect\u00e9es qu\u2019apr\u00e8s consentement obligatoire de l\u2019utilisateur. Ce consentement est valablement recueilli (boutons et cases \u00e0 cocher), libre, clair et sans \u00e9quivoque. Dur\u00e9e de conservation Les donn\u00e9es seront sauvegard\u00e9es durant une dur\u00e9e maximale de 3 ans.<\/p><p><strong>\u00a0<\/strong><\/p><p><strong><span style=\"color: #2589ba; #1d5978; font-size: 18px;\">Vos droits concernant les donn\u00e9es personnelles<\/span> <\/strong><\/p><p>Vous avez le droit de consultation, demande de modification ou d\u2019effacement sur l\u2019ensemble de vos donn\u00e9es personnelles. Vous pouvez \u00e9galement retirer votre consentement au traitement de vos donn\u00e9es. Contact d\u00e9l\u00e9gu\u00e9 \u00e0 la protection des donn\u00e9es Carole Paplorey &#8211; 01 42 50 91 03 \/ c.paplorey@shf-hydro.org<\/p>\t\t\t\t\t\t\t\t<\/div>\n\t\t\t\t\t<\/div>\n\t\t<\/div>\n\t\t\t\t\t<\/div>\n\t\t<\/section>\n\t\t\t\t<section class=\"elementor-section elementor-top-section elementor-element elementor-element-693ca0f elementor-section-boxed elementor-section-height-default elementor-section-height-default\" data-id=\"693ca0f\" data-element_type=\"section\" data-e-type=\"section\">\n\t\t\t\t\t\t<div class=\"elementor-container elementor-column-gap-default\">\n\t\t\t\t\t<div class=\"elementor-column elementor-col-100 elementor-top-column elementor-element elementor-element-e23ac0b\" data-id=\"e23ac0b\" data-element_type=\"column\" data-e-type=\"column\">\n\t\t\t<div class=\"elementor-widget-wrap elementor-element-populated\">\n\t\t\t\t\t\t<div class=\"elementor-element elementor-element-4102b58 elementor-widget elementor-widget-heading\" data-id=\"4102b58\" data-element_type=\"widget\" data-e-type=\"widget\" data-widget_type=\"heading.default\">\n\t\t\t\t\t<h2 class=\"elementor-heading-title elementor-size-default\">Cookies<\/h2>\t\t\t\t<\/div>\n\t\t\t\t<div class=\"elementor-element elementor-element-aa5deb9 elementor-widget elementor-widget-text-editor\" data-id=\"aa5deb9\" data-element_type=\"widget\" data-e-type=\"widget\" data-widget_type=\"text-editor.default\">\n\t\t\t\t\t\t\t\t\t<p>Voici la liste des cookies utilis\u00e9es et leur objectif :<\/p>\t\t\t\t\t\t\t\t<\/div>\n\t\t\t\t\t<\/div>\n\t\t<\/div>\n\t\t\t\t\t<\/div>\n\t\t<\/section>\n\t\t\t\t<section class=\"elementor-section elementor-top-section elementor-element elementor-element-1dcacc6 elementor-section-boxed elementor-section-height-default elementor-section-height-default\" data-id=\"1dcacc6\" data-element_type=\"section\" data-e-type=\"section\">\n\t\t\t\t\t\t<div class=\"elementor-container elementor-column-gap-default\">\n\t\t\t\t\t<div class=\"elementor-column elementor-col-100 elementor-top-column elementor-element elementor-element-cc7144c\" data-id=\"cc7144c\" data-element_type=\"column\" data-e-type=\"column\">\n\t\t\t<div class=\"elementor-widget-wrap elementor-element-populated\">\n\t\t\t\t\t\t<div class=\"elementor-element elementor-element-d71035a elementor-widget elementor-widget-shortcode\" data-id=\"d71035a\" data-element_type=\"widget\" data-e-type=\"widget\" data-widget_type=\"shortcode.default\">\n\t\t\t\t\t\t\t<div class=\"elementor-shortcode\"><table class=\"cookielawinfo-row-cat-table cookielawinfo-winter\"><thead><tr><th class=\"cookielawinfo-column-1\">Cookie<\/th><th class=\"cookielawinfo-column-2\">Type<\/th><th class=\"cookielawinfo-column-3\">Duration<\/th><th class=\"cookielawinfo-column-4\">Description<\/th><\/tr><\/thead><tbody><tr class=\"cookielawinfo-row\"><td class=\"cookielawinfo-column-1\">_ga<\/td><td class=\"cookielawinfo-column-2\"><\/td><td class=\"cookielawinfo-column-3\"><\/td><td class=\"cookielawinfo-column-4\">This cookie is installed by Google Analytics. The cookie is used to calculate visitor, session, campaign data and keep track of site usage for the site's analytics report. The cookies store information anonymously and assigns a randomly generated number to identify unique visitors.<\/td><\/tr><tr class=\"cookielawinfo-row\"><td class=\"cookielawinfo-column-1\">cookielawinfo-checkbox-necessary<\/td><td class=\"cookielawinfo-column-2\"><\/td><td class=\"cookielawinfo-column-3\"><\/td><td class=\"cookielawinfo-column-4\">This cookie is set by GDPR Cookie Consent plugin. The cookies is used to store the user consent for the cookies in the category \"Necessary\".<\/td><\/tr><tr class=\"cookielawinfo-row\"><td class=\"cookielawinfo-column-1\">cookielawinfo-checkbox-non-necessary<\/td><td class=\"cookielawinfo-column-2\"><\/td><td class=\"cookielawinfo-column-3\"><\/td><td class=\"cookielawinfo-column-4\">This cookie is set by GDPR Cookie Consent plugin. The cookies is used to store the user consent for the cookies in the category \"Non-necessary\".<\/td><\/tr><tr class=\"cookielawinfo-row\"><td class=\"cookielawinfo-column-1\">wp-wpml_current_language<\/td><td class=\"cookielawinfo-column-2\">necessary<\/td><td class=\"cookielawinfo-column-3\">1 day<\/td><td class=\"cookielawinfo-column-4\">This cookie is placed by the \"WPML\" plug-in: it stores the visitor's linguistic preference.<\/td><\/tr><\/tbody><\/table> <\/div>\n\t\t\t\t\t\t<\/div>\n\t\t\t\t\t<\/div>\n\t\t<\/div>\n\t\t\t\t\t<\/div>\n\t\t<\/section>\n\t\t\t\t<\/div>\n\t\t","protected":false},"excerpt":{"rendered":"","protected":false},"author":1,"featured_media":0,"parent":5036,"menu_order":40,"comment_status":"closed","ping_status":"closed","template":"","meta":{"_acf_changed":false,"footnotes":"","_links_to":"","_links_to_target":""},"categories":[],"tags":[],"class_list":["post-4078","page","type-page","status-publish","hentry"],"acf":[],"yoast_head":"<!-- This site is optimized with the Yoast SEO plugin v27.2 - https:\/\/yoast.com\/product\/yoast-seo-wordpress\/ -->\n<title>Privacy Policy - SHF - Soci\u00e9t\u00e9 Hydrotechnique de France<\/title>\n<meta name=\"robots\" content=\"index, follow, max-snippet:-1, max-image-preview:large, max-video-preview:-1\" \/>\n<link rel=\"canonical\" href=\"https:\/\/www.shf-hydro.org\/en\/institutional\/privacy-policy\/\" \/>\n<meta property=\"og:locale\" content=\"en_US\" \/>\n<meta property=\"og:type\" content=\"article\" \/>\n<meta property=\"og:title\" content=\"Privacy Policy - SHF - Soci\u00e9t\u00e9 Hydrotechnique de France\" \/>\n<meta property=\"og:url\" content=\"https:\/\/www.shf-hydro.org\/en\/institutional\/privacy-policy\/\" \/>\n<meta property=\"og:site_name\" content=\"SHF - Soci\u00e9t\u00e9 Hydrotechnique de France\" \/>\n<meta property=\"article:modified_time\" content=\"2021-05-19T14:52:11+00:00\" \/>\n<meta name=\"twitter:card\" content=\"summary_large_image\" \/>\n<script type=\"application\/ld+json\" class=\"yoast-schema-graph\">{\"@context\":\"https:\/\/schema.org\",\"@graph\":[{\"@type\":\"WebPage\",\"@id\":\"https:\/\/www.shf-hydro.org\/en\/institutional\/privacy-policy\/\",\"url\":\"https:\/\/www.shf-hydro.org\/en\/institutional\/privacy-policy\/\",\"name\":\"Privacy Policy - SHF - Soci\u00e9t\u00e9 Hydrotechnique de France\",\"isPartOf\":{\"@id\":\"https:\/\/www.shf-hydro.org\/en\/#website\"},\"datePublished\":\"2020-06-16T15:45:27+00:00\",\"dateModified\":\"2021-05-19T14:52:11+00:00\",\"breadcrumb\":{\"@id\":\"https:\/\/www.shf-hydro.org\/en\/institutional\/privacy-policy\/#breadcrumb\"},\"inLanguage\":\"en-US\",\"potentialAction\":[{\"@type\":\"ReadAction\",\"target\":[\"https:\/\/www.shf-hydro.org\/en\/institutional\/privacy-policy\/\"]}]},{\"@type\":\"BreadcrumbList\",\"@id\":\"https:\/\/www.shf-hydro.org\/en\/institutional\/privacy-policy\/#breadcrumb\",\"itemListElement\":[{\"@type\":\"ListItem\",\"position\":1,\"name\":\"Home\",\"item\":\"https:\/\/www.shf-hydro.org\/en\/\"},{\"@type\":\"ListItem\",\"position\":2,\"name\":\"Institutional\",\"item\":\"https:\/\/www.shf-hydro.org\/en\/?page_id=5036\"},{\"@type\":\"ListItem\",\"position\":3,\"name\":\"Privacy Policy\"}]},{\"@type\":\"WebSite\",\"@id\":\"https:\/\/www.shf-hydro.org\/en\/#website\",\"url\":\"https:\/\/www.shf-hydro.org\/en\/\",\"name\":\"SHF - Soci\u00e9t\u00e9 Hydrotechnique de France\",\"description\":\"La science au service de l&#039;eau\",\"publisher\":{\"@id\":\"https:\/\/www.shf-hydro.org\/en\/#organization\"},\"potentialAction\":[{\"@type\":\"SearchAction\",\"target\":{\"@type\":\"EntryPoint\",\"urlTemplate\":\"https:\/\/www.shf-hydro.org\/en\/?s={search_term_string}\"},\"query-input\":{\"@type\":\"PropertyValueSpecification\",\"valueRequired\":true,\"valueName\":\"search_term_string\"}}],\"inLanguage\":\"en-US\"},{\"@type\":\"Organization\",\"@id\":\"https:\/\/www.shf-hydro.org\/en\/#organization\",\"name\":\"SHF - Soci\u00e9t\u00e9 Hydrotechnique de France\",\"url\":\"https:\/\/www.shf-hydro.org\/en\/\",\"logo\":{\"@type\":\"ImageObject\",\"inLanguage\":\"en-US\",\"@id\":\"https:\/\/www.shf-hydro.org\/en\/#\/schema\/logo\/image\/\",\"url\":\"https:\/\/www.shf-hydro.org\/wp-content\/uploads\/2020\/03\/SHF-Societe_Hydrotechnique_de_France-Logo.png\",\"contentUrl\":\"https:\/\/www.shf-hydro.org\/wp-content\/uploads\/2020\/03\/SHF-Societe_Hydrotechnique_de_France-Logo.png\",\"width\":1036,\"height\":1195,\"caption\":\"SHF - Soci\u00e9t\u00e9 Hydrotechnique de France\"},\"image\":{\"@id\":\"https:\/\/www.shf-hydro.org\/en\/#\/schema\/logo\/image\/\"}}]}<\/script>\n<!-- \/ Yoast SEO plugin. -->","yoast_head_json":{"title":"Privacy Policy - SHF - Soci\u00e9t\u00e9 Hydrotechnique de France","robots":{"index":"index","follow":"follow","max-snippet":"max-snippet:-1","max-image-preview":"max-image-preview:large","max-video-preview":"max-video-preview:-1"},"canonical":"https:\/\/www.shf-hydro.org\/en\/institutional\/privacy-policy\/","og_locale":"en_US","og_type":"article","og_title":"Privacy Policy - SHF - Soci\u00e9t\u00e9 Hydrotechnique de France","og_url":"https:\/\/www.shf-hydro.org\/en\/institutional\/privacy-policy\/","og_site_name":"SHF - Soci\u00e9t\u00e9 Hydrotechnique de France","article_modified_time":"2021-05-19T14:52:11+00:00","twitter_card":"summary_large_image","schema":{"@context":"https:\/\/schema.org","@graph":[{"@type":"WebPage","@id":"https:\/\/www.shf-hydro.org\/en\/institutional\/privacy-policy\/","url":"https:\/\/www.shf-hydro.org\/en\/institutional\/privacy-policy\/","name":"Privacy Policy - SHF - Soci\u00e9t\u00e9 Hydrotechnique de France","isPartOf":{"@id":"https:\/\/www.shf-hydro.org\/en\/#website"},"datePublished":"2020-06-16T15:45:27+00:00","dateModified":"2021-05-19T14:52:11+00:00","breadcrumb":{"@id":"https:\/\/www.shf-hydro.org\/en\/institutional\/privacy-policy\/#breadcrumb"},"inLanguage":"en-US","potentialAction":[{"@type":"ReadAction","target":["https:\/\/www.shf-hydro.org\/en\/institutional\/privacy-policy\/"]}]},{"@type":"BreadcrumbList","@id":"https:\/\/www.shf-hydro.org\/en\/institutional\/privacy-policy\/#breadcrumb","itemListElement":[{"@type":"ListItem","position":1,"name":"Home","item":"https:\/\/www.shf-hydro.org\/en\/"},{"@type":"ListItem","position":2,"name":"Institutional","item":"https:\/\/www.shf-hydro.org\/en\/?page_id=5036"},{"@type":"ListItem","position":3,"name":"Privacy Policy"}]},{"@type":"WebSite","@id":"https:\/\/www.shf-hydro.org\/en\/#website","url":"https:\/\/www.shf-hydro.org\/en\/","name":"SHF - Soci\u00e9t\u00e9 Hydrotechnique de France","description":"La science au service de l&#039;eau","publisher":{"@id":"https:\/\/www.shf-hydro.org\/en\/#organization"},"potentialAction":[{"@type":"SearchAction","target":{"@type":"EntryPoint","urlTemplate":"https:\/\/www.shf-hydro.org\/en\/?s={search_term_string}"},"query-input":{"@type":"PropertyValueSpecification","valueRequired":true,"valueName":"search_term_string"}}],"inLanguage":"en-US"},{"@type":"Organization","@id":"https:\/\/www.shf-hydro.org\/en\/#organization","name":"SHF - Soci\u00e9t\u00e9 Hydrotechnique de France","url":"https:\/\/www.shf-hydro.org\/en\/","logo":{"@type":"ImageObject","inLanguage":"en-US","@id":"https:\/\/www.shf-hydro.org\/en\/#\/schema\/logo\/image\/","url":"https:\/\/www.shf-hydro.org\/wp-content\/uploads\/2020\/03\/SHF-Societe_Hydrotechnique_de_France-Logo.png","contentUrl":"https:\/\/www.shf-hydro.org\/wp-content\/uploads\/2020\/03\/SHF-Societe_Hydrotechnique_de_France-Logo.png","width":1036,"height":1195,"caption":"SHF - Soci\u00e9t\u00e9 Hydrotechnique de France"},"image":{"@id":"https:\/\/www.shf-hydro.org\/en\/#\/schema\/logo\/image\/"}}]}},"jetpack_sharing_enabled":true,"_links":{"self":[{"href":"https:\/\/www.shf-hydro.org\/en\/wp-json\/wp\/v2\/pages\/4078","targetHints":{"allow":["GET"]}}],"collection":[{"href":"https:\/\/www.shf-hydro.org\/en\/wp-json\/wp\/v2\/pages"}],"about":[{"href":"https:\/\/www.shf-hydro.org\/en\/wp-json\/wp\/v2\/types\/page"}],"author":[{"embeddable":true,"href":"https:\/\/www.shf-hydro.org\/en\/wp-json\/wp\/v2\/users\/1"}],"replies":[{"embeddable":true,"href":"https:\/\/www.shf-hydro.org\/en\/wp-json\/wp\/v2\/comments?post=4078"}],"version-history":[{"count":1,"href":"https:\/\/www.shf-hydro.org\/en\/wp-json\/wp\/v2\/pages\/4078\/revisions"}],"predecessor-version":[{"id":5940,"href":"https:\/\/www.shf-hydro.org\/en\/wp-json\/wp\/v2\/pages\/4078\/revisions\/5940"}],"up":[{"embeddable":true,"href":"https:\/\/www.shf-hydro.org\/en\/wp-json\/wp\/v2\/pages\/5036"}],"wp:attachment":[{"href":"https:\/\/www.shf-hydro.org\/en\/wp-json\/wp\/v2\/media?parent=4078"}],"wp:term":[{"taxonomy":"category","embeddable":true,"href":"https:\/\/www.shf-hydro.org\/en\/wp-json\/wp\/v2\/categories?post=4078"},{"taxonomy":"post_tag","embeddable":true,"href":"https:\/\/www.shf-hydro.org\/en\/wp-json\/wp\/v2\/tags?post=4078"}],"curies":[{"name":"wp","href":"https:\/\/api.w.org\/{rel}","templated":true}]}}