{"id":4834,"date":"2020-07-17T10:57:56","date_gmt":"2020-07-17T08:57:56","guid":{"rendered":"https:\/\/www.shf-hydro.org\/the-shf\/chairmans-message\/"},"modified":"2023-05-10T08:50:07","modified_gmt":"2023-05-10T06:50:07","slug":"chairmans-message","status":"publish","type":"page","link":"https:\/\/www.shf-hydro.org\/en\/the-shf\/chairmans-message\/","title":{"rendered":"Chairman&#8217;s Message"},"content":{"rendered":"\t\t<div data-elementor-type=\"wp-page\" data-elementor-id=\"4834\" class=\"elementor elementor-4834 elementor-90\" data-elementor-post-type=\"page\">\n\t\t\t\t\t\t<section class=\"elementor-section elementor-top-section elementor-element elementor-element-7f9fc1f elementor-section-boxed elementor-section-height-default elementor-section-height-default\" data-id=\"7f9fc1f\" data-element_type=\"section\" data-e-type=\"section\">\n\t\t\t\t\t\t<div class=\"elementor-container elementor-column-gap-default\">\n\t\t\t\t\t<div class=\"elementor-column elementor-col-50 elementor-top-column elementor-element elementor-element-71ea6bc\" data-id=\"71ea6bc\" data-element_type=\"column\" data-e-type=\"column\">\n\t\t\t<div class=\"elementor-widget-wrap elementor-element-populated\">\n\t\t\t\t\t\t<div class=\"elementor-element elementor-element-0efd77b elementor-widget elementor-widget-text-editor\" data-id=\"0efd77b\" data-element_type=\"widget\" data-e-type=\"widget\" data-widget_type=\"text-editor.default\">\n\t\t\t\t\t\t\t\t\t<p>With a history that goes back more than a century, the Hydrotechnical Society of France federates all the players in the water sector and trades.<\/p><p>As a place of multidisciplinary sharing, the SHF has been able to constantly evolve in order to fulfill its mission: to disseminate scientific and technical knowledge to academics, professionals and public authorities.<\/p>\t\t\t\t\t\t\t\t<\/div>\n\t\t\t\t<div class=\"elementor-element elementor-element-fed0914 elementor-widget elementor-widget-text-editor\" data-id=\"fed0914\" data-element_type=\"widget\" data-e-type=\"widget\" data-widget_type=\"text-editor.default\">\n\t\t\t\t\t\t\t\t\t<p>Today, our development strategy leads us to take up several challenges.<\/p><p>The first is an increased openness to new themes, such as the human and social sciences. This is the objective of our &#8220;<strong>New Knowledge and Tools<\/strong>&#8221; division.<\/p><p>Another challenge lies in a greater openness to the international scene. In this respect, the reputation of our international journal <em>La Houille Blanche<\/em> is a precious asset.<\/p><p>Finally, we want to reach out even more to <strong>young professionals<\/strong>, who can establish a solid network of peers through the SHF, regularly update their knowledge and maintain a high level of engineering activity.<\/p><p>Our community gathers more than <strong>600 members<\/strong>. Let&#8217;s continue together our actions for a better knowledge of the numerous stakes of Water in a complex world.<\/p>\t\t\t\t\t\t\t\t<\/div>\n\t\t\t\t\t<\/div>\n\t\t<\/div>\n\t\t\t\t<div class=\"elementor-column elementor-col-50 elementor-top-column elementor-element elementor-element-f38f919\" data-id=\"f38f919\" data-element_type=\"column\" data-e-type=\"column\" data-settings=\"{&quot;background_background&quot;:&quot;classic&quot;}\">\n\t\t\t<div class=\"elementor-widget-wrap elementor-element-populated\">\n\t\t\t\t\t\t<div class=\"elementor-element elementor-element-7338696 elementor-widget elementor-widget-image\" data-id=\"7338696\" data-element_type=\"widget\" data-e-type=\"widget\" data-widget_type=\"image.default\">\n\t\t\t\t\t\t\t\t\t\t\t\t\t\t\t<img fetchpriority=\"high\" decoding=\"async\" width=\"346\" height=\"479\" src=\"https:\/\/www.shf-hydro.org\/wp-content\/uploads\/2023\/02\/Jean-Paul-CHABARD.jpg\" class=\"attachment-large size-large wp-image-16235\" alt=\"\" srcset=\"https:\/\/www.shf-hydro.org\/wp-content\/uploads\/2023\/02\/Jean-Paul-CHABARD.jpg 346w, https:\/\/www.shf-hydro.org\/wp-content\/uploads\/2023\/02\/Jean-Paul-CHABARD-217x300.jpg 217w, https:\/\/www.shf-hydro.org\/wp-content\/uploads\/2023\/02\/Jean-Paul-CHABARD-300x415.jpg 300w\" sizes=\"(max-width: 346px) 100vw, 346px\" \/>\t\t\t\t\t\t\t\t\t\t\t\t\t\t\t<\/div>\n\t\t\t\t<div class=\"elementor-element elementor-element-071de23 elementor-widget elementor-widget-heading\" data-id=\"071de23\" data-element_type=\"widget\" data-e-type=\"widget\" data-widget_type=\"heading.default\">\n\t\t\t\t\t<h2 class=\"elementor-heading-title elementor-size-medium\">Jean-Paul CHABARD<\/h2>\t\t\t\t<\/div>\n\t\t\t\t<div class=\"elementor-element elementor-element-d657ad4 elementor-widget elementor-widget-text-editor\" data-id=\"d657ad4\" data-element_type=\"widget\" data-e-type=\"widget\" data-widget_type=\"text-editor.default\">\n\t\t\t\t\t\t\t\t\t<p><strong>Pr\u00e9sident of the SHF<\/strong><\/p>\n\t\t\t\t\t\t\t\t<\/div>\n\t\t\t\t<div class=\"elementor-element elementor-element-704adc4 elementor-widget elementor-widget-text-editor\" data-id=\"704adc4\" data-element_type=\"widget\" data-e-type=\"widget\" data-widget_type=\"text-editor.default\">\n\t\t\t\t\t\t\t\t\t<p><em>He is currently the holder of the Hydrolike industrial chair supported by the Grenoble INP Foundation and funded by General Electric.<\/em><\/p><p><em>A graduate of the Ecole Centrale de Paris, Jean-Paul CHABARD joined EDF Research and Development in 1984 as a researcher in numerical fluid mechanics. He successively managed the National Hydraulics Laboratory in Chatou, the Thermal Transfers and Aerodynamics Department and the Modelling and Information Technologies Department. He then held several management positions within EDF R&amp;D, including that of Scientific Director. In this capacity, he managed a portfolio of about 150 CIFRE theses, as well as research partnerships with the academic and industrial worlds. He is now retired from EDF.<\/em><\/p><p><em>From 2008 to 2016, he led the project to create a new EDF research center on the Paris Saclay Campus. The EDF Lab Paris-Saclay site, in which nearly 1,200 people moved in March 2016, is now the main R&amp;D site of EDF. This project has given him the opportunity to set up numerous collaborations with the world of Higher Education and Research.<\/em><\/p><p><em>Jean-Paul CHABARD has taught in various engineering schools. He is currently a Professor at the Ecole Nationale des Ponts et Chauss\u00e9es in the Mechanical and Materials Engineering Department.<\/em><\/p><p><em>He chairs the School Council of Polytech Clermont.<\/em><\/p><p><em>Jean-Paul CHABARD is also very involved in learned societies in France and abroad. He is currently Honorary Member of the AIRH\/IAHR (International Association for Hydro-Environment Engineering and Research) of which he was Vice President for 8 years. The SHF awarded him the Grand Prix de l&#8217;Hydrotechnique in 2006.<\/em><\/p>\t\t\t\t\t\t\t\t<\/div>\n\t\t\t\t\t<\/div>\n\t\t<\/div>\n\t\t\t\t\t<\/div>\n\t\t<\/section>\n\t\t\t\t<\/div>\n\t\t","protected":false},"excerpt":{"rendered":"<p>With a history that goes back more than a century, the Hydrotechnical Society of France federates all the players in the water sector and trades. As a place of multidisciplinary sharing, the SHF has been able to constantly evolve in order to fulfill its mission: to disseminate scientific and technical knowledge to academics, professionals and [&hellip;]<\/p>\n","protected":false},"author":1,"featured_media":0,"parent":4821,"menu_order":10,"comment_status":"closed","ping_status":"closed","template":"","meta":{"_acf_changed":false,"footnotes":"","_links_to":"","_links_to_target":""},"categories":[],"tags":[],"class_list":["post-4834","page","type-page","status-publish","hentry"],"acf":[],"yoast_head":"<!-- This site is optimized with the Yoast SEO plugin v27.2 - https:\/\/yoast.com\/product\/yoast-seo-wordpress\/ -->\n<title>Chairman&#039;s Message - SHF - Soci\u00e9t\u00e9 Hydrotechnique de France<\/title>\n<meta name=\"description\" content=\"Riche d\u2019une histoire plus que centenaire, la Soci\u00e9t\u00e9 Hydrotechnique de France f\u00e9d\u00e8re l\u2019ensemble des acteurs des fili\u00e8res et des m\u00e9tiers de l\u2019Eau.\" \/>\n<meta name=\"robots\" content=\"index, follow, max-snippet:-1, max-image-preview:large, max-video-preview:-1\" \/>\n<link rel=\"canonical\" href=\"https:\/\/www.shf-hydro.org\/en\/the-shf\/chairmans-message\/\" \/>\n<meta property=\"og:locale\" content=\"en_US\" \/>\n<meta property=\"og:type\" content=\"article\" \/>\n<meta property=\"og:title\" content=\"Chairman&#039;s Message - SHF - Soci\u00e9t\u00e9 Hydrotechnique de France\" \/>\n<meta property=\"og:description\" content=\"Riche d\u2019une histoire plus que centenaire, la Soci\u00e9t\u00e9 Hydrotechnique de France f\u00e9d\u00e8re l\u2019ensemble des acteurs des fili\u00e8res et des m\u00e9tiers de l\u2019Eau.\" \/>\n<meta property=\"og:url\" content=\"https:\/\/www.shf-hydro.org\/en\/the-shf\/chairmans-message\/\" \/>\n<meta property=\"og:site_name\" content=\"SHF - Soci\u00e9t\u00e9 Hydrotechnique de France\" \/>\n<meta property=\"article:modified_time\" content=\"2023-05-10T06:50:07+00:00\" \/>\n<meta property=\"og:image\" content=\"https:\/\/www.shf-hydro.org\/wp-content\/uploads\/2023\/02\/Jean-Paul-CHABARD.jpg\" \/>\n<meta name=\"twitter:card\" content=\"summary_large_image\" \/>\n<meta name=\"twitter:label1\" content=\"Est. reading time\" \/>\n\t<meta name=\"twitter:data1\" content=\"3 minutes\" \/>\n<script type=\"application\/ld+json\" class=\"yoast-schema-graph\">{\"@context\":\"https:\/\/schema.org\",\"@graph\":[{\"@type\":\"WebPage\",\"@id\":\"https:\/\/www.shf-hydro.org\/en\/the-shf\/chairmans-message\/\",\"url\":\"https:\/\/www.shf-hydro.org\/en\/the-shf\/chairmans-message\/\",\"name\":\"Chairman's Message - SHF - Soci\u00e9t\u00e9 Hydrotechnique de France\",\"isPartOf\":{\"@id\":\"https:\/\/www.shf-hydro.org\/en\/#website\"},\"primaryImageOfPage\":{\"@id\":\"https:\/\/www.shf-hydro.org\/en\/the-shf\/chairmans-message\/#primaryimage\"},\"image\":{\"@id\":\"https:\/\/www.shf-hydro.org\/en\/the-shf\/chairmans-message\/#primaryimage\"},\"thumbnailUrl\":\"https:\/\/www.shf-hydro.org\/wp-content\/uploads\/2023\/02\/Jean-Paul-CHABARD.jpg\",\"datePublished\":\"2020-07-17T08:57:56+00:00\",\"dateModified\":\"2023-05-10T06:50:07+00:00\",\"description\":\"Riche d\u2019une histoire plus que centenaire, la Soci\u00e9t\u00e9 Hydrotechnique de France f\u00e9d\u00e8re l\u2019ensemble des acteurs des fili\u00e8res et des m\u00e9tiers de l\u2019Eau.\",\"breadcrumb\":{\"@id\":\"https:\/\/www.shf-hydro.org\/en\/the-shf\/chairmans-message\/#breadcrumb\"},\"inLanguage\":\"en-US\",\"potentialAction\":[{\"@type\":\"ReadAction\",\"target\":[\"https:\/\/www.shf-hydro.org\/en\/the-shf\/chairmans-message\/\"]}]},{\"@type\":\"ImageObject\",\"inLanguage\":\"en-US\",\"@id\":\"https:\/\/www.shf-hydro.org\/en\/the-shf\/chairmans-message\/#primaryimage\",\"url\":\"https:\/\/www.shf-hydro.org\/wp-content\/uploads\/2023\/02\/Jean-Paul-CHABARD.jpg\",\"contentUrl\":\"https:\/\/www.shf-hydro.org\/wp-content\/uploads\/2023\/02\/Jean-Paul-CHABARD.jpg\"},{\"@type\":\"BreadcrumbList\",\"@id\":\"https:\/\/www.shf-hydro.org\/en\/the-shf\/chairmans-message\/#breadcrumb\",\"itemListElement\":[{\"@type\":\"ListItem\",\"position\":1,\"name\":\"Home\",\"item\":\"https:\/\/www.shf-hydro.org\/en\/\"},{\"@type\":\"ListItem\",\"position\":2,\"name\":\"The SHF\",\"item\":\"\/en\/chairmans-message\/\"},{\"@type\":\"ListItem\",\"position\":3,\"name\":\"Chairman&#8217;s Message\"}]},{\"@type\":\"WebSite\",\"@id\":\"https:\/\/www.shf-hydro.org\/en\/#website\",\"url\":\"https:\/\/www.shf-hydro.org\/en\/\",\"name\":\"SHF - Soci\u00e9t\u00e9 Hydrotechnique de France\",\"description\":\"La science au service de l&#039;eau\",\"publisher\":{\"@id\":\"https:\/\/www.shf-hydro.org\/en\/#organization\"},\"potentialAction\":[{\"@type\":\"SearchAction\",\"target\":{\"@type\":\"EntryPoint\",\"urlTemplate\":\"https:\/\/www.shf-hydro.org\/en\/?s={search_term_string}\"},\"query-input\":{\"@type\":\"PropertyValueSpecification\",\"valueRequired\":true,\"valueName\":\"search_term_string\"}}],\"inLanguage\":\"en-US\"},{\"@type\":\"Organization\",\"@id\":\"https:\/\/www.shf-hydro.org\/en\/#organization\",\"name\":\"SHF - Soci\u00e9t\u00e9 Hydrotechnique de France\",\"url\":\"https:\/\/www.shf-hydro.org\/en\/\",\"logo\":{\"@type\":\"ImageObject\",\"inLanguage\":\"en-US\",\"@id\":\"https:\/\/www.shf-hydro.org\/en\/#\/schema\/logo\/image\/\",\"url\":\"https:\/\/www.shf-hydro.org\/wp-content\/uploads\/2020\/03\/SHF-Societe_Hydrotechnique_de_France-Logo.png\",\"contentUrl\":\"https:\/\/www.shf-hydro.org\/wp-content\/uploads\/2020\/03\/SHF-Societe_Hydrotechnique_de_France-Logo.png\",\"width\":1036,\"height\":1195,\"caption\":\"SHF - Soci\u00e9t\u00e9 Hydrotechnique de France\"},\"image\":{\"@id\":\"https:\/\/www.shf-hydro.org\/en\/#\/schema\/logo\/image\/\"}}]}<\/script>\n<!-- \/ Yoast SEO plugin. -->","yoast_head_json":{"title":"Chairman's Message - SHF - Soci\u00e9t\u00e9 Hydrotechnique de France","description":"Riche d\u2019une histoire plus que centenaire, la Soci\u00e9t\u00e9 Hydrotechnique de France f\u00e9d\u00e8re l\u2019ensemble des acteurs des fili\u00e8res et des m\u00e9tiers de l\u2019Eau.","robots":{"index":"index","follow":"follow","max-snippet":"max-snippet:-1","max-image-preview":"max-image-preview:large","max-video-preview":"max-video-preview:-1"},"canonical":"https:\/\/www.shf-hydro.org\/en\/the-shf\/chairmans-message\/","og_locale":"en_US","og_type":"article","og_title":"Chairman's Message - SHF - Soci\u00e9t\u00e9 Hydrotechnique de France","og_description":"Riche d\u2019une histoire plus que centenaire, la Soci\u00e9t\u00e9 Hydrotechnique de France f\u00e9d\u00e8re l\u2019ensemble des acteurs des fili\u00e8res et des m\u00e9tiers de l\u2019Eau.","og_url":"https:\/\/www.shf-hydro.org\/en\/the-shf\/chairmans-message\/","og_site_name":"SHF - Soci\u00e9t\u00e9 Hydrotechnique de France","article_modified_time":"2023-05-10T06:50:07+00:00","og_image":[{"url":"https:\/\/www.shf-hydro.org\/wp-content\/uploads\/2023\/02\/Jean-Paul-CHABARD.jpg","type":"","width":"","height":""}],"twitter_card":"summary_large_image","twitter_misc":{"Est. reading time":"3 minutes"},"schema":{"@context":"https:\/\/schema.org","@graph":[{"@type":"WebPage","@id":"https:\/\/www.shf-hydro.org\/en\/the-shf\/chairmans-message\/","url":"https:\/\/www.shf-hydro.org\/en\/the-shf\/chairmans-message\/","name":"Chairman's Message - SHF - Soci\u00e9t\u00e9 Hydrotechnique de France","isPartOf":{"@id":"https:\/\/www.shf-hydro.org\/en\/#website"},"primaryImageOfPage":{"@id":"https:\/\/www.shf-hydro.org\/en\/the-shf\/chairmans-message\/#primaryimage"},"image":{"@id":"https:\/\/www.shf-hydro.org\/en\/the-shf\/chairmans-message\/#primaryimage"},"thumbnailUrl":"https:\/\/www.shf-hydro.org\/wp-content\/uploads\/2023\/02\/Jean-Paul-CHABARD.jpg","datePublished":"2020-07-17T08:57:56+00:00","dateModified":"2023-05-10T06:50:07+00:00","description":"Riche d\u2019une histoire plus que centenaire, la Soci\u00e9t\u00e9 Hydrotechnique de France f\u00e9d\u00e8re l\u2019ensemble des acteurs des fili\u00e8res et des m\u00e9tiers de l\u2019Eau.","breadcrumb":{"@id":"https:\/\/www.shf-hydro.org\/en\/the-shf\/chairmans-message\/#breadcrumb"},"inLanguage":"en-US","potentialAction":[{"@type":"ReadAction","target":["https:\/\/www.shf-hydro.org\/en\/the-shf\/chairmans-message\/"]}]},{"@type":"ImageObject","inLanguage":"en-US","@id":"https:\/\/www.shf-hydro.org\/en\/the-shf\/chairmans-message\/#primaryimage","url":"https:\/\/www.shf-hydro.org\/wp-content\/uploads\/2023\/02\/Jean-Paul-CHABARD.jpg","contentUrl":"https:\/\/www.shf-hydro.org\/wp-content\/uploads\/2023\/02\/Jean-Paul-CHABARD.jpg"},{"@type":"BreadcrumbList","@id":"https:\/\/www.shf-hydro.org\/en\/the-shf\/chairmans-message\/#breadcrumb","itemListElement":[{"@type":"ListItem","position":1,"name":"Home","item":"https:\/\/www.shf-hydro.org\/en\/"},{"@type":"ListItem","position":2,"name":"The SHF","item":"\/en\/chairmans-message\/"},{"@type":"ListItem","position":3,"name":"Chairman&#8217;s Message"}]},{"@type":"WebSite","@id":"https:\/\/www.shf-hydro.org\/en\/#website","url":"https:\/\/www.shf-hydro.org\/en\/","name":"SHF - Soci\u00e9t\u00e9 Hydrotechnique de France","description":"La science au service de l&#039;eau","publisher":{"@id":"https:\/\/www.shf-hydro.org\/en\/#organization"},"potentialAction":[{"@type":"SearchAction","target":{"@type":"EntryPoint","urlTemplate":"https:\/\/www.shf-hydro.org\/en\/?s={search_term_string}"},"query-input":{"@type":"PropertyValueSpecification","valueRequired":true,"valueName":"search_term_string"}}],"inLanguage":"en-US"},{"@type":"Organization","@id":"https:\/\/www.shf-hydro.org\/en\/#organization","name":"SHF - Soci\u00e9t\u00e9 Hydrotechnique de France","url":"https:\/\/www.shf-hydro.org\/en\/","logo":{"@type":"ImageObject","inLanguage":"en-US","@id":"https:\/\/www.shf-hydro.org\/en\/#\/schema\/logo\/image\/","url":"https:\/\/www.shf-hydro.org\/wp-content\/uploads\/2020\/03\/SHF-Societe_Hydrotechnique_de_France-Logo.png","contentUrl":"https:\/\/www.shf-hydro.org\/wp-content\/uploads\/2020\/03\/SHF-Societe_Hydrotechnique_de_France-Logo.png","width":1036,"height":1195,"caption":"SHF - Soci\u00e9t\u00e9 Hydrotechnique de France"},"image":{"@id":"https:\/\/www.shf-hydro.org\/en\/#\/schema\/logo\/image\/"}}]}},"jetpack_sharing_enabled":true,"_links":{"self":[{"href":"https:\/\/www.shf-hydro.org\/en\/wp-json\/wp\/v2\/pages\/4834","targetHints":{"allow":["GET"]}}],"collection":[{"href":"https:\/\/www.shf-hydro.org\/en\/wp-json\/wp\/v2\/pages"}],"about":[{"href":"https:\/\/www.shf-hydro.org\/en\/wp-json\/wp\/v2\/types\/page"}],"author":[{"embeddable":true,"href":"https:\/\/www.shf-hydro.org\/en\/wp-json\/wp\/v2\/users\/1"}],"replies":[{"embeddable":true,"href":"https:\/\/www.shf-hydro.org\/en\/wp-json\/wp\/v2\/comments?post=4834"}],"version-history":[{"count":8,"href":"https:\/\/www.shf-hydro.org\/en\/wp-json\/wp\/v2\/pages\/4834\/revisions"}],"predecessor-version":[{"id":17363,"href":"https:\/\/www.shf-hydro.org\/en\/wp-json\/wp\/v2\/pages\/4834\/revisions\/17363"}],"up":[{"embeddable":true,"href":"https:\/\/www.shf-hydro.org\/en\/wp-json\/wp\/v2\/pages\/4821"}],"wp:attachment":[{"href":"https:\/\/www.shf-hydro.org\/en\/wp-json\/wp\/v2\/media?parent=4834"}],"wp:term":[{"taxonomy":"category","embeddable":true,"href":"https:\/\/www.shf-hydro.org\/en\/wp-json\/wp\/v2\/categories?post=4834"},{"taxonomy":"post_tag","embeddable":true,"href":"https:\/\/www.shf-hydro.org\/en\/wp-json\/wp\/v2\/tags?post=4834"}],"curies":[{"name":"wp","href":"https:\/\/api.w.org\/{rel}","templated":true}]}}