{"id":4836,"date":"2020-07-17T11:01:33","date_gmt":"2020-07-17T09:01:33","guid":{"rendered":"https:\/\/www.shf-hydro.org\/the-shf\/about-us\/"},"modified":"2025-02-05T10:07:48","modified_gmt":"2025-02-05T09:07:48","slug":"about-us","status":"publish","type":"page","link":"https:\/\/www.shf-hydro.org\/en\/the-shf\/about-us\/","title":{"rendered":"About Us"},"content":{"rendered":"\t\t<div data-elementor-type=\"wp-page\" data-elementor-id=\"4836\" class=\"elementor elementor-4836 elementor-92\" data-elementor-post-type=\"page\">\n\t\t\t\t\t\t<section class=\"elementor-section elementor-top-section elementor-element elementor-element-7ae3887 elementor-section-boxed elementor-section-height-default elementor-section-height-default\" data-id=\"7ae3887\" data-element_type=\"section\" data-e-type=\"section\">\n\t\t\t\t\t\t<div class=\"elementor-container elementor-column-gap-default\">\n\t\t\t\t\t<div class=\"elementor-column elementor-col-50 elementor-top-column elementor-element elementor-element-b21c862\" data-id=\"b21c862\" data-element_type=\"column\" data-e-type=\"column\">\n\t\t\t<div class=\"elementor-widget-wrap elementor-element-populated\">\n\t\t\t\t\t\t<div class=\"elementor-element elementor-element-732797f elementor-nav-menu__align-center elementor-nav-menu--dropdown-none ss_nav_pages_01 elementor-widget elementor-widget-nav-menu\" data-id=\"732797f\" data-element_type=\"widget\" data-e-type=\"widget\" data-settings=\"{&quot;layout&quot;:&quot;vertical&quot;,&quot;submenu_icon&quot;:{&quot;value&quot;:&quot;&lt;i class=\\&quot;fas fa-caret-down\\&quot; aria-hidden=\\&quot;true\\&quot;&gt;&lt;\\\/i&gt;&quot;,&quot;library&quot;:&quot;fa-solid&quot;}}\" data-widget_type=\"nav-menu.default\">\n\t\t\t\t\t\t\t\t<nav aria-label=\"Menu\" class=\"elementor-nav-menu--main elementor-nav-menu__container elementor-nav-menu--layout-vertical e--pointer-none\">\n\t\t\t\t<ul id=\"menu-1-732797f\" class=\"elementor-nav-menu sm-vertical\"><li class=\"menu-item menu-item-type-post_type menu-item-object-page menu-item-5120\"><a href=\"https:\/\/www.shf-hydro.org\/en\/the-shf\/about-us\/our-mission\/\" class=\"elementor-item\">Our mission<\/a><\/li>\n<li class=\"menu-item menu-item-type-post_type menu-item-object-page menu-item-5121\"><a href=\"https:\/\/www.shf-hydro.org\/en\/the-shf\/about-us\/history\/\" class=\"elementor-item\">History<\/a><\/li>\n<\/ul>\t\t\t<\/nav>\n\t\t\t\t\t\t<nav class=\"elementor-nav-menu--dropdown elementor-nav-menu__container\" aria-hidden=\"true\">\n\t\t\t\t<ul id=\"menu-2-732797f\" class=\"elementor-nav-menu sm-vertical\"><li class=\"menu-item menu-item-type-post_type menu-item-object-page menu-item-5120\"><a href=\"https:\/\/www.shf-hydro.org\/en\/the-shf\/about-us\/our-mission\/\" class=\"elementor-item\" tabindex=\"-1\">Our mission<\/a><\/li>\n<li class=\"menu-item menu-item-type-post_type menu-item-object-page menu-item-5121\"><a href=\"https:\/\/www.shf-hydro.org\/en\/the-shf\/about-us\/history\/\" class=\"elementor-item\" tabindex=\"-1\">History<\/a><\/li>\n<\/ul>\t\t\t<\/nav>\n\t\t\t\t\t\t<\/div>\n\t\t\t\t\t<\/div>\n\t\t<\/div>\n\t\t\t\t<div class=\"elementor-column elementor-col-50 elementor-top-column elementor-element elementor-element-79cff85\" data-id=\"79cff85\" data-element_type=\"column\" data-e-type=\"column\">\n\t\t\t<div class=\"elementor-widget-wrap elementor-element-populated\">\n\t\t\t\t\t\t<section class=\"elementor-section elementor-inner-section elementor-element elementor-element-ac40650 elementor-section-boxed elementor-section-height-default elementor-section-height-default\" data-id=\"ac40650\" data-element_type=\"section\" data-e-type=\"section\">\n\t\t\t\t\t\t<div class=\"elementor-container elementor-column-gap-default\">\n\t\t\t\t\t<div class=\"elementor-column elementor-col-100 elementor-inner-column elementor-element elementor-element-03474ce\" data-id=\"03474ce\" data-element_type=\"column\" data-e-type=\"column\">\n\t\t\t<div class=\"elementor-widget-wrap elementor-element-populated\">\n\t\t\t\t\t\t<div class=\"elementor-element elementor-element-c9bf5f5 elementor-widget elementor-widget-text-editor\" data-id=\"c9bf5f5\" data-element_type=\"widget\" data-e-type=\"widget\" data-widget_type=\"text-editor.default\">\n\t\t\t\t\t\t\t\t\t<p>With&nbsp;<a href=\"https:\/\/www.shf-hydro.org\/membres-et-partenaires\/nos-membres\/\" target=\"_blank\" rel=\"noopener\"><span style=\"color: #000080;\">600 m<\/span><\/a><span style=\"color: #000080;\">ember<a style=\"color: #000080;\" href=\"https:\/\/www.shf-hydro.org\/membres-et-partenaires\/nos-membres\/\" target=\"_blank\" rel=\"noopener\">s<\/a><\/span>&nbsp;and numerous&nbsp;<span style=\"color: #000080;\">industrial and institutional partnerships<\/span>, our learned society works to share knowledge, innovation and foresight in the fields of water science and engineering.<\/p>\n<p><\/p>\t\t\t\t\t\t\t\t<\/div>\n\t\t\t\t<section class=\"elementor-section elementor-inner-section elementor-element elementor-element-51f29f3 elementor-section-boxed elementor-section-height-default elementor-section-height-default\" data-id=\"51f29f3\" data-element_type=\"section\" data-e-type=\"section\">\n\t\t\t\t\t\t<div class=\"elementor-container elementor-column-gap-default\">\n\t\t\t\t\t<div class=\"elementor-column elementor-col-50 elementor-inner-column elementor-element elementor-element-f1fd78d\" data-id=\"f1fd78d\" data-element_type=\"column\" data-e-type=\"column\">\n\t\t\t<div class=\"elementor-widget-wrap elementor-element-populated\">\n\t\t\t\t\t\t<div class=\"elementor-element elementor-element-bd04323 elementor-widget elementor-widget-image\" data-id=\"bd04323\" data-element_type=\"widget\" data-e-type=\"widget\" data-widget_type=\"image.default\">\n\t\t\t\t\t\t\t\t\t\t\t\t<figure class=\"wp-caption\">\n\t\t\t\t\t\t\t\t\t\t<img fetchpriority=\"high\" decoding=\"async\" width=\"768\" height=\"1024\" src=\"https:\/\/www.shf-hydro.org\/wp-content\/uploads\/2025\/02\/kerr-dam-1394835-768x1024.jpg\" class=\"attachment-large size-large wp-image-22623\" alt=\"\" srcset=\"https:\/\/www.shf-hydro.org\/wp-content\/uploads\/2025\/02\/kerr-dam-1394835-768x1024.jpg 768w, https:\/\/www.shf-hydro.org\/wp-content\/uploads\/2025\/02\/kerr-dam-1394835-225x300.jpg 225w, https:\/\/www.shf-hydro.org\/wp-content\/uploads\/2025\/02\/kerr-dam-1394835-1152x1536.jpg 1152w, https:\/\/www.shf-hydro.org\/wp-content\/uploads\/2025\/02\/kerr-dam-1394835-1536x2048.jpg 1536w, https:\/\/www.shf-hydro.org\/wp-content\/uploads\/2025\/02\/kerr-dam-1394835-300x400.jpg 300w, https:\/\/www.shf-hydro.org\/wp-content\/uploads\/2025\/02\/kerr-dam-1394835-600x800.jpg 600w, https:\/\/www.shf-hydro.org\/wp-content\/uploads\/2025\/02\/kerr-dam-1394835.jpg 1728w\" sizes=\"(max-width: 768px) 100vw, 768px\" \/>\t\t\t\t\t\t\t\t\t\t\t<figcaption class=\"widget-image-caption wp-caption-text\"><\/figcaption>\n\t\t\t\t\t\t\t\t\t\t<\/figure>\n\t\t\t\t\t\t\t\t\t<\/div>\n\t\t\t\t\t<\/div>\n\t\t<\/div>\n\t\t\t\t<div class=\"elementor-column elementor-col-50 elementor-inner-column elementor-element elementor-element-d393f53\" data-id=\"d393f53\" data-element_type=\"column\" data-e-type=\"column\">\n\t\t\t<div class=\"elementor-widget-wrap elementor-element-populated\">\n\t\t\t\t\t\t<div class=\"elementor-element elementor-element-4b034c4 elementor-widget elementor-widget-text-editor\" data-id=\"4b034c4\" data-element_type=\"widget\" data-e-type=\"widget\" data-widget_type=\"text-editor.default\">\n\t\t\t\t\t\t\t\t\t<p>The SHF brings together manufacturers, consultancies, operators, public and private research centres and public players. It provides a multi-disciplinary, cross-disciplinary forum for all aspects of water-related knowledge: scientific, socio-economic and technological knowledge of the industry.<\/p><p>Training, knowledge transfer and networking are at the heart of the SHF&#8217;s activities.\u00a0<a style=\"background-color: #ffffff;\" href=\"https:\/\/www.shf-hydro.org\/manifestations\/\" target=\"_blank\" rel=\"noopener\">Conferences and seminars<\/a>, publication of the international journal LHB : Hydroscience Journal, distribution of\u00a0<a style=\"background-color: #ffffff;\" href=\"https:\/\/www.shf-hydro.org\/publications\/guides-techniques-livres-blancs\/\" target=\"_blank\" rel=\"noopener\">technical works and white papers<\/a> enable members of our learned society to broaden the reflective scope of their know-how and practice.<\/p>\t\t\t\t\t\t\t\t<\/div>\n\t\t\t\t\t<\/div>\n\t\t<\/div>\n\t\t\t\t\t<\/div>\n\t\t<\/section>\n\t\t\t\t<div class=\"elementor-element elementor-element-f91132c elementor-widget elementor-widget-text-editor\" data-id=\"f91132c\" data-element_type=\"widget\" data-e-type=\"widget\" data-widget_type=\"text-editor.default\">\n\t\t\t\t\t\t\t\t\t<p>The SHF&#8217;s fields of study cover all aspects of water: quantitative and qualitative resources, hydrology, hydraulics, fluid mechanics, hydrotechnical sciences, risk studies, hydropower, hydraulic machinery, new technologies for water, hydromorphology, new renewable energies (particularly marine), simulation and digital modelling.<\/p>\t\t\t\t\t\t\t\t<\/div>\n\t\t\t\t<div class=\"elementor-element elementor-element-406915e elementor-widget elementor-widget-text-editor\" data-id=\"406915e\" data-element_type=\"widget\" data-e-type=\"widget\" data-widget_type=\"text-editor.default\">\n\t\t\t\t\t\t\t\t\t<p>This list also includes social and environmental engineering, as well as economic and social issues.<\/p>\t\t\t\t\t\t\t\t<\/div>\n\t\t\t\t\t<\/div>\n\t\t<\/div>\n\t\t\t\t\t<\/div>\n\t\t<\/section>\n\t\t\t\t\t<\/div>\n\t\t<\/div>\n\t\t\t\t\t<\/div>\n\t\t<\/section>\n\t\t\t\t<section class=\"elementor-section elementor-top-section elementor-element elementor-element-fdb79f8 elementor-section-boxed elementor-section-height-default elementor-section-height-default\" data-id=\"fdb79f8\" data-element_type=\"section\" data-e-type=\"section\">\n\t\t\t\t\t\t<div class=\"elementor-container elementor-column-gap-default\">\n\t\t\t\t\t<nav class=\"elementor-column elementor-col-50 elementor-top-column elementor-element elementor-element-ff18fd8\" data-id=\"ff18fd8\" data-element_type=\"column\" data-e-type=\"column\">\n\t\t\t<div class=\"elementor-widget-wrap elementor-element-populated\">\n\t\t\t\t\t\t<div class=\"elementor-element elementor-element-4f54309 elementor-widget elementor-widget-image\" data-id=\"4f54309\" data-element_type=\"widget\" data-e-type=\"widget\" data-widget_type=\"image.default\">\n\t\t\t\t\t\t\t\t\t\t\t\t\t\t\t\t<a href=\"https:\/\/www.shf-hydro.org\/wp-content\/uploads\/2024\/04\/2024-Statuts-de-la-SHF-Approuves-par-lAG-du-7-fevrier-2024-signes.pdf\" target=\"_blank\">\n\t\t\t\t\t\t\t<img decoding=\"async\" width=\"200\" height=\"244\" src=\"https:\/\/www.shf-hydro.org\/wp-content\/uploads\/2025\/02\/pdf.jpg\" class=\"attachment-medium size-medium wp-image-22534\" alt=\"\" \/>\t\t\t\t\t\t\t\t<\/a>\n\t\t\t\t\t\t\t\t\t\t\t\t\t\t\t<\/div>\n\t\t\t\t<div class=\"elementor-element elementor-element-ffe5129 elementor-widget elementor-widget-text-editor\" data-id=\"ffe5129\" data-element_type=\"widget\" data-e-type=\"widget\" data-widget_type=\"text-editor.default\">\n\t\t\t\t\t\t\t\t\t<p><a href=\"https:\/\/www.shf-hydro.org\/wp-content\/uploads\/2024\/04\/2024-Statuts-de-la-SHF-Approuves-par-lAG-du-7-fevrier-2024-signes.pdf\" target=\"_blank\" rel=\"noopener\">T\u00e9l\u00e9chargez les statuts de la SHF<\/a><\/p>\t\t\t\t\t\t\t\t<\/div>\n\t\t\t\t\t<\/div>\n\t\t<\/nav>\n\t\t\t\t<nav class=\"elementor-column elementor-col-50 elementor-top-column elementor-element elementor-element-f753148\" data-id=\"f753148\" data-element_type=\"column\" data-e-type=\"column\">\n\t\t\t<div class=\"elementor-widget-wrap elementor-element-populated\">\n\t\t\t\t\t\t<div class=\"elementor-element elementor-element-19d7d42 elementor-widget elementor-widget-image\" data-id=\"19d7d42\" data-element_type=\"widget\" data-e-type=\"widget\" data-widget_type=\"image.default\">\n\t\t\t\t\t\t\t\t\t\t\t\t\t\t\t\t<a href=\"https:\/\/www.shf-hydro.org\/wp-content\/uploads\/2024\/04\/2024-Reglement-Interieur-de-la-SHF-Approuve-par-le-CA-du-7-janvier-2024-signe.pdf\" target=\"_blank\">\n\t\t\t\t\t\t\t<img decoding=\"async\" width=\"200\" height=\"244\" src=\"https:\/\/www.shf-hydro.org\/wp-content\/uploads\/2025\/02\/pdf.jpg\" class=\"attachment-medium size-medium wp-image-22534\" alt=\"\" \/>\t\t\t\t\t\t\t\t<\/a>\n\t\t\t\t\t\t\t\t\t\t\t\t\t\t\t<\/div>\n\t\t\t\t<div class=\"elementor-element elementor-element-21404f9 elementor-widget elementor-widget-text-editor\" data-id=\"21404f9\" data-element_type=\"widget\" data-e-type=\"widget\" data-widget_type=\"text-editor.default\">\n\t\t\t\t\t\t\t\t\t<p><a href=\"https:\/\/www.shf-hydro.org\/wp-content\/uploads\/2024\/04\/2024-Reglement-Interieur-de-la-SHF-Approuve-par-le-CA-du-7-janvier-2024-signe.pdf\" target=\"_blank\" rel=\"noopener\">T\u00e9l\u00e9chargez le r\u00e8glement Int\u00e9rieur<\/a><\/p>\t\t\t\t\t\t\t\t<\/div>\n\t\t\t\t\t<\/div>\n\t\t<\/nav>\n\t\t\t\t\t<\/div>\n\t\t<\/section>\n\t\t\t\t<\/div>\n\t\t","protected":false},"excerpt":{"rendered":"<p>With&nbsp;600 members&nbsp;and numerous&nbsp;industrial and institutional partnerships, our learned society works to share knowledge, innovation and foresight in the fields of water science and engineering. The SHF brings together manufacturers, consultancies, operators, public and private research centres and public players. It provides a multi-disciplinary, cross-disciplinary forum for all aspects of water-related knowledge: scientific, socio-economic and technological [&hellip;]<\/p>\n","protected":false},"author":1,"featured_media":0,"parent":4821,"menu_order":20,"comment_status":"closed","ping_status":"closed","template":"","meta":{"_acf_changed":false,"footnotes":"","_links_to":"","_links_to_target":""},"categories":[],"tags":[],"class_list":["post-4836","page","type-page","status-publish","hentry"],"acf":[],"yoast_head":"<!-- This site is optimized with the Yoast SEO plugin v27.2 - https:\/\/yoast.com\/product\/yoast-seo-wordpress\/ -->\n<title>About Us - SHF - Soci\u00e9t\u00e9 Hydrotechnique de France<\/title>\n<meta name=\"description\" content=\"Forte de 600 membres notre organisation oeuvre pour le partage des connaissances dans le domaine de l&#039;hydraulique\" \/>\n<meta name=\"robots\" content=\"index, follow, max-snippet:-1, max-image-preview:large, max-video-preview:-1\" \/>\n<link rel=\"canonical\" href=\"https:\/\/www.shf-hydro.org\/en\/the-shf\/about-us\/\" \/>\n<meta property=\"og:locale\" content=\"en_US\" \/>\n<meta property=\"og:type\" content=\"article\" \/>\n<meta property=\"og:title\" content=\"About Us - SHF - Soci\u00e9t\u00e9 Hydrotechnique de France\" \/>\n<meta property=\"og:description\" content=\"Forte de 600 membres notre organisation oeuvre pour le partage des connaissances dans le domaine de l&#039;hydraulique\" \/>\n<meta property=\"og:url\" content=\"https:\/\/www.shf-hydro.org\/en\/the-shf\/about-us\/\" \/>\n<meta property=\"og:site_name\" content=\"SHF - Soci\u00e9t\u00e9 Hydrotechnique de France\" \/>\n<meta property=\"article:modified_time\" content=\"2025-02-05T09:07:48+00:00\" \/>\n<meta property=\"og:image\" content=\"https:\/\/www.shf-hydro.org\/wp-content\/uploads\/2025\/02\/kerr-dam-1394835.jpg\" \/>\n\t<meta property=\"og:image:width\" content=\"1728\" \/>\n\t<meta property=\"og:image:height\" content=\"2304\" \/>\n\t<meta property=\"og:image:type\" content=\"image\/jpeg\" \/>\n<meta name=\"twitter:card\" content=\"summary_large_image\" \/>\n<script type=\"application\/ld+json\" class=\"yoast-schema-graph\">{\"@context\":\"https:\/\/schema.org\",\"@graph\":[{\"@type\":\"WebPage\",\"@id\":\"https:\/\/www.shf-hydro.org\/en\/the-shf\/about-us\/\",\"url\":\"https:\/\/www.shf-hydro.org\/en\/the-shf\/about-us\/\",\"name\":\"About Us - SHF - Soci\u00e9t\u00e9 Hydrotechnique de France\",\"isPartOf\":{\"@id\":\"https:\/\/www.shf-hydro.org\/en\/#website\"},\"primaryImageOfPage\":{\"@id\":\"https:\/\/www.shf-hydro.org\/en\/the-shf\/about-us\/#primaryimage\"},\"image\":{\"@id\":\"https:\/\/www.shf-hydro.org\/en\/the-shf\/about-us\/#primaryimage\"},\"thumbnailUrl\":\"https:\/\/www.shf-hydro.org\/wp-content\/uploads\/2025\/02\/kerr-dam-1394835-768x1024.jpg\",\"datePublished\":\"2020-07-17T09:01:33+00:00\",\"dateModified\":\"2025-02-05T09:07:48+00:00\",\"description\":\"Forte de 600 membres notre organisation oeuvre pour le partage des connaissances dans le domaine de l'hydraulique\",\"breadcrumb\":{\"@id\":\"https:\/\/www.shf-hydro.org\/en\/the-shf\/about-us\/#breadcrumb\"},\"inLanguage\":\"en-US\",\"potentialAction\":[{\"@type\":\"ReadAction\",\"target\":[\"https:\/\/www.shf-hydro.org\/en\/the-shf\/about-us\/\"]}]},{\"@type\":\"ImageObject\",\"inLanguage\":\"en-US\",\"@id\":\"https:\/\/www.shf-hydro.org\/en\/the-shf\/about-us\/#primaryimage\",\"url\":\"https:\/\/www.shf-hydro.org\/wp-content\/uploads\/2025\/02\/kerr-dam-1394835-768x1024.jpg\",\"contentUrl\":\"https:\/\/www.shf-hydro.org\/wp-content\/uploads\/2025\/02\/kerr-dam-1394835-768x1024.jpg\"},{\"@type\":\"BreadcrumbList\",\"@id\":\"https:\/\/www.shf-hydro.org\/en\/the-shf\/about-us\/#breadcrumb\",\"itemListElement\":[{\"@type\":\"ListItem\",\"position\":1,\"name\":\"Home\",\"item\":\"https:\/\/www.shf-hydro.org\/en\/\"},{\"@type\":\"ListItem\",\"position\":2,\"name\":\"The SHF\",\"item\":\"\/en\/chairmans-message\/\"},{\"@type\":\"ListItem\",\"position\":3,\"name\":\"About Us\"}]},{\"@type\":\"WebSite\",\"@id\":\"https:\/\/www.shf-hydro.org\/en\/#website\",\"url\":\"https:\/\/www.shf-hydro.org\/en\/\",\"name\":\"SHF - Soci\u00e9t\u00e9 Hydrotechnique de France\",\"description\":\"La science au service de l&#039;eau\",\"publisher\":{\"@id\":\"https:\/\/www.shf-hydro.org\/en\/#organization\"},\"potentialAction\":[{\"@type\":\"SearchAction\",\"target\":{\"@type\":\"EntryPoint\",\"urlTemplate\":\"https:\/\/www.shf-hydro.org\/en\/?s={search_term_string}\"},\"query-input\":{\"@type\":\"PropertyValueSpecification\",\"valueRequired\":true,\"valueName\":\"search_term_string\"}}],\"inLanguage\":\"en-US\"},{\"@type\":\"Organization\",\"@id\":\"https:\/\/www.shf-hydro.org\/en\/#organization\",\"name\":\"SHF - Soci\u00e9t\u00e9 Hydrotechnique de France\",\"url\":\"https:\/\/www.shf-hydro.org\/en\/\",\"logo\":{\"@type\":\"ImageObject\",\"inLanguage\":\"en-US\",\"@id\":\"https:\/\/www.shf-hydro.org\/en\/#\/schema\/logo\/image\/\",\"url\":\"https:\/\/www.shf-hydro.org\/wp-content\/uploads\/2020\/03\/SHF-Societe_Hydrotechnique_de_France-Logo.png\",\"contentUrl\":\"https:\/\/www.shf-hydro.org\/wp-content\/uploads\/2020\/03\/SHF-Societe_Hydrotechnique_de_France-Logo.png\",\"width\":1036,\"height\":1195,\"caption\":\"SHF - Soci\u00e9t\u00e9 Hydrotechnique de France\"},\"image\":{\"@id\":\"https:\/\/www.shf-hydro.org\/en\/#\/schema\/logo\/image\/\"}}]}<\/script>\n<!-- \/ Yoast SEO plugin. -->","yoast_head_json":{"title":"About Us - SHF - Soci\u00e9t\u00e9 Hydrotechnique de France","description":"Forte de 600 membres notre organisation oeuvre pour le partage des connaissances dans le domaine de l'hydraulique","robots":{"index":"index","follow":"follow","max-snippet":"max-snippet:-1","max-image-preview":"max-image-preview:large","max-video-preview":"max-video-preview:-1"},"canonical":"https:\/\/www.shf-hydro.org\/en\/the-shf\/about-us\/","og_locale":"en_US","og_type":"article","og_title":"About Us - SHF - Soci\u00e9t\u00e9 Hydrotechnique de France","og_description":"Forte de 600 membres notre organisation oeuvre pour le partage des connaissances dans le domaine de l'hydraulique","og_url":"https:\/\/www.shf-hydro.org\/en\/the-shf\/about-us\/","og_site_name":"SHF - Soci\u00e9t\u00e9 Hydrotechnique de France","article_modified_time":"2025-02-05T09:07:48+00:00","og_image":[{"width":1728,"height":2304,"url":"https:\/\/www.shf-hydro.org\/wp-content\/uploads\/2025\/02\/kerr-dam-1394835.jpg","type":"image\/jpeg"}],"twitter_card":"summary_large_image","schema":{"@context":"https:\/\/schema.org","@graph":[{"@type":"WebPage","@id":"https:\/\/www.shf-hydro.org\/en\/the-shf\/about-us\/","url":"https:\/\/www.shf-hydro.org\/en\/the-shf\/about-us\/","name":"About Us - SHF - Soci\u00e9t\u00e9 Hydrotechnique de France","isPartOf":{"@id":"https:\/\/www.shf-hydro.org\/en\/#website"},"primaryImageOfPage":{"@id":"https:\/\/www.shf-hydro.org\/en\/the-shf\/about-us\/#primaryimage"},"image":{"@id":"https:\/\/www.shf-hydro.org\/en\/the-shf\/about-us\/#primaryimage"},"thumbnailUrl":"https:\/\/www.shf-hydro.org\/wp-content\/uploads\/2025\/02\/kerr-dam-1394835-768x1024.jpg","datePublished":"2020-07-17T09:01:33+00:00","dateModified":"2025-02-05T09:07:48+00:00","description":"Forte de 600 membres notre organisation oeuvre pour le partage des connaissances dans le domaine de l'hydraulique","breadcrumb":{"@id":"https:\/\/www.shf-hydro.org\/en\/the-shf\/about-us\/#breadcrumb"},"inLanguage":"en-US","potentialAction":[{"@type":"ReadAction","target":["https:\/\/www.shf-hydro.org\/en\/the-shf\/about-us\/"]}]},{"@type":"ImageObject","inLanguage":"en-US","@id":"https:\/\/www.shf-hydro.org\/en\/the-shf\/about-us\/#primaryimage","url":"https:\/\/www.shf-hydro.org\/wp-content\/uploads\/2025\/02\/kerr-dam-1394835-768x1024.jpg","contentUrl":"https:\/\/www.shf-hydro.org\/wp-content\/uploads\/2025\/02\/kerr-dam-1394835-768x1024.jpg"},{"@type":"BreadcrumbList","@id":"https:\/\/www.shf-hydro.org\/en\/the-shf\/about-us\/#breadcrumb","itemListElement":[{"@type":"ListItem","position":1,"name":"Home","item":"https:\/\/www.shf-hydro.org\/en\/"},{"@type":"ListItem","position":2,"name":"The SHF","item":"\/en\/chairmans-message\/"},{"@type":"ListItem","position":3,"name":"About Us"}]},{"@type":"WebSite","@id":"https:\/\/www.shf-hydro.org\/en\/#website","url":"https:\/\/www.shf-hydro.org\/en\/","name":"SHF - Soci\u00e9t\u00e9 Hydrotechnique de France","description":"La science au service de l&#039;eau","publisher":{"@id":"https:\/\/www.shf-hydro.org\/en\/#organization"},"potentialAction":[{"@type":"SearchAction","target":{"@type":"EntryPoint","urlTemplate":"https:\/\/www.shf-hydro.org\/en\/?s={search_term_string}"},"query-input":{"@type":"PropertyValueSpecification","valueRequired":true,"valueName":"search_term_string"}}],"inLanguage":"en-US"},{"@type":"Organization","@id":"https:\/\/www.shf-hydro.org\/en\/#organization","name":"SHF - Soci\u00e9t\u00e9 Hydrotechnique de France","url":"https:\/\/www.shf-hydro.org\/en\/","logo":{"@type":"ImageObject","inLanguage":"en-US","@id":"https:\/\/www.shf-hydro.org\/en\/#\/schema\/logo\/image\/","url":"https:\/\/www.shf-hydro.org\/wp-content\/uploads\/2020\/03\/SHF-Societe_Hydrotechnique_de_France-Logo.png","contentUrl":"https:\/\/www.shf-hydro.org\/wp-content\/uploads\/2020\/03\/SHF-Societe_Hydrotechnique_de_France-Logo.png","width":1036,"height":1195,"caption":"SHF - Soci\u00e9t\u00e9 Hydrotechnique de France"},"image":{"@id":"https:\/\/www.shf-hydro.org\/en\/#\/schema\/logo\/image\/"}}]}},"jetpack_sharing_enabled":true,"_links":{"self":[{"href":"https:\/\/www.shf-hydro.org\/en\/wp-json\/wp\/v2\/pages\/4836","targetHints":{"allow":["GET"]}}],"collection":[{"href":"https:\/\/www.shf-hydro.org\/en\/wp-json\/wp\/v2\/pages"}],"about":[{"href":"https:\/\/www.shf-hydro.org\/en\/wp-json\/wp\/v2\/types\/page"}],"author":[{"embeddable":true,"href":"https:\/\/www.shf-hydro.org\/en\/wp-json\/wp\/v2\/users\/1"}],"replies":[{"embeddable":true,"href":"https:\/\/www.shf-hydro.org\/en\/wp-json\/wp\/v2\/comments?post=4836"}],"version-history":[{"count":8,"href":"https:\/\/www.shf-hydro.org\/en\/wp-json\/wp\/v2\/pages\/4836\/revisions"}],"predecessor-version":[{"id":22632,"href":"https:\/\/www.shf-hydro.org\/en\/wp-json\/wp\/v2\/pages\/4836\/revisions\/22632"}],"up":[{"embeddable":true,"href":"https:\/\/www.shf-hydro.org\/en\/wp-json\/wp\/v2\/pages\/4821"}],"wp:attachment":[{"href":"https:\/\/www.shf-hydro.org\/en\/wp-json\/wp\/v2\/media?parent=4836"}],"wp:term":[{"taxonomy":"category","embeddable":true,"href":"https:\/\/www.shf-hydro.org\/en\/wp-json\/wp\/v2\/categories?post=4836"},{"taxonomy":"post_tag","embeddable":true,"href":"https:\/\/www.shf-hydro.org\/en\/wp-json\/wp\/v2\/tags?post=4836"}],"curies":[{"name":"wp","href":"https:\/\/api.w.org\/{rel}","templated":true}]}}