{"id":4905,"date":"2020-07-17T16:26:44","date_gmt":"2020-07-17T14:26:44","guid":{"rendered":"https:\/\/www.shf-hydro.org\/the-shf\/governance\/the-management-board\/"},"modified":"2025-06-30T14:09:11","modified_gmt":"2025-06-30T12:09:11","slug":"the-management-board","status":"publish","type":"page","link":"https:\/\/www.shf-hydro.org\/en\/the-shf\/governance\/the-management-board\/","title":{"rendered":"The Management Board"},"content":{"rendered":"\t\t<div data-elementor-type=\"wp-page\" data-elementor-id=\"4905\" class=\"elementor elementor-4905 elementor-110\" data-elementor-post-type=\"page\">\n\t\t\t\t\t\t<section class=\"elementor-section elementor-top-section elementor-element elementor-element-d70f33f elementor-section-boxed elementor-section-height-default elementor-section-height-default\" data-id=\"d70f33f\" data-element_type=\"section\" data-e-type=\"section\">\n\t\t\t\t\t\t<div class=\"elementor-container elementor-column-gap-default\">\n\t\t\t\t\t<div class=\"elementor-column elementor-col-100 elementor-top-column elementor-element elementor-element-cd60c30\" data-id=\"cd60c30\" data-element_type=\"column\" data-e-type=\"column\">\n\t\t\t<div class=\"elementor-widget-wrap elementor-element-populated\">\n\t\t\t\t\t\t<div class=\"elementor-element elementor-element-3da00a4 elementor-widget elementor-widget-heading\" data-id=\"3da00a4\" data-element_type=\"widget\" data-e-type=\"widget\" data-widget_type=\"heading.default\">\n\t\t\t\t\t<h3 class=\"elementor-heading-title elementor-size-default\">The management board is made up of 25 elected members:<\/h3>\t\t\t\t<\/div>\n\t\t\t\t<div class=\"elementor-element elementor-element-a024a39 elementor-widget-divider--view-line elementor-widget elementor-widget-divider\" data-id=\"a024a39\" data-element_type=\"widget\" data-e-type=\"widget\" data-widget_type=\"divider.default\">\n\t\t\t\t\t\t\t<div class=\"elementor-divider\">\n\t\t\t<span class=\"elementor-divider-separator\">\n\t\t\t\t\t\t<\/span>\n\t\t<\/div>\n\t\t\t\t\t\t<\/div>\n\t\t\t\t\t<\/div>\n\t\t<\/div>\n\t\t\t\t\t<\/div>\n\t\t<\/section>\n\t\t\t\t<section class=\"elementor-section elementor-top-section elementor-element elementor-element-55da1a2 elementor-section-boxed elementor-section-height-default elementor-section-height-default\" data-id=\"55da1a2\" data-element_type=\"section\" data-e-type=\"section\">\n\t\t\t\t\t\t<div class=\"elementor-container elementor-column-gap-default\">\n\t\t\t\t\t<div class=\"elementor-column elementor-col-100 elementor-top-column elementor-element elementor-element-5058917\" data-id=\"5058917\" data-element_type=\"column\" data-e-type=\"column\">\n\t\t\t<div class=\"elementor-widget-wrap elementor-element-populated\">\n\t\t\t\t\t\t<div class=\"elementor-element elementor-element-635b40c elementor-widget elementor-widget-heading\" data-id=\"635b40c\" data-element_type=\"widget\" data-e-type=\"widget\" data-widget_type=\"heading.default\">\n\t\t\t\t\t<h3 class=\"elementor-heading-title elementor-size-default\">9 members whose term of office is renewable until the end of 2025:<\/h3>\t\t\t\t<\/div>\n\t\t\t\t<div class=\"elementor-element elementor-element-3906361 elementor-widget-divider--view-line elementor-widget elementor-widget-divider\" data-id=\"3906361\" data-element_type=\"widget\" data-e-type=\"widget\" data-widget_type=\"divider.default\">\n\t\t\t\t\t\t\t<div class=\"elementor-divider\">\n\t\t\t<span class=\"elementor-divider-separator\">\n\t\t\t\t\t\t<\/span>\n\t\t<\/div>\n\t\t\t\t\t\t<\/div>\n\t\t\t\t\t<\/div>\n\t\t<\/div>\n\t\t\t\t\t<\/div>\n\t\t<\/section>\n\t\t\t\t<section class=\"elementor-section elementor-top-section elementor-element elementor-element-19f7a4e elementor-section-boxed elementor-section-height-default elementor-section-height-default\" data-id=\"19f7a4e\" data-element_type=\"section\" data-e-type=\"section\">\n\t\t\t\t\t\t<div class=\"elementor-container elementor-column-gap-default\">\n\t\t\t\t\t<div class=\"elementor-column elementor-col-100 elementor-top-column elementor-element elementor-element-23bc13f\" data-id=\"23bc13f\" data-element_type=\"column\" data-e-type=\"column\">\n\t\t\t<div class=\"elementor-widget-wrap elementor-element-populated\">\n\t\t\t\t\t\t<div class=\"elementor-element elementor-element-4fd09ae elementor-widget elementor-widget-text-editor\" data-id=\"4fd09ae\" data-element_type=\"widget\" data-e-type=\"widget\" data-widget_type=\"text-editor.default\">\n\t\t\t\t\t\t\t\t\t<p>Jean-Paul CHABARD, <em><span style=\"color: #4da0d5;\">ENPC<\/span><\/em><\/p><p>Yann DENIAUD <em><span style=\"color: #4da0d5;\">(Cerema)<\/span><\/em><\/p><p>\u00c9ric GAUME <em><span style=\"color: #4da0d5;\">(Universit\u00e9 Gustave Eiffel)<\/span><\/em><\/p><p>Philippe GOURBESVILLE <em><span style=\"color: #4da0d5;\">(Polytech Nice Sophia)<\/span><\/em><\/p><p>Ahmed KHALADI\u00a0<em><span style=\"color: #4da0d5;\">(CNR)<\/span><\/em><\/p><p>Marc LE BOULLUEC <em><span style=\"color: #4da0d5;\">(IFREMER)<\/span><\/em><\/p><p>Olivier M\u00c9TAIS <em><span style=\"color: #4da0d5;\">(Grenoble INP)<\/span><\/em><\/p><p>Thierry POINTET <em><span style=\"color: #4da0d5;\">(membre Comit\u00e9 de R\u00e9daction LHB)<\/span><\/em><\/p><p>Olivier SIMONIN <em><span style=\"color: #4da0d5;\">(IMFT)<\/span><\/em><\/p>\t\t\t\t\t\t\t\t<\/div>\n\t\t\t\t\t<\/div>\n\t\t<\/div>\n\t\t\t\t\t<\/div>\n\t\t<\/section>\n\t\t\t\t<section class=\"elementor-section elementor-top-section elementor-element elementor-element-6a6c46e elementor-section-boxed elementor-section-height-default elementor-section-height-default\" data-id=\"6a6c46e\" data-element_type=\"section\" data-e-type=\"section\">\n\t\t\t\t\t\t<div class=\"elementor-container elementor-column-gap-default\">\n\t\t\t\t\t<div class=\"elementor-column elementor-col-100 elementor-top-column elementor-element elementor-element-dcc0a66\" data-id=\"dcc0a66\" data-element_type=\"column\" data-e-type=\"column\">\n\t\t\t<div class=\"elementor-widget-wrap elementor-element-populated\">\n\t\t\t\t\t\t<div class=\"elementor-element elementor-element-f94f889 elementor-widget elementor-widget-heading\" data-id=\"f94f889\" data-element_type=\"widget\" data-e-type=\"widget\" data-widget_type=\"heading.default\">\n\t\t\t\t\t<h3 class=\"elementor-heading-title elementor-size-default\">9 members whose term of office is renewable until the end of 2026:<\/h3>\t\t\t\t<\/div>\n\t\t\t\t<div class=\"elementor-element elementor-element-d7efe1f elementor-widget-divider--view-line elementor-widget elementor-widget-divider\" data-id=\"d7efe1f\" data-element_type=\"widget\" data-e-type=\"widget\" data-widget_type=\"divider.default\">\n\t\t\t\t\t\t\t<div class=\"elementor-divider\">\n\t\t\t<span class=\"elementor-divider-separator\">\n\t\t\t\t\t\t<\/span>\n\t\t<\/div>\n\t\t\t\t\t\t<\/div>\n\t\t\t\t\t<\/div>\n\t\t<\/div>\n\t\t\t\t\t<\/div>\n\t\t<\/section>\n\t\t\t\t<section class=\"elementor-section elementor-top-section elementor-element elementor-element-21fbb13 elementor-section-boxed elementor-section-height-default elementor-section-height-default\" data-id=\"21fbb13\" data-element_type=\"section\" data-e-type=\"section\">\n\t\t\t\t\t\t<div class=\"elementor-container elementor-column-gap-default\">\n\t\t\t\t\t<div class=\"elementor-column elementor-col-100 elementor-top-column elementor-element elementor-element-69ee5c8\" data-id=\"69ee5c8\" data-element_type=\"column\" data-e-type=\"column\">\n\t\t\t<div class=\"elementor-widget-wrap elementor-element-populated\">\n\t\t\t\t\t\t<div class=\"elementor-element elementor-element-252022d elementor-widget elementor-widget-text-editor\" data-id=\"252022d\" data-element_type=\"widget\" data-e-type=\"widget\" data-widget_type=\"text-editor.default\">\n\t\t\t\t\t\t\t\t\t<p>Christophe AURORI <em><span style=\"color: #4da0d5;\">(EDF R&amp;D)<\/span><\/em><\/p><p>Olivier FAURIEL <em><span style=\"color: #4da0d5;\">(VNF)<\/span><\/em><\/p><p>Bruno JANET <em><span style=\"color: #4da0d5;\">(MTECT\/DGPR\/SRNH\/SCHAPI)<\/span><\/em><\/p><p>Daniel JOUVE <em><span style=\"color: #4da0d5;\">(CNR)<\/span><\/em><\/p><p>Pierre-Alain ROCHE <em><span style=\"color: #4da0d5;\">(CGEDD)<\/span><\/em><\/p><p>Patrick SAUVAGET <em><span style=\"color: #4da0d5;\">(\u00e9lu par l\u2019AGE du 7 f\u00e9vrier 2024 avec effet r\u00e9troactif au 1er janvier 2024)<\/span><\/em><\/p><p>\u00c9ric TARDIEU <em><span style=\"color: #4da0d5;\">(OIEau)<\/span><\/em><\/p><p>Armelle VALENTIN <em><span style=\"color: #4da0d5;\">(Artelia)<\/span><\/em><\/p><p>Ghislaine VERRHIEST-LEBLANC <em><span style=\"color: #4da0d5;\">(AFPCNT)<\/span><\/em><\/p>\t\t\t\t\t\t\t\t<\/div>\n\t\t\t\t\t<\/div>\n\t\t<\/div>\n\t\t\t\t\t<\/div>\n\t\t<\/section>\n\t\t\t\t<section class=\"elementor-section elementor-top-section elementor-element elementor-element-ae33786 elementor-section-boxed elementor-section-height-default elementor-section-height-default\" data-id=\"ae33786\" data-element_type=\"section\" data-e-type=\"section\">\n\t\t\t\t\t\t<div class=\"elementor-container elementor-column-gap-default\">\n\t\t\t\t\t<div class=\"elementor-column elementor-col-100 elementor-top-column elementor-element elementor-element-c46b16f\" data-id=\"c46b16f\" data-element_type=\"column\" data-e-type=\"column\">\n\t\t\t<div class=\"elementor-widget-wrap elementor-element-populated\">\n\t\t\t\t\t\t<div class=\"elementor-element elementor-element-5656c07 elementor-widget elementor-widget-heading\" data-id=\"5656c07\" data-element_type=\"widget\" data-e-type=\"widget\" data-widget_type=\"heading.default\">\n\t\t\t\t\t<h3 class=\"elementor-heading-title elementor-size-default\">7 members whose term of office is renewable until the end of 2027:<\/h3>\t\t\t\t<\/div>\n\t\t\t\t<div class=\"elementor-element elementor-element-7c565ad elementor-widget-divider--view-line elementor-widget elementor-widget-divider\" data-id=\"7c565ad\" data-element_type=\"widget\" data-e-type=\"widget\" data-widget_type=\"divider.default\">\n\t\t\t\t\t\t\t<div class=\"elementor-divider\">\n\t\t\t<span class=\"elementor-divider-separator\">\n\t\t\t\t\t\t<\/span>\n\t\t<\/div>\n\t\t\t\t\t\t<\/div>\n\t\t\t\t\t<\/div>\n\t\t<\/div>\n\t\t\t\t\t<\/div>\n\t\t<\/section>\n\t\t\t\t<section class=\"elementor-section elementor-top-section elementor-element elementor-element-0f34b0c elementor-section-boxed elementor-section-height-default elementor-section-height-default\" data-id=\"0f34b0c\" data-element_type=\"section\" data-e-type=\"section\">\n\t\t\t\t\t\t<div class=\"elementor-container elementor-column-gap-default\">\n\t\t\t\t\t<div class=\"elementor-column elementor-col-100 elementor-top-column elementor-element elementor-element-ee29c52\" data-id=\"ee29c52\" data-element_type=\"column\" data-e-type=\"column\">\n\t\t\t<div class=\"elementor-widget-wrap elementor-element-populated\">\n\t\t\t\t\t\t<div class=\"elementor-element elementor-element-5db6897 elementor-widget elementor-widget-text-editor\" data-id=\"5db6897\" data-element_type=\"widget\" data-e-type=\"widget\" data-widget_type=\"text-editor.default\">\n\t\t\t\t\t\t\t\t\t<p>Claude BESSI\u00c8RE\u00a0<em><span style=\"color: #4da0d5;\">(INGEROP)<\/span><\/em><\/p><p>Guillaume CARPENTIER <em><span style=\"color: #4da0d5;\">(ESITC Caen)<\/span><\/em><\/p><p>Thierry LEPELLETIER <em><span style=\"color: #4da0d5;\">(HYDRATEC)<\/span><\/em><\/p><p>Pascale LYAUDET-SARRON <em><span style=\"color: #4da0d5;\">(EDF &#8211; Hydro)<\/span><\/em><\/p><p>Jean-Daniel MATTEI\u00a0<em><span style=\"color: #4da0d5;\">(EDF \u2013 Hydro)<\/span><\/em><\/p><p>Paul SCHERRER\u00a0<em><span style=\"color: #4da0d5;\">(AIPCN)<\/span><\/em><\/p><p>R\u00e9gis TH\u00c9POT\u00a0<em><span style=\"color: #4da0d5;\">(administrateur territorial g\u00e9n\u00e9ral honoraire)<\/span><\/em><\/p>\t\t\t\t\t\t\t\t<\/div>\n\t\t\t\t<div class=\"elementor-element elementor-element-22bd907 elementor-widget elementor-widget-heading\" data-id=\"22bd907\" data-element_type=\"widget\" data-e-type=\"widget\" data-widget_type=\"heading.default\">\n\t\t\t\t\t<h3 class=\"elementor-heading-title elementor-size-default\">Attendance at Board meetings is by right, with the right to vote:<\/h3>\t\t\t\t<\/div>\n\t\t\t\t\t<\/div>\n\t\t<\/div>\n\t\t\t\t\t<\/div>\n\t\t<\/section>\n\t\t\t\t<section class=\"elementor-section elementor-top-section elementor-element elementor-element-37a8d97 elementor-section-boxed elementor-section-height-default elementor-section-height-default\" data-id=\"37a8d97\" data-element_type=\"section\" data-e-type=\"section\">\n\t\t\t\t\t\t<div class=\"elementor-container elementor-column-gap-default\">\n\t\t\t\t\t<div class=\"elementor-column elementor-col-100 elementor-top-column elementor-element elementor-element-0e1e15f\" data-id=\"0e1e15f\" data-element_type=\"column\" data-e-type=\"column\">\n\t\t\t<div class=\"elementor-widget-wrap elementor-element-populated\">\n\t\t\t\t\t\t<div class=\"elementor-element elementor-element-1b87d2f elementor-widget-divider--view-line elementor-widget elementor-widget-divider\" data-id=\"1b87d2f\" data-element_type=\"widget\" data-e-type=\"widget\" data-widget_type=\"divider.default\">\n\t\t\t\t\t\t\t<div class=\"elementor-divider\">\n\t\t\t<span class=\"elementor-divider-separator\">\n\t\t\t\t\t\t<\/span>\n\t\t<\/div>\n\t\t\t\t\t\t<\/div>\n\t\t\t\t<div class=\"elementor-element elementor-element-b4e9731 elementor-widget elementor-widget-text-editor\" data-id=\"b4e9731\" data-element_type=\"widget\" data-e-type=\"widget\" data-widget_type=\"text-editor.default\">\n\t\t\t\t\t\t\t\t\t<p>Olivier SIMONIN,\u00a0<em><span style=\"color: #4da0d5;\">Pr\u00e9sident du Comit\u00e9 Scientifique et Technique<\/span><\/em><\/p><p>Eric GAUME,\u00a0<em><span style=\"color: #4da0d5;\">Vice-pr\u00e9sident du Comit\u00e9 Scientifique et Technique<\/span><\/em><\/p><p>Lionel BERTHET,\u00a0<em><span style=\"color: #4da0d5;\">Vice-pr\u00e9sident du Comit\u00e9 Scientifique et Technique<\/span><\/em><\/p><p>Thierry POINTET,\u00a0<em><span style=\"color: #4da0d5;\">Pr\u00e9sident du Comit\u00e9 de R\u00e9daction de la LHB<\/span><\/em><\/p>\t\t\t\t\t\t\t\t<\/div>\n\t\t\t\t<div class=\"elementor-element elementor-element-2283c53 elementor-widget elementor-widget-heading\" data-id=\"2283c53\" data-element_type=\"widget\" data-e-type=\"widget\" data-widget_type=\"heading.default\">\n\t\t\t\t\t<h3 class=\"elementor-heading-title elementor-size-default\">The following are involved in the Board's work:<\/h3>\t\t\t\t<\/div>\n\t\t\t\t<div class=\"elementor-element elementor-element-f880539 elementor-widget-divider--view-line elementor-widget elementor-widget-divider\" data-id=\"f880539\" data-element_type=\"widget\" data-e-type=\"widget\" data-widget_type=\"divider.default\">\n\t\t\t\t\t\t\t<div class=\"elementor-divider\">\n\t\t\t<span class=\"elementor-divider-separator\">\n\t\t\t\t\t\t<\/span>\n\t\t<\/div>\n\t\t\t\t\t\t<\/div>\n\t\t\t\t<div class=\"elementor-element elementor-element-4fc4973 elementor-widget elementor-widget-text-editor\" data-id=\"4fc4973\" data-element_type=\"widget\" data-e-type=\"widget\" data-widget_type=\"text-editor.default\">\n\t\t\t\t\t\t\t\t\t<p>Ren\u00e9 COULOMB,\u00a0<em><span style=\"color: #4da0d5;\">Pr\u00e9sident d\u2019honneur<\/span><\/em><\/p><p>Gilles FEUILLADE,\u00a0<em><span style=\"color: #4da0d5;\">Membre d&#8217;honneur du Conseil d&#8217;administration<\/span><\/em><\/p><p>Daniel LOUDI\u00c8RE,\u00a0<em><span style=\"color: #4da0d5;\">Pr\u00e9sident d\u2019honneur<\/span><\/em><\/p><p>Olivier METAIS,\u00a0<em><span style=\"color: #4da0d5;\">Pr\u00e9sident d\u2019honneur<\/span><\/em><\/p><p>Pierre-Louis VIOLLET,\u00a0<em><span style=\"color: #4da0d5;\">Membre d&#8217;honneur du Conseil d&#8217;administration et Pr\u00e9sident d\u2019honneur du Comit\u00e9 Scientifique et Technique<\/span><\/em><\/p><p>Michel LANG,\u00a0<em><span style=\"color: #4da0d5;\">Pr\u00e9sident d&#8217;honneur du Comit\u00e9 Scientifique et Technique<\/span><\/em><\/p>\t\t\t\t\t\t\t\t<\/div>\n\t\t\t\t\t<\/div>\n\t\t<\/div>\n\t\t\t\t\t<\/div>\n\t\t<\/section>\n\t\t\t\t<\/div>\n\t\t","protected":false},"excerpt":{"rendered":"<p>The management board is made up of 25 elected members: 9 members whose term of office is renewable until the end of 2025: Jean-Paul CHABARD, ENPC Yann DENIAUD (Cerema) \u00c9ric GAUME (Universit\u00e9 Gustave Eiffel) Philippe GOURBESVILLE (Polytech Nice Sophia) Ahmed KHALADI\u00a0(CNR) Marc LE BOULLUEC (IFREMER) Olivier M\u00c9TAIS (Grenoble INP) Thierry POINTET (membre Comit\u00e9 de R\u00e9daction [&hellip;]<\/p>\n","protected":false},"author":1,"featured_media":0,"parent":4902,"menu_order":20,"comment_status":"closed","ping_status":"closed","template":"","meta":{"_acf_changed":false,"footnotes":"","_links_to":"","_links_to_target":""},"categories":[],"tags":[],"class_list":["post-4905","page","type-page","status-publish","hentry"],"acf":[],"yoast_head":"<!-- This site is optimized with the Yoast SEO plugin v27.2 - https:\/\/yoast.com\/product\/yoast-seo-wordpress\/ -->\n<title>The Management Board - SHF - Soci\u00e9t\u00e9 Hydrotechnique de France<\/title>\n<meta name=\"robots\" content=\"index, follow, max-snippet:-1, max-image-preview:large, max-video-preview:-1\" \/>\n<link rel=\"canonical\" href=\"https:\/\/www.shf-hydro.org\/en\/the-shf\/governance\/the-management-board\/\" \/>\n<meta property=\"og:locale\" content=\"en_US\" \/>\n<meta property=\"og:type\" content=\"article\" \/>\n<meta property=\"og:title\" content=\"The Management Board - SHF - Soci\u00e9t\u00e9 Hydrotechnique de France\" \/>\n<meta property=\"og:description\" content=\"The management board is made up of 25 elected members: 9 members whose term of office is renewable until the end of 2025: Jean-Paul CHABARD, ENPC Yann DENIAUD (Cerema) \u00c9ric GAUME (Universit\u00e9 Gustave Eiffel) Philippe GOURBESVILLE (Polytech Nice Sophia) Ahmed KHALADI\u00a0(CNR) Marc LE BOULLUEC (IFREMER) Olivier M\u00c9TAIS (Grenoble INP) Thierry POINTET (membre Comit\u00e9 de R\u00e9daction [&hellip;]\" \/>\n<meta property=\"og:url\" content=\"https:\/\/www.shf-hydro.org\/en\/the-shf\/governance\/the-management-board\/\" \/>\n<meta property=\"og:site_name\" content=\"SHF - Soci\u00e9t\u00e9 Hydrotechnique de France\" \/>\n<meta property=\"article:modified_time\" content=\"2025-06-30T12:09:11+00:00\" \/>\n<meta name=\"twitter:card\" content=\"summary_large_image\" \/>\n<meta name=\"twitter:label1\" content=\"Est. reading time\" \/>\n\t<meta name=\"twitter:data1\" content=\"2 minutes\" \/>\n<script type=\"application\/ld+json\" class=\"yoast-schema-graph\">{\"@context\":\"https:\/\/schema.org\",\"@graph\":[{\"@type\":\"WebPage\",\"@id\":\"https:\/\/www.shf-hydro.org\/en\/the-shf\/governance\/the-management-board\/\",\"url\":\"https:\/\/www.shf-hydro.org\/en\/the-shf\/governance\/the-management-board\/\",\"name\":\"The Management Board - SHF - Soci\u00e9t\u00e9 Hydrotechnique de France\",\"isPartOf\":{\"@id\":\"https:\/\/www.shf-hydro.org\/en\/#website\"},\"datePublished\":\"2020-07-17T14:26:44+00:00\",\"dateModified\":\"2025-06-30T12:09:11+00:00\",\"breadcrumb\":{\"@id\":\"https:\/\/www.shf-hydro.org\/en\/the-shf\/governance\/the-management-board\/#breadcrumb\"},\"inLanguage\":\"en-US\",\"potentialAction\":[{\"@type\":\"ReadAction\",\"target\":[\"https:\/\/www.shf-hydro.org\/en\/the-shf\/governance\/the-management-board\/\"]}]},{\"@type\":\"BreadcrumbList\",\"@id\":\"https:\/\/www.shf-hydro.org\/en\/the-shf\/governance\/the-management-board\/#breadcrumb\",\"itemListElement\":[{\"@type\":\"ListItem\",\"position\":1,\"name\":\"Home\",\"item\":\"https:\/\/www.shf-hydro.org\/en\/\"},{\"@type\":\"ListItem\",\"position\":2,\"name\":\"The SHF\",\"item\":\"\/en\/chairmans-message\/\"},{\"@type\":\"ListItem\",\"position\":3,\"name\":\"Governance\",\"item\":\"https:\/\/www.shf-hydro.org\/en\/the-shf\/governance\/\"},{\"@type\":\"ListItem\",\"position\":4,\"name\":\"The Management Board\"}]},{\"@type\":\"WebSite\",\"@id\":\"https:\/\/www.shf-hydro.org\/en\/#website\",\"url\":\"https:\/\/www.shf-hydro.org\/en\/\",\"name\":\"SHF - Soci\u00e9t\u00e9 Hydrotechnique de France\",\"description\":\"La science au service de l&#039;eau\",\"publisher\":{\"@id\":\"https:\/\/www.shf-hydro.org\/en\/#organization\"},\"potentialAction\":[{\"@type\":\"SearchAction\",\"target\":{\"@type\":\"EntryPoint\",\"urlTemplate\":\"https:\/\/www.shf-hydro.org\/en\/?s={search_term_string}\"},\"query-input\":{\"@type\":\"PropertyValueSpecification\",\"valueRequired\":true,\"valueName\":\"search_term_string\"}}],\"inLanguage\":\"en-US\"},{\"@type\":\"Organization\",\"@id\":\"https:\/\/www.shf-hydro.org\/en\/#organization\",\"name\":\"SHF - Soci\u00e9t\u00e9 Hydrotechnique de France\",\"url\":\"https:\/\/www.shf-hydro.org\/en\/\",\"logo\":{\"@type\":\"ImageObject\",\"inLanguage\":\"en-US\",\"@id\":\"https:\/\/www.shf-hydro.org\/en\/#\/schema\/logo\/image\/\",\"url\":\"https:\/\/www.shf-hydro.org\/wp-content\/uploads\/2020\/03\/SHF-Societe_Hydrotechnique_de_France-Logo.png\",\"contentUrl\":\"https:\/\/www.shf-hydro.org\/wp-content\/uploads\/2020\/03\/SHF-Societe_Hydrotechnique_de_France-Logo.png\",\"width\":1036,\"height\":1195,\"caption\":\"SHF - Soci\u00e9t\u00e9 Hydrotechnique de France\"},\"image\":{\"@id\":\"https:\/\/www.shf-hydro.org\/en\/#\/schema\/logo\/image\/\"}}]}<\/script>\n<!-- \/ Yoast SEO plugin. -->","yoast_head_json":{"title":"The Management Board - SHF - Soci\u00e9t\u00e9 Hydrotechnique de France","robots":{"index":"index","follow":"follow","max-snippet":"max-snippet:-1","max-image-preview":"max-image-preview:large","max-video-preview":"max-video-preview:-1"},"canonical":"https:\/\/www.shf-hydro.org\/en\/the-shf\/governance\/the-management-board\/","og_locale":"en_US","og_type":"article","og_title":"The Management Board - SHF - Soci\u00e9t\u00e9 Hydrotechnique de France","og_description":"The management board is made up of 25 elected members: 9 members whose term of office is renewable until the end of 2025: Jean-Paul CHABARD, ENPC Yann DENIAUD (Cerema) \u00c9ric GAUME (Universit\u00e9 Gustave Eiffel) Philippe GOURBESVILLE (Polytech Nice Sophia) Ahmed KHALADI\u00a0(CNR) Marc LE BOULLUEC (IFREMER) Olivier M\u00c9TAIS (Grenoble INP) Thierry POINTET (membre Comit\u00e9 de R\u00e9daction [&hellip;]","og_url":"https:\/\/www.shf-hydro.org\/en\/the-shf\/governance\/the-management-board\/","og_site_name":"SHF - Soci\u00e9t\u00e9 Hydrotechnique de France","article_modified_time":"2025-06-30T12:09:11+00:00","twitter_card":"summary_large_image","twitter_misc":{"Est. reading time":"2 minutes"},"schema":{"@context":"https:\/\/schema.org","@graph":[{"@type":"WebPage","@id":"https:\/\/www.shf-hydro.org\/en\/the-shf\/governance\/the-management-board\/","url":"https:\/\/www.shf-hydro.org\/en\/the-shf\/governance\/the-management-board\/","name":"The Management Board - SHF - Soci\u00e9t\u00e9 Hydrotechnique de France","isPartOf":{"@id":"https:\/\/www.shf-hydro.org\/en\/#website"},"datePublished":"2020-07-17T14:26:44+00:00","dateModified":"2025-06-30T12:09:11+00:00","breadcrumb":{"@id":"https:\/\/www.shf-hydro.org\/en\/the-shf\/governance\/the-management-board\/#breadcrumb"},"inLanguage":"en-US","potentialAction":[{"@type":"ReadAction","target":["https:\/\/www.shf-hydro.org\/en\/the-shf\/governance\/the-management-board\/"]}]},{"@type":"BreadcrumbList","@id":"https:\/\/www.shf-hydro.org\/en\/the-shf\/governance\/the-management-board\/#breadcrumb","itemListElement":[{"@type":"ListItem","position":1,"name":"Home","item":"https:\/\/www.shf-hydro.org\/en\/"},{"@type":"ListItem","position":2,"name":"The SHF","item":"\/en\/chairmans-message\/"},{"@type":"ListItem","position":3,"name":"Governance","item":"https:\/\/www.shf-hydro.org\/en\/the-shf\/governance\/"},{"@type":"ListItem","position":4,"name":"The Management Board"}]},{"@type":"WebSite","@id":"https:\/\/www.shf-hydro.org\/en\/#website","url":"https:\/\/www.shf-hydro.org\/en\/","name":"SHF - Soci\u00e9t\u00e9 Hydrotechnique de France","description":"La science au service de l&#039;eau","publisher":{"@id":"https:\/\/www.shf-hydro.org\/en\/#organization"},"potentialAction":[{"@type":"SearchAction","target":{"@type":"EntryPoint","urlTemplate":"https:\/\/www.shf-hydro.org\/en\/?s={search_term_string}"},"query-input":{"@type":"PropertyValueSpecification","valueRequired":true,"valueName":"search_term_string"}}],"inLanguage":"en-US"},{"@type":"Organization","@id":"https:\/\/www.shf-hydro.org\/en\/#organization","name":"SHF - Soci\u00e9t\u00e9 Hydrotechnique de France","url":"https:\/\/www.shf-hydro.org\/en\/","logo":{"@type":"ImageObject","inLanguage":"en-US","@id":"https:\/\/www.shf-hydro.org\/en\/#\/schema\/logo\/image\/","url":"https:\/\/www.shf-hydro.org\/wp-content\/uploads\/2020\/03\/SHF-Societe_Hydrotechnique_de_France-Logo.png","contentUrl":"https:\/\/www.shf-hydro.org\/wp-content\/uploads\/2020\/03\/SHF-Societe_Hydrotechnique_de_France-Logo.png","width":1036,"height":1195,"caption":"SHF - Soci\u00e9t\u00e9 Hydrotechnique de France"},"image":{"@id":"https:\/\/www.shf-hydro.org\/en\/#\/schema\/logo\/image\/"}}]}},"jetpack_sharing_enabled":true,"_links":{"self":[{"href":"https:\/\/www.shf-hydro.org\/en\/wp-json\/wp\/v2\/pages\/4905","targetHints":{"allow":["GET"]}}],"collection":[{"href":"https:\/\/www.shf-hydro.org\/en\/wp-json\/wp\/v2\/pages"}],"about":[{"href":"https:\/\/www.shf-hydro.org\/en\/wp-json\/wp\/v2\/types\/page"}],"author":[{"embeddable":true,"href":"https:\/\/www.shf-hydro.org\/en\/wp-json\/wp\/v2\/users\/1"}],"replies":[{"embeddable":true,"href":"https:\/\/www.shf-hydro.org\/en\/wp-json\/wp\/v2\/comments?post=4905"}],"version-history":[{"count":25,"href":"https:\/\/www.shf-hydro.org\/en\/wp-json\/wp\/v2\/pages\/4905\/revisions"}],"predecessor-version":[{"id":25094,"href":"https:\/\/www.shf-hydro.org\/en\/wp-json\/wp\/v2\/pages\/4905\/revisions\/25094"}],"up":[{"embeddable":true,"href":"https:\/\/www.shf-hydro.org\/en\/wp-json\/wp\/v2\/pages\/4902"}],"wp:attachment":[{"href":"https:\/\/www.shf-hydro.org\/en\/wp-json\/wp\/v2\/media?parent=4905"}],"wp:term":[{"taxonomy":"category","embeddable":true,"href":"https:\/\/www.shf-hydro.org\/en\/wp-json\/wp\/v2\/categories?post=4905"},{"taxonomy":"post_tag","embeddable":true,"href":"https:\/\/www.shf-hydro.org\/en\/wp-json\/wp\/v2\/tags?post=4905"}],"curies":[{"name":"wp","href":"https:\/\/api.w.org\/{rel}","templated":true}]}}