{"id":4909,"date":"2020-07-17T16:28:54","date_gmt":"2020-07-17T14:28:54","guid":{"rendered":"https:\/\/www.shf-hydro.org\/the-shf\/our-team\/"},"modified":"2021-05-19T14:16:40","modified_gmt":"2021-05-19T12:16:40","slug":"our-team","status":"publish","type":"page","link":"https:\/\/www.shf-hydro.org\/en\/the-shf\/about-us\/our-team\/","title":{"rendered":"Our team"},"content":{"rendered":"\t\t<div data-elementor-type=\"wp-page\" data-elementor-id=\"4909\" class=\"elementor elementor-4909 elementor-114\" data-elementor-post-type=\"page\">\n\t\t\t\t\t\t<section class=\"elementor-section elementor-top-section elementor-element elementor-element-f81b377 elementor-section-boxed elementor-section-height-default elementor-section-height-default\" data-id=\"f81b377\" data-element_type=\"section\" data-e-type=\"section\">\n\t\t\t\t\t\t<div class=\"elementor-container elementor-column-gap-default\">\n\t\t\t\t\t<div class=\"elementor-column elementor-col-50 elementor-top-column elementor-element elementor-element-46c1f79\" data-id=\"46c1f79\" data-element_type=\"column\" data-e-type=\"column\">\n\t\t\t<div class=\"elementor-widget-wrap elementor-element-populated\">\n\t\t\t\t\t\t<section class=\"elementor-section elementor-inner-section elementor-element elementor-element-baf86aa elementor-section-boxed elementor-section-height-default elementor-section-height-default\" data-id=\"baf86aa\" data-element_type=\"section\" data-e-type=\"section\">\n\t\t\t\t\t\t<div class=\"elementor-container elementor-column-gap-default\">\n\t\t\t\t\t<div class=\"elementor-column elementor-col-25 elementor-inner-column elementor-element elementor-element-d5e45e1\" data-id=\"d5e45e1\" data-element_type=\"column\" data-e-type=\"column\">\n\t\t\t<div class=\"elementor-widget-wrap elementor-element-populated\">\n\t\t\t\t\t\t<div class=\"elementor-element elementor-element-1572366 elementor-invisible elementor-widget elementor-widget-image\" data-id=\"1572366\" data-element_type=\"widget\" data-e-type=\"widget\" data-settings=\"{&quot;motion_fx_motion_fx_mouse&quot;:&quot;yes&quot;,&quot;_animation&quot;:&quot;fadeIn&quot;}\" data-widget_type=\"image.default\">\n\t\t\t\t\t\t\t\t\t\t\t\t\t\t\t<img fetchpriority=\"high\" decoding=\"async\" width=\"433\" height=\"433\" src=\"https:\/\/www.shf-hydro.org\/wp-content\/uploads\/2020\/04\/82961314_100335478184724_6406127366195642368_n.jpg\" class=\"attachment-large size-large wp-image-379\" alt=\"\" srcset=\"https:\/\/www.shf-hydro.org\/wp-content\/uploads\/2020\/04\/82961314_100335478184724_6406127366195642368_n.jpg 433w, https:\/\/www.shf-hydro.org\/wp-content\/uploads\/2020\/04\/82961314_100335478184724_6406127366195642368_n-300x300.jpg 300w, https:\/\/www.shf-hydro.org\/wp-content\/uploads\/2020\/04\/82961314_100335478184724_6406127366195642368_n-100x100.jpg 100w, https:\/\/www.shf-hydro.org\/wp-content\/uploads\/2020\/04\/82961314_100335478184724_6406127366195642368_n-150x150.jpg 150w\" sizes=\"(max-width: 433px) 100vw, 433px\" \/>\t\t\t\t\t\t\t\t\t\t\t\t\t\t\t<\/div>\n\t\t\t\t<div class=\"elementor-element elementor-element-1a76e76 elementor-widget elementor-widget-text-editor\" data-id=\"1a76e76\" data-element_type=\"widget\" data-e-type=\"widget\" data-widget_type=\"text-editor.default\">\n\t\t\t\t\t\t\t\t\t<p>Carole PAPLOREY<\/p>\n\t\t\t\t\t\t\t\t<\/div>\n\t\t\t\t<div class=\"elementor-element elementor-element-d8c89be elementor-widget elementor-widget-text-editor\" data-id=\"d8c89be\" data-element_type=\"widget\" data-e-type=\"widget\" data-widget_type=\"text-editor.default\">\n\t\t\t\t\t\t\t\t\t<p>D\u00e9l\u00e9gu\u00e9e G\u00e9n\u00e9rale &#8211; R\u00e9dactrice en chef de La Houille Blanche<\/p>\n\t\t\t\t\t\t\t\t<\/div>\n\t\t\t\t\t<\/div>\n\t\t<\/div>\n\t\t\t\t<div class=\"elementor-column elementor-col-25 elementor-inner-column elementor-element elementor-element-4ffb3fa\" data-id=\"4ffb3fa\" data-element_type=\"column\" data-e-type=\"column\">\n\t\t\t<div class=\"elementor-widget-wrap elementor-element-populated\">\n\t\t\t\t\t\t<div class=\"elementor-element elementor-element-8932a4f elementor-invisible elementor-widget elementor-widget-image\" data-id=\"8932a4f\" data-element_type=\"widget\" data-e-type=\"widget\" data-settings=\"{&quot;_animation&quot;:&quot;fadeIn&quot;}\" data-widget_type=\"image.default\">\n\t\t\t\t\t\t\t\t\t\t\t\t\t\t\t<img decoding=\"async\" width=\"400\" height=\"400\" src=\"https:\/\/www.shf-hydro.org\/wp-content\/uploads\/2020\/04\/Neda_SHEIBANI-1.jpg\" class=\"attachment-large size-large wp-image-1096\" alt=\"\" srcset=\"https:\/\/www.shf-hydro.org\/wp-content\/uploads\/2020\/04\/Neda_SHEIBANI-1.jpg 400w, https:\/\/www.shf-hydro.org\/wp-content\/uploads\/2020\/04\/Neda_SHEIBANI-1-300x300.jpg 300w, https:\/\/www.shf-hydro.org\/wp-content\/uploads\/2020\/04\/Neda_SHEIBANI-1-100x100.jpg 100w, https:\/\/www.shf-hydro.org\/wp-content\/uploads\/2020\/04\/Neda_SHEIBANI-1-150x150.jpg 150w\" sizes=\"(max-width: 400px) 100vw, 400px\" \/>\t\t\t\t\t\t\t\t\t\t\t\t\t\t\t<\/div>\n\t\t\t\t<div class=\"elementor-element elementor-element-bc9e8ef elementor-widget elementor-widget-text-editor\" data-id=\"bc9e8ef\" data-element_type=\"widget\" data-e-type=\"widget\" data-widget_type=\"text-editor.default\">\n\t\t\t\t\t\t\t\t\t<p>Neda SHEIBANI<\/p>\n\t\t\t\t\t\t\t\t<\/div>\n\t\t\t\t<div class=\"elementor-element elementor-element-cd9435f elementor-widget elementor-widget-text-editor\" data-id=\"cd9435f\" data-element_type=\"widget\" data-e-type=\"widget\" data-widget_type=\"text-editor.default\">\n\t\t\t\t\t\t\t\t\t<p>Responsable \u00e9v\u00e9nements<\/p>\n\t\t\t\t\t\t\t\t<\/div>\n\t\t\t\t\t<\/div>\n\t\t<\/div>\n\t\t\t\t<div class=\"elementor-column elementor-col-25 elementor-inner-column elementor-element elementor-element-f032333\" data-id=\"f032333\" data-element_type=\"column\" data-e-type=\"column\">\n\t\t\t<div class=\"elementor-widget-wrap elementor-element-populated\">\n\t\t\t\t\t\t<div class=\"elementor-element elementor-element-b546a43 elementor-invisible elementor-widget elementor-widget-image\" data-id=\"b546a43\" data-element_type=\"widget\" data-e-type=\"widget\" data-settings=\"{&quot;_animation&quot;:&quot;fadeIn&quot;}\" data-widget_type=\"image.default\">\n\t\t\t\t\t\t\t\t\t\t\t\t\t\t\t<img decoding=\"async\" src=\"https:\/\/www.shf-hydro.org\/wp-content\/uploads\/2021\/01\/Photo-didentite\u0301-copie-1.jpg\" title=\"\" alt=\"\" loading=\"lazy\" \/>\t\t\t\t\t\t\t\t\t\t\t\t\t\t\t<\/div>\n\t\t\t\t<div class=\"elementor-element elementor-element-2c7b56e elementor-widget elementor-widget-text-editor\" data-id=\"2c7b56e\" data-element_type=\"widget\" data-e-type=\"widget\" data-widget_type=\"text-editor.default\">\n\t\t\t\t\t\t\t\t\t<p>Neda SHEIBANI<\/p>\n\t\t\t\t\t\t\t\t<\/div>\n\t\t\t\t<div class=\"elementor-element elementor-element-ca1dfea elementor-widget elementor-widget-text-editor\" data-id=\"ca1dfea\" data-element_type=\"widget\" data-e-type=\"widget\" data-widget_type=\"text-editor.default\">\n\t\t\t\t\t\t\t\t\t<p>Responsable \u00e9v\u00e9nements &#8211; Gestion des abonnements La Houille Blanche<\/p>\n\t\t\t\t\t\t\t\t<\/div>\n\t\t\t\t\t<\/div>\n\t\t<\/div>\n\t\t\t\t<div class=\"elementor-column elementor-col-25 elementor-inner-column elementor-element elementor-element-a91be49\" data-id=\"a91be49\" data-element_type=\"column\" data-e-type=\"column\">\n\t\t\t<div class=\"elementor-widget-wrap elementor-element-populated\">\n\t\t\t\t\t\t<div class=\"elementor-element elementor-element-327819a elementor-invisible elementor-widget elementor-widget-image\" data-id=\"327819a\" data-element_type=\"widget\" data-e-type=\"widget\" data-settings=\"{&quot;_animation&quot;:&quot;fadeIn&quot;}\" data-widget_type=\"image.default\">\n\t\t\t\t\t\t\t\t\t\t\t\t\t\t\t<img decoding=\"async\" width=\"500\" height=\"500\" src=\"https:\/\/www.shf-hydro.org\/wp-content\/uploads\/2020\/04\/MIA-ROZENBAUM-PROFIL-2.jpg\" class=\"attachment-large size-large wp-image-1262\" alt=\"\" srcset=\"https:\/\/www.shf-hydro.org\/wp-content\/uploads\/2020\/04\/MIA-ROZENBAUM-PROFIL-2.jpg 500w, https:\/\/www.shf-hydro.org\/wp-content\/uploads\/2020\/04\/MIA-ROZENBAUM-PROFIL-2-300x300.jpg 300w, https:\/\/www.shf-hydro.org\/wp-content\/uploads\/2020\/04\/MIA-ROZENBAUM-PROFIL-2-100x100.jpg 100w, https:\/\/www.shf-hydro.org\/wp-content\/uploads\/2020\/04\/MIA-ROZENBAUM-PROFIL-2-150x150.jpg 150w\" sizes=\"(max-width: 500px) 100vw, 500px\" \/>\t\t\t\t\t\t\t\t\t\t\t\t\t\t\t<\/div>\n\t\t\t\t<div class=\"elementor-element elementor-element-d180109 elementor-widget elementor-widget-text-editor\" data-id=\"d180109\" data-element_type=\"widget\" data-e-type=\"widget\" data-widget_type=\"text-editor.default\">\n\t\t\t\t\t\t\t\t\t<p>Mia ROZENBAUM<\/p>\n\t\t\t\t\t\t\t\t<\/div>\n\t\t\t\t<div class=\"elementor-element elementor-element-30f751a elementor-widget elementor-widget-text-editor\" data-id=\"30f751a\" data-element_type=\"widget\" data-e-type=\"widget\" data-widget_type=\"text-editor.default\">\n\t\t\t\t\t\t\t\t\t<p>Charg\u00e9e de mission<\/p>\n\t\t\t\t\t\t\t\t<\/div>\n\t\t\t\t\t<\/div>\n\t\t<\/div>\n\t\t\t\t\t<\/div>\n\t\t<\/section>\n\t\t\t\t\t<\/div>\n\t\t<\/div>\n\t\t\t\t<div class=\"elementor-column elementor-col-50 elementor-top-column elementor-element elementor-element-200dd32\" data-id=\"200dd32\" data-element_type=\"column\" data-e-type=\"column\">\n\t\t\t<div class=\"elementor-widget-wrap elementor-element-populated\">\n\t\t\t\t\t\t<section class=\"elementor-section elementor-inner-section elementor-element elementor-element-0377d60 elementor-section-boxed elementor-section-height-default elementor-section-height-default\" data-id=\"0377d60\" data-element_type=\"section\" data-e-type=\"section\">\n\t\t\t\t\t\t<div class=\"elementor-container elementor-column-gap-default\">\n\t\t\t\t\t<div class=\"elementor-column elementor-col-100 elementor-inner-column elementor-element elementor-element-757ceef\" data-id=\"757ceef\" data-element_type=\"column\" data-e-type=\"column\" data-settings=\"{&quot;background_background&quot;:&quot;classic&quot;}\">\n\t\t\t<div class=\"elementor-widget-wrap elementor-element-populated\">\n\t\t\t\t\t\t<div class=\"elementor-element elementor-element-76fd7e0 elementor-widget elementor-widget-image\" data-id=\"76fd7e0\" data-element_type=\"widget\" data-e-type=\"widget\" data-widget_type=\"image.default\">\n\t\t\t\t\t\t\t\t\t\t\t\t\t\t\t<img loading=\"lazy\" decoding=\"async\" width=\"386\" height=\"323\" src=\"https:\/\/www.shf-hydro.org\/wp-content\/uploads\/2020\/04\/noun_chat_1421574-1-1.png\" class=\"attachment-large size-large wp-image-423\" alt=\"\" srcset=\"https:\/\/www.shf-hydro.org\/wp-content\/uploads\/2020\/04\/noun_chat_1421574-1-1.png 386w, https:\/\/www.shf-hydro.org\/wp-content\/uploads\/2020\/04\/noun_chat_1421574-1-1-300x251.png 300w\" sizes=\"(max-width: 386px) 100vw, 386px\" \/>\t\t\t\t\t\t\t\t\t\t\t\t\t\t\t<\/div>\n\t\t\t\t<div class=\"elementor-element elementor-element-0c8bfa1 elementor-widget elementor-widget-text-editor\" data-id=\"0c8bfa1\" data-element_type=\"widget\" data-e-type=\"widget\" data-widget_type=\"text-editor.default\">\n\t\t\t\t\t\t\t\t\t<p>A QUESTION ?<br \/>\nA COMMENT ?<\/p>\n\t\t\t\t\t\t\t\t<\/div>\n\t\t\t\t<div class=\"elementor-element elementor-element-d5d5d95 elementor-widget elementor-widget-text-editor\" data-id=\"d5d5d95\" data-element_type=\"widget\" data-e-type=\"widget\" data-widget_type=\"text-editor.default\">\n\t\t\t\t\t\t\t\t\t<p>Do not hesitate to ask us your questions or send us your comments, photos or documents via our contact form.<\/p>\n\t\t\t\t\t\t\t\t<\/div>\n\t\t\t\t<div class=\"elementor-element elementor-element-64e6497 elementor-button-info elementor-align-center elementor-widget elementor-widget-button\" data-id=\"64e6497\" data-element_type=\"widget\" data-e-type=\"widget\" data-widget_type=\"button.default\">\n\t\t\t\t\t\t\t\t\t\t<a class=\"elementor-button elementor-button-link elementor-size-sm\" href=\"https:\/\/www.shf-hydro.org\/en\/?page_id=5028\">\n\t\t\t\t\t\t<span class=\"elementor-button-content-wrapper\">\n\t\t\t\t\t\t\t\t\t<span class=\"elementor-button-text\">CONTACT-US<\/span>\n\t\t\t\t\t<\/span>\n\t\t\t\t\t<\/a>\n\t\t\t\t\t\t\t\t<\/div>\n\t\t\t\t\t<\/div>\n\t\t<\/div>\n\t\t\t\t\t<\/div>\n\t\t<\/section>\n\t\t\t\t\t<\/div>\n\t\t<\/div>\n\t\t\t\t\t<\/div>\n\t\t<\/section>\n\t\t\t\t<\/div>\n\t\t","protected":false},"excerpt":{"rendered":"<p>Carole PAPLOREY D\u00e9l\u00e9gu\u00e9e G\u00e9n\u00e9rale &#8211; R\u00e9dactrice en chef de La Houille Blanche Neda SHEIBANI Responsable \u00e9v\u00e9nements Neda SHEIBANI Responsable \u00e9v\u00e9nements &#8211; Gestion des abonnements La Houille Blanche Mia ROZENBAUM Charg\u00e9e de mission A QUESTION ? A COMMENT ? Do not hesitate to ask us your questions or send us your comments, photos or documents via [&hellip;]<\/p>\n","protected":false},"author":1,"featured_media":0,"parent":4836,"menu_order":50,"comment_status":"closed","ping_status":"closed","template":"","meta":{"_acf_changed":false,"footnotes":"","_links_to":"","_links_to_target":""},"categories":[],"tags":[],"class_list":["post-4909","page","type-page","status-publish","hentry"],"acf":[],"yoast_head":"<!-- This site is optimized with the Yoast SEO plugin v27.2 - https:\/\/yoast.com\/product\/yoast-seo-wordpress\/ -->\n<title>Our team - SHF - Soci\u00e9t\u00e9 Hydrotechnique de France<\/title>\n<meta name=\"robots\" content=\"index, follow, max-snippet:-1, max-image-preview:large, max-video-preview:-1\" \/>\n<link rel=\"canonical\" href=\"https:\/\/www.shf-hydro.org\/en\/the-shf\/about-us\/our-team\/\" \/>\n<meta property=\"og:locale\" content=\"en_US\" \/>\n<meta property=\"og:type\" content=\"article\" \/>\n<meta property=\"og:title\" content=\"Our team - SHF - Soci\u00e9t\u00e9 Hydrotechnique de France\" \/>\n<meta property=\"og:description\" content=\"Carole PAPLOREY D\u00e9l\u00e9gu\u00e9e G\u00e9n\u00e9rale &#8211; R\u00e9dactrice en chef de La Houille Blanche Neda SHEIBANI Responsable \u00e9v\u00e9nements Neda SHEIBANI Responsable \u00e9v\u00e9nements &#8211; Gestion des abonnements La Houille Blanche Mia ROZENBAUM Charg\u00e9e de mission A QUESTION ? A COMMENT ? Do not hesitate to ask us your questions or send us your comments, photos or documents via [&hellip;]\" \/>\n<meta property=\"og:url\" content=\"https:\/\/www.shf-hydro.org\/en\/the-shf\/about-us\/our-team\/\" \/>\n<meta property=\"og:site_name\" content=\"SHF - Soci\u00e9t\u00e9 Hydrotechnique de France\" \/>\n<meta property=\"article:modified_time\" content=\"2021-05-19T12:16:40+00:00\" \/>\n<meta property=\"og:image\" content=\"https:\/\/www.shf-hydro.org\/wp-content\/uploads\/2020\/04\/Carole_PAPLOREY.jpg\" \/>\n<meta name=\"twitter:card\" content=\"summary_large_image\" \/>\n<script type=\"application\/ld+json\" class=\"yoast-schema-graph\">{\"@context\":\"https:\/\/schema.org\",\"@graph\":[{\"@type\":\"WebPage\",\"@id\":\"https:\/\/www.shf-hydro.org\/en\/the-shf\/about-us\/our-team\/\",\"url\":\"https:\/\/www.shf-hydro.org\/en\/the-shf\/about-us\/our-team\/\",\"name\":\"Our team - SHF - Soci\u00e9t\u00e9 Hydrotechnique de France\",\"isPartOf\":{\"@id\":\"https:\/\/www.shf-hydro.org\/en\/#website\"},\"primaryImageOfPage\":{\"@id\":\"https:\/\/www.shf-hydro.org\/en\/the-shf\/about-us\/our-team\/#primaryimage\"},\"image\":{\"@id\":\"https:\/\/www.shf-hydro.org\/en\/the-shf\/about-us\/our-team\/#primaryimage\"},\"thumbnailUrl\":\"https:\/\/www.shf-hydro.org\/wp-content\/uploads\/2020\/04\/Carole_PAPLOREY.jpg\",\"datePublished\":\"2020-07-17T14:28:54+00:00\",\"dateModified\":\"2021-05-19T12:16:40+00:00\",\"breadcrumb\":{\"@id\":\"https:\/\/www.shf-hydro.org\/en\/the-shf\/about-us\/our-team\/#breadcrumb\"},\"inLanguage\":\"en-US\",\"potentialAction\":[{\"@type\":\"ReadAction\",\"target\":[\"https:\/\/www.shf-hydro.org\/en\/the-shf\/about-us\/our-team\/\"]}]},{\"@type\":\"ImageObject\",\"inLanguage\":\"en-US\",\"@id\":\"https:\/\/www.shf-hydro.org\/en\/the-shf\/about-us\/our-team\/#primaryimage\",\"url\":\"https:\/\/www.shf-hydro.org\/wp-content\/uploads\/2020\/04\/Carole_PAPLOREY.jpg\",\"contentUrl\":\"https:\/\/www.shf-hydro.org\/wp-content\/uploads\/2020\/04\/Carole_PAPLOREY.jpg\"},{\"@type\":\"BreadcrumbList\",\"@id\":\"https:\/\/www.shf-hydro.org\/en\/the-shf\/about-us\/our-team\/#breadcrumb\",\"itemListElement\":[{\"@type\":\"ListItem\",\"position\":1,\"name\":\"Home\",\"item\":\"https:\/\/www.shf-hydro.org\/en\/\"},{\"@type\":\"ListItem\",\"position\":2,\"name\":\"The SHF\",\"item\":\"\/en\/chairmans-message\/\"},{\"@type\":\"ListItem\",\"position\":3,\"name\":\"About Us\",\"item\":\"\/la-shf\/qui-sommes-nous\/mission\/\"},{\"@type\":\"ListItem\",\"position\":4,\"name\":\"Our team\"}]},{\"@type\":\"WebSite\",\"@id\":\"https:\/\/www.shf-hydro.org\/en\/#website\",\"url\":\"https:\/\/www.shf-hydro.org\/en\/\",\"name\":\"SHF - Soci\u00e9t\u00e9 Hydrotechnique de France\",\"description\":\"La science au service de l&#039;eau\",\"publisher\":{\"@id\":\"https:\/\/www.shf-hydro.org\/en\/#organization\"},\"potentialAction\":[{\"@type\":\"SearchAction\",\"target\":{\"@type\":\"EntryPoint\",\"urlTemplate\":\"https:\/\/www.shf-hydro.org\/en\/?s={search_term_string}\"},\"query-input\":{\"@type\":\"PropertyValueSpecification\",\"valueRequired\":true,\"valueName\":\"search_term_string\"}}],\"inLanguage\":\"en-US\"},{\"@type\":\"Organization\",\"@id\":\"https:\/\/www.shf-hydro.org\/en\/#organization\",\"name\":\"SHF - Soci\u00e9t\u00e9 Hydrotechnique de France\",\"url\":\"https:\/\/www.shf-hydro.org\/en\/\",\"logo\":{\"@type\":\"ImageObject\",\"inLanguage\":\"en-US\",\"@id\":\"https:\/\/www.shf-hydro.org\/en\/#\/schema\/logo\/image\/\",\"url\":\"https:\/\/www.shf-hydro.org\/wp-content\/uploads\/2020\/03\/SHF-Societe_Hydrotechnique_de_France-Logo.png\",\"contentUrl\":\"https:\/\/www.shf-hydro.org\/wp-content\/uploads\/2020\/03\/SHF-Societe_Hydrotechnique_de_France-Logo.png\",\"width\":1036,\"height\":1195,\"caption\":\"SHF - Soci\u00e9t\u00e9 Hydrotechnique de France\"},\"image\":{\"@id\":\"https:\/\/www.shf-hydro.org\/en\/#\/schema\/logo\/image\/\"}}]}<\/script>\n<!-- \/ Yoast SEO plugin. -->","yoast_head_json":{"title":"Our team - SHF - Soci\u00e9t\u00e9 Hydrotechnique de France","robots":{"index":"index","follow":"follow","max-snippet":"max-snippet:-1","max-image-preview":"max-image-preview:large","max-video-preview":"max-video-preview:-1"},"canonical":"https:\/\/www.shf-hydro.org\/en\/the-shf\/about-us\/our-team\/","og_locale":"en_US","og_type":"article","og_title":"Our team - SHF - Soci\u00e9t\u00e9 Hydrotechnique de France","og_description":"Carole PAPLOREY D\u00e9l\u00e9gu\u00e9e G\u00e9n\u00e9rale &#8211; R\u00e9dactrice en chef de La Houille Blanche Neda SHEIBANI Responsable \u00e9v\u00e9nements Neda SHEIBANI Responsable \u00e9v\u00e9nements &#8211; Gestion des abonnements La Houille Blanche Mia ROZENBAUM Charg\u00e9e de mission A QUESTION ? A COMMENT ? Do not hesitate to ask us your questions or send us your comments, photos or documents via [&hellip;]","og_url":"https:\/\/www.shf-hydro.org\/en\/the-shf\/about-us\/our-team\/","og_site_name":"SHF - Soci\u00e9t\u00e9 Hydrotechnique de France","article_modified_time":"2021-05-19T12:16:40+00:00","og_image":[{"url":"https:\/\/www.shf-hydro.org\/wp-content\/uploads\/2020\/04\/Carole_PAPLOREY.jpg","type":"","width":"","height":""}],"twitter_card":"summary_large_image","schema":{"@context":"https:\/\/schema.org","@graph":[{"@type":"WebPage","@id":"https:\/\/www.shf-hydro.org\/en\/the-shf\/about-us\/our-team\/","url":"https:\/\/www.shf-hydro.org\/en\/the-shf\/about-us\/our-team\/","name":"Our team - SHF - Soci\u00e9t\u00e9 Hydrotechnique de France","isPartOf":{"@id":"https:\/\/www.shf-hydro.org\/en\/#website"},"primaryImageOfPage":{"@id":"https:\/\/www.shf-hydro.org\/en\/the-shf\/about-us\/our-team\/#primaryimage"},"image":{"@id":"https:\/\/www.shf-hydro.org\/en\/the-shf\/about-us\/our-team\/#primaryimage"},"thumbnailUrl":"https:\/\/www.shf-hydro.org\/wp-content\/uploads\/2020\/04\/Carole_PAPLOREY.jpg","datePublished":"2020-07-17T14:28:54+00:00","dateModified":"2021-05-19T12:16:40+00:00","breadcrumb":{"@id":"https:\/\/www.shf-hydro.org\/en\/the-shf\/about-us\/our-team\/#breadcrumb"},"inLanguage":"en-US","potentialAction":[{"@type":"ReadAction","target":["https:\/\/www.shf-hydro.org\/en\/the-shf\/about-us\/our-team\/"]}]},{"@type":"ImageObject","inLanguage":"en-US","@id":"https:\/\/www.shf-hydro.org\/en\/the-shf\/about-us\/our-team\/#primaryimage","url":"https:\/\/www.shf-hydro.org\/wp-content\/uploads\/2020\/04\/Carole_PAPLOREY.jpg","contentUrl":"https:\/\/www.shf-hydro.org\/wp-content\/uploads\/2020\/04\/Carole_PAPLOREY.jpg"},{"@type":"BreadcrumbList","@id":"https:\/\/www.shf-hydro.org\/en\/the-shf\/about-us\/our-team\/#breadcrumb","itemListElement":[{"@type":"ListItem","position":1,"name":"Home","item":"https:\/\/www.shf-hydro.org\/en\/"},{"@type":"ListItem","position":2,"name":"The SHF","item":"\/en\/chairmans-message\/"},{"@type":"ListItem","position":3,"name":"About Us","item":"\/la-shf\/qui-sommes-nous\/mission\/"},{"@type":"ListItem","position":4,"name":"Our team"}]},{"@type":"WebSite","@id":"https:\/\/www.shf-hydro.org\/en\/#website","url":"https:\/\/www.shf-hydro.org\/en\/","name":"SHF - Soci\u00e9t\u00e9 Hydrotechnique de France","description":"La science au service de l&#039;eau","publisher":{"@id":"https:\/\/www.shf-hydro.org\/en\/#organization"},"potentialAction":[{"@type":"SearchAction","target":{"@type":"EntryPoint","urlTemplate":"https:\/\/www.shf-hydro.org\/en\/?s={search_term_string}"},"query-input":{"@type":"PropertyValueSpecification","valueRequired":true,"valueName":"search_term_string"}}],"inLanguage":"en-US"},{"@type":"Organization","@id":"https:\/\/www.shf-hydro.org\/en\/#organization","name":"SHF - Soci\u00e9t\u00e9 Hydrotechnique de France","url":"https:\/\/www.shf-hydro.org\/en\/","logo":{"@type":"ImageObject","inLanguage":"en-US","@id":"https:\/\/www.shf-hydro.org\/en\/#\/schema\/logo\/image\/","url":"https:\/\/www.shf-hydro.org\/wp-content\/uploads\/2020\/03\/SHF-Societe_Hydrotechnique_de_France-Logo.png","contentUrl":"https:\/\/www.shf-hydro.org\/wp-content\/uploads\/2020\/03\/SHF-Societe_Hydrotechnique_de_France-Logo.png","width":1036,"height":1195,"caption":"SHF - Soci\u00e9t\u00e9 Hydrotechnique de France"},"image":{"@id":"https:\/\/www.shf-hydro.org\/en\/#\/schema\/logo\/image\/"}}]}},"jetpack_sharing_enabled":true,"_links":{"self":[{"href":"https:\/\/www.shf-hydro.org\/en\/wp-json\/wp\/v2\/pages\/4909","targetHints":{"allow":["GET"]}}],"collection":[{"href":"https:\/\/www.shf-hydro.org\/en\/wp-json\/wp\/v2\/pages"}],"about":[{"href":"https:\/\/www.shf-hydro.org\/en\/wp-json\/wp\/v2\/types\/page"}],"author":[{"embeddable":true,"href":"https:\/\/www.shf-hydro.org\/en\/wp-json\/wp\/v2\/users\/1"}],"replies":[{"embeddable":true,"href":"https:\/\/www.shf-hydro.org\/en\/wp-json\/wp\/v2\/comments?post=4909"}],"version-history":[{"count":2,"href":"https:\/\/www.shf-hydro.org\/en\/wp-json\/wp\/v2\/pages\/4909\/revisions"}],"predecessor-version":[{"id":9132,"href":"https:\/\/www.shf-hydro.org\/en\/wp-json\/wp\/v2\/pages\/4909\/revisions\/9132"}],"up":[{"embeddable":true,"href":"https:\/\/www.shf-hydro.org\/en\/wp-json\/wp\/v2\/pages\/4836"}],"wp:attachment":[{"href":"https:\/\/www.shf-hydro.org\/en\/wp-json\/wp\/v2\/media?parent=4909"}],"wp:term":[{"taxonomy":"category","embeddable":true,"href":"https:\/\/www.shf-hydro.org\/en\/wp-json\/wp\/v2\/categories?post=4909"},{"taxonomy":"post_tag","embeddable":true,"href":"https:\/\/www.shf-hydro.org\/en\/wp-json\/wp\/v2\/tags?post=4909"}],"curies":[{"name":"wp","href":"https:\/\/api.w.org\/{rel}","templated":true}]}}