{"id":4923,"date":"2020-07-17T16:41:27","date_gmt":"2020-07-17T14:41:27","guid":{"rendered":"https:\/\/www.shf-hydro.org\/themes-issues\/hydrosystems-and-water-resources\/hydrometry\/"},"modified":"2025-02-03T12:34:32","modified_gmt":"2025-02-03T11:34:32","slug":"hydrometry","status":"publish","type":"page","link":"https:\/\/www.shf-hydro.org\/en\/themes-issues\/hydrosystems-and-water-resources\/hydrometry\/","title":{"rendered":"Hydrometry"},"content":{"rendered":"\t\t<div data-elementor-type=\"wp-page\" data-elementor-id=\"4923\" class=\"elementor elementor-4923 elementor-667\" data-elementor-post-type=\"page\">\n\t\t\t\t\t\t<section class=\"elementor-section elementor-top-section elementor-element elementor-element-42e4dd72 elementor-section-boxed elementor-section-height-default elementor-section-height-default\" data-id=\"42e4dd72\" data-element_type=\"section\" data-e-type=\"section\">\n\t\t\t\t\t\t<div class=\"elementor-container elementor-column-gap-default\">\n\t\t\t\t\t<div class=\"elementor-column elementor-col-66 elementor-top-column elementor-element elementor-element-42a8eb5c\" data-id=\"42a8eb5c\" data-element_type=\"column\" data-e-type=\"column\">\n\t\t\t<div class=\"elementor-widget-wrap elementor-element-populated\">\n\t\t\t\t\t\t<div class=\"elementor-element elementor-element-791f7eaf elementor-widget elementor-widget-heading\" data-id=\"791f7eaf\" data-element_type=\"widget\" data-e-type=\"widget\" data-widget_type=\"heading.default\">\n\t\t\t\t\t<h2 class=\"elementor-heading-title elementor-size-default\">Presentation<\/h2>\t\t\t\t<\/div>\n\t\t\t\t<div class=\"elementor-element elementor-element-dfc1523 elementor-widget-divider--view-line elementor-widget elementor-widget-divider\" data-id=\"dfc1523\" data-element_type=\"widget\" data-e-type=\"widget\" data-widget_type=\"divider.default\">\n\t\t\t\t\t\t\t<div class=\"elementor-divider\">\n\t\t\t<span class=\"elementor-divider-separator\">\n\t\t\t\t\t\t<\/span>\n\t\t<\/div>\n\t\t\t\t\t\t<\/div>\n\t\t\t\t<div class=\"elementor-element elementor-element-2aa61e41 elementor-widget elementor-widget-text-editor\" data-id=\"2aa61e41\" data-element_type=\"widget\" data-e-type=\"widget\" data-widget_type=\"text-editor.default\">\n\t\t\t\t\t\t\t\t\t<p>Hydrometry here refers to the sciences and techniques used to measure the level and flow of watercourses, whether natural or artificial, surface or underground. These measurements are fundamental to the hydrological sciences and to the management of water resources and natural hazards.<\/p><p>Since 2005, the French and French-speaking hydrometric community has gradually organized itself around the \u201cGroupe Doppler\u201d, an informal working group created spontaneously to consolidate knowledge of acoustic Doppler current profilers (ADCP), which have revolutionized hydrometric practices since the 1990s. In 2014, the Groupe Doppler extended its scope to include all hydrometric technologies, both conventional and innovative, and the analysis of associated uncertainties, and took the name \u201cGroupe Doppler Hydrom\u00e9trie\u201d.<\/p><p>It brings together an active community of French operational and academic hydrometers (CNR, EDF, IRD, Irstea &#8211; ex-INRAE, DREAL\/SPC\/Schapi&#8230;) and French-speaking foreigners (HydroQu\u00e9bec, Environment Canada, OFEV, etc.). The group&#8217;s activities have produced tangible results, such as the ADCP guide (2008), the re-edition of the Charte qualit\u00e9 de l&#8217;Hydrom\u00e9trie (2017), intercomparisons of ADCP gauges (2009, 2010, 2011, 2012, 2016), and intercomparisons of gauges using pole-mounted or truck-mounted current meters, the IFORE ADCP in-depth course, reactivation of the AFNOR X10C Hydrometry national standardization commission (2014), as well as many technical exchanges (velocimetric radars, transit time ultrasonic stations, etc.) in the form of forums. ) in the form of forums.<\/p><p>In 2017, Groupe Doppler Hydrom\u00e9trie joins forces with SHF. This rapprochement is the culmination of a fruitful collaboration to organize the various editions of the SHF Hydrom\u00e9trie symposium in March 2008, May 2013 and March 2017. The next edition will take place on November 23 and 24, 2021 at the Ecole SupAgro in Montpellier.<\/p><p>See the\u00a0<span style=\"color: #1488c7;\"><a style=\"color: #1488c7;\" href=\"https:\/\/gdh-hydrometrie.org\/\" target=\"_blank\" rel=\"noopener\">Doppler Hydrometry Group website<\/a><\/span><\/p>\t\t\t\t\t\t\t\t<\/div>\n\t\t\t\t<div class=\"elementor-element elementor-element-6307fb83 elementor-widget elementor-widget-heading\" data-id=\"6307fb83\" data-element_type=\"widget\" data-e-type=\"widget\" data-widget_type=\"heading.default\">\n\t\t\t\t\t<h2 class=\"elementor-heading-title elementor-size-default\">Archives<\/h2>\t\t\t\t<\/div>\n\t\t\t\t<div class=\"elementor-element elementor-element-7c763483 elementor-widget-divider--view-line elementor-widget elementor-widget-divider\" data-id=\"7c763483\" data-element_type=\"widget\" data-e-type=\"widget\" data-widget_type=\"divider.default\">\n\t\t\t\t\t\t\t<div class=\"elementor-divider\">\n\t\t\t<span class=\"elementor-divider-separator\">\n\t\t\t\t\t\t<\/span>\n\t\t<\/div>\n\t\t\t\t\t\t<\/div>\n\t\t\t\t<div class=\"elementor-element elementor-element-50ce164e elementor-widget elementor-widget-text-editor\" data-id=\"50ce164e\" data-element_type=\"widget\" data-e-type=\"widget\" data-widget_type=\"text-editor.default\">\n\t\t\t\t\t\t\t\t\t<p>La mesure au Moulinet (1936), by R. Bourgeat :<\/p>\n<ul>\n<li><span style=\"background-color: transparent;\">Reel calibration at the Beauvert laboratory (published in RGH)<\/span><\/li>\n<li><span style=\"background-color: transparent;\">Experimental research into the calibration of reels in still water (summary published in RGH)<\/span><\/li>\n<li>Les recherches exp\u00e9rimentales sur l&#8217;\u00e9talonnage en eau calme des appareils de mesure hydrom\u00e9triques, November 1936 (unpublished)<\/li>\n<\/ul>\t\t\t\t\t\t\t\t<\/div>\n\t\t\t\t\t<\/div>\n\t\t<\/div>\n\t\t\t\t<div class=\"elementor-column elementor-col-33 elementor-top-column elementor-element elementor-element-4a2af876\" data-id=\"4a2af876\" data-element_type=\"column\" data-e-type=\"column\">\n\t\t\t<div class=\"elementor-widget-wrap elementor-element-populated\">\n\t\t\t\t\t\t<section class=\"elementor-section elementor-inner-section elementor-element elementor-element-1ea13672 elementor-section-boxed elementor-section-height-default elementor-section-height-default\" data-id=\"1ea13672\" data-element_type=\"section\" data-e-type=\"section\" data-settings=\"{&quot;background_background&quot;:&quot;classic&quot;}\">\n\t\t\t\t\t\t<div class=\"elementor-container elementor-column-gap-default\">\n\t\t\t\t\t<div class=\"elementor-column elementor-col-100 elementor-inner-column elementor-element elementor-element-32e8c728\" data-id=\"32e8c728\" data-element_type=\"column\" data-e-type=\"column\">\n\t\t\t<div class=\"elementor-widget-wrap elementor-element-populated\">\n\t\t\t\t\t\t<div class=\"elementor-element elementor-element-1edbf238 elementor-widget elementor-widget-text-editor\" data-id=\"1edbf238\" data-element_type=\"widget\" data-e-type=\"widget\" data-widget_type=\"text-editor.default\">\n\t\t\t\t\t\t\t\t\t<p>CO-ANIMATORS<\/p>\n\t\t\t\t\t\t\t\t<\/div>\n\t\t\t\t<div class=\"elementor-element elementor-element-1e2c73a6 elementor-icon-list--layout-traditional elementor-list-item-link-full_width elementor-widget elementor-widget-icon-list\" data-id=\"1e2c73a6\" data-element_type=\"widget\" data-e-type=\"widget\" data-widget_type=\"icon-list.default\">\n\t\t\t\t\t\t\t<ul class=\"elementor-icon-list-items\">\n\t\t\t\t\t\t\t<li class=\"elementor-icon-list-item\">\n\t\t\t\t\t\t\t\t\t\t\t<span class=\"elementor-icon-list-icon\">\n\t\t\t\t\t\t\t<i aria-hidden=\"true\" class=\"fas fa-arrow-circle-right\"><\/i>\t\t\t\t\t\t<\/span>\n\t\t\t\t\t\t\t\t\t\t<span class=\"elementor-icon-list-text\">J\u00e9r\u00f4me Le Coz (INRAE)<\/span>\n\t\t\t\t\t\t\t\t\t<\/li>\n\t\t\t\t\t\t\t\t<li class=\"elementor-icon-list-item\">\n\t\t\t\t\t\t\t\t\t\t\t<span class=\"elementor-icon-list-icon\">\n\t\t\t\t\t\t\t<i aria-hidden=\"true\" class=\"fas fa-arrow-circle-right\"><\/i>\t\t\t\t\t\t<\/span>\n\t\t\t\t\t\t\t\t\t\t<span class=\"elementor-icon-list-text\">Les animateurs du Groupe Doppler.<\/span>\n\t\t\t\t\t\t\t\t\t<\/li>\n\t\t\t\t\t\t<\/ul>\n\t\t\t\t\t\t<\/div>\n\t\t\t\t\t<\/div>\n\t\t<\/div>\n\t\t\t\t\t<\/div>\n\t\t<\/section>\n\t\t\t\t<section class=\"elementor-section elementor-inner-section elementor-element elementor-element-5e59a10d elementor-section-boxed elementor-section-height-default elementor-section-height-default\" data-id=\"5e59a10d\" data-element_type=\"section\" data-e-type=\"section\">\n\t\t\t\t\t\t<div class=\"elementor-container elementor-column-gap-default\">\n\t\t\t\t\t<div class=\"elementor-column elementor-col-100 elementor-inner-column elementor-element elementor-element-23326127\" data-id=\"23326127\" data-element_type=\"column\" data-e-type=\"column\" data-settings=\"{&quot;background_background&quot;:&quot;classic&quot;}\">\n\t\t\t<div class=\"elementor-widget-wrap elementor-element-populated\">\n\t\t\t\t\t\t<div class=\"elementor-element elementor-element-1ade1d0b elementor-widget elementor-widget-image\" data-id=\"1ade1d0b\" data-element_type=\"widget\" data-e-type=\"widget\" data-widget_type=\"image.default\">\n\t\t\t\t\t\t\t\t\t\t\t\t\t\t\t<img fetchpriority=\"high\" decoding=\"async\" width=\"386\" height=\"323\" src=\"https:\/\/www.shf-hydro.org\/wp-content\/uploads\/2020\/04\/noun_chat_1421574-1-1.png\" class=\"attachment-large size-large wp-image-423\" alt=\"\" srcset=\"https:\/\/www.shf-hydro.org\/wp-content\/uploads\/2020\/04\/noun_chat_1421574-1-1.png 386w, https:\/\/www.shf-hydro.org\/wp-content\/uploads\/2020\/04\/noun_chat_1421574-1-1-300x251.png 300w\" sizes=\"(max-width: 386px) 100vw, 386px\" \/>\t\t\t\t\t\t\t\t\t\t\t\t\t\t\t<\/div>\n\t\t\t\t<div class=\"elementor-element elementor-element-266c55f3 elementor-widget elementor-widget-text-editor\" data-id=\"266c55f3\" data-element_type=\"widget\" data-e-type=\"widget\" data-widget_type=\"text-editor.default\">\n\t\t\t\t\t\t\t\t\t<p>A QUESTION ?<br \/>\nA COMMENT ?<\/p>\n\t\t\t\t\t\t\t\t<\/div>\n\t\t\t\t<div class=\"elementor-element elementor-element-572e2200 elementor-widget elementor-widget-text-editor\" data-id=\"572e2200\" data-element_type=\"widget\" data-e-type=\"widget\" data-widget_type=\"text-editor.default\">\n\t\t\t\t\t\t\t\t\t<p>Do not hesitate to ask us your questions or send us your comments, photos or documents via our contact form<\/p>\n\t\t\t\t\t\t\t\t<\/div>\n\t\t\t\t<div class=\"elementor-element elementor-element-527fb606 elementor-button-info elementor-align-center elementor-widget elementor-widget-button\" data-id=\"527fb606\" data-element_type=\"widget\" data-e-type=\"widget\" data-widget_type=\"button.default\">\n\t\t\t\t\t\t\t\t\t\t<a class=\"elementor-button elementor-button-link elementor-size-sm\" href=\"https:\/\/www.shf-hydro.org\/en\/contact-us\/\">\n\t\t\t\t\t\t<span class=\"elementor-button-content-wrapper\">\n\t\t\t\t\t\t\t\t\t<span class=\"elementor-button-text\">CONTACT-US<\/span>\n\t\t\t\t\t<\/span>\n\t\t\t\t\t<\/a>\n\t\t\t\t\t\t\t\t<\/div>\n\t\t\t\t\t<\/div>\n\t\t<\/div>\n\t\t\t\t\t<\/div>\n\t\t<\/section>\n\t\t\t\t\t<\/div>\n\t\t<\/div>\n\t\t\t\t\t<\/div>\n\t\t<\/section>\n\t\t\t\t<\/div>\n\t\t","protected":false},"excerpt":{"rendered":"<p>Presentation Hydrometry here refers to the sciences and techniques used to measure the level and flow of watercourses, whether natural or artificial, surface or underground. These measurements are fundamental to the hydrological sciences and to the management of water resources and natural hazards. Since 2005, the French and French-speaking hydrometric community has gradually organized itself [&hellip;]<\/p>\n","protected":false},"author":2,"featured_media":0,"parent":4913,"menu_order":60,"comment_status":"closed","ping_status":"closed","template":"","meta":{"_acf_changed":false,"footnotes":"","_links_to":"","_links_to_target":""},"categories":[],"tags":[],"class_list":["post-4923","page","type-page","status-publish","hentry"],"acf":[],"yoast_head":"<!-- This site is optimized with the Yoast SEO plugin v27.2 - https:\/\/yoast.com\/product\/yoast-seo-wordpress\/ -->\n<title>Hydrometry - SHF - Soci\u00e9t\u00e9 Hydrotechnique de France<\/title>\n<meta name=\"robots\" content=\"index, follow, max-snippet:-1, max-image-preview:large, max-video-preview:-1\" \/>\n<link rel=\"canonical\" href=\"https:\/\/www.shf-hydro.org\/en\/themes-issues\/hydrosystems-and-water-resources\/hydrometry\/\" \/>\n<meta property=\"og:locale\" content=\"en_US\" \/>\n<meta property=\"og:type\" content=\"article\" \/>\n<meta property=\"og:title\" content=\"Hydrometry - SHF - Soci\u00e9t\u00e9 Hydrotechnique de France\" \/>\n<meta property=\"og:description\" content=\"Presentation Hydrometry here refers to the sciences and techniques used to measure the level and flow of watercourses, whether natural or artificial, surface or underground. These measurements are fundamental to the hydrological sciences and to the management of water resources and natural hazards. Since 2005, the French and French-speaking hydrometric community has gradually organized itself [&hellip;]\" \/>\n<meta property=\"og:url\" content=\"https:\/\/www.shf-hydro.org\/en\/themes-issues\/hydrosystems-and-water-resources\/hydrometry\/\" \/>\n<meta property=\"og:site_name\" content=\"SHF - Soci\u00e9t\u00e9 Hydrotechnique de France\" \/>\n<meta property=\"article:modified_time\" content=\"2025-02-03T11:34:32+00:00\" \/>\n<meta property=\"og:image\" content=\"https:\/\/www.shf-hydro.org\/wp-content\/uploads\/2020\/04\/noun_chat_1421574-1-1.png\" \/>\n\t<meta property=\"og:image:width\" content=\"386\" \/>\n\t<meta property=\"og:image:height\" content=\"323\" \/>\n\t<meta property=\"og:image:type\" content=\"image\/png\" \/>\n<meta name=\"twitter:card\" content=\"summary_large_image\" \/>\n<script type=\"application\/ld+json\" class=\"yoast-schema-graph\">{\"@context\":\"https:\/\/schema.org\",\"@graph\":[{\"@type\":\"WebPage\",\"@id\":\"https:\/\/www.shf-hydro.org\/en\/themes-issues\/hydrosystems-and-water-resources\/hydrometry\/\",\"url\":\"https:\/\/www.shf-hydro.org\/en\/themes-issues\/hydrosystems-and-water-resources\/hydrometry\/\",\"name\":\"Hydrometry - SHF - Soci\u00e9t\u00e9 Hydrotechnique de France\",\"isPartOf\":{\"@id\":\"https:\/\/www.shf-hydro.org\/en\/#website\"},\"primaryImageOfPage\":{\"@id\":\"https:\/\/www.shf-hydro.org\/en\/themes-issues\/hydrosystems-and-water-resources\/hydrometry\/#primaryimage\"},\"image\":{\"@id\":\"https:\/\/www.shf-hydro.org\/en\/themes-issues\/hydrosystems-and-water-resources\/hydrometry\/#primaryimage\"},\"thumbnailUrl\":\"https:\/\/www.shf-hydro.org\/wp-content\/uploads\/2020\/04\/noun_chat_1421574-1-1.png\",\"datePublished\":\"2020-07-17T14:41:27+00:00\",\"dateModified\":\"2025-02-03T11:34:32+00:00\",\"breadcrumb\":{\"@id\":\"https:\/\/www.shf-hydro.org\/en\/themes-issues\/hydrosystems-and-water-resources\/hydrometry\/#breadcrumb\"},\"inLanguage\":\"en-US\",\"potentialAction\":[{\"@type\":\"ReadAction\",\"target\":[\"https:\/\/www.shf-hydro.org\/en\/themes-issues\/hydrosystems-and-water-resources\/hydrometry\/\"]}]},{\"@type\":\"ImageObject\",\"inLanguage\":\"en-US\",\"@id\":\"https:\/\/www.shf-hydro.org\/en\/themes-issues\/hydrosystems-and-water-resources\/hydrometry\/#primaryimage\",\"url\":\"https:\/\/www.shf-hydro.org\/wp-content\/uploads\/2020\/04\/noun_chat_1421574-1-1.png\",\"contentUrl\":\"https:\/\/www.shf-hydro.org\/wp-content\/uploads\/2020\/04\/noun_chat_1421574-1-1.png\"},{\"@type\":\"BreadcrumbList\",\"@id\":\"https:\/\/www.shf-hydro.org\/en\/themes-issues\/hydrosystems-and-water-resources\/hydrometry\/#breadcrumb\",\"itemListElement\":[{\"@type\":\"ListItem\",\"position\":1,\"name\":\"Home\",\"item\":\"https:\/\/www.shf-hydro.org\/en\/\"},{\"@type\":\"ListItem\",\"position\":2,\"name\":\"Themes &#038; Issues\",\"item\":\"\/en\/themes-issues\/hydrosystems-and-water-resources\/\"},{\"@type\":\"ListItem\",\"position\":3,\"name\":\"Hydrosystems and water resources\",\"item\":\"https:\/\/www.shf-hydro.org\/en\/themes-issues\/hydrosystems-and-water-resources\/\"},{\"@type\":\"ListItem\",\"position\":4,\"name\":\"Hydrometry\"}]},{\"@type\":\"WebSite\",\"@id\":\"https:\/\/www.shf-hydro.org\/en\/#website\",\"url\":\"https:\/\/www.shf-hydro.org\/en\/\",\"name\":\"SHF - Soci\u00e9t\u00e9 Hydrotechnique de France\",\"description\":\"La science au service de l&#039;eau\",\"publisher\":{\"@id\":\"https:\/\/www.shf-hydro.org\/en\/#organization\"},\"potentialAction\":[{\"@type\":\"SearchAction\",\"target\":{\"@type\":\"EntryPoint\",\"urlTemplate\":\"https:\/\/www.shf-hydro.org\/en\/?s={search_term_string}\"},\"query-input\":{\"@type\":\"PropertyValueSpecification\",\"valueRequired\":true,\"valueName\":\"search_term_string\"}}],\"inLanguage\":\"en-US\"},{\"@type\":\"Organization\",\"@id\":\"https:\/\/www.shf-hydro.org\/en\/#organization\",\"name\":\"SHF - Soci\u00e9t\u00e9 Hydrotechnique de France\",\"url\":\"https:\/\/www.shf-hydro.org\/en\/\",\"logo\":{\"@type\":\"ImageObject\",\"inLanguage\":\"en-US\",\"@id\":\"https:\/\/www.shf-hydro.org\/en\/#\/schema\/logo\/image\/\",\"url\":\"https:\/\/www.shf-hydro.org\/wp-content\/uploads\/2020\/03\/SHF-Societe_Hydrotechnique_de_France-Logo.png\",\"contentUrl\":\"https:\/\/www.shf-hydro.org\/wp-content\/uploads\/2020\/03\/SHF-Societe_Hydrotechnique_de_France-Logo.png\",\"width\":1036,\"height\":1195,\"caption\":\"SHF - Soci\u00e9t\u00e9 Hydrotechnique de France\"},\"image\":{\"@id\":\"https:\/\/www.shf-hydro.org\/en\/#\/schema\/logo\/image\/\"}}]}<\/script>\n<!-- \/ Yoast SEO plugin. -->","yoast_head_json":{"title":"Hydrometry - SHF - Soci\u00e9t\u00e9 Hydrotechnique de France","robots":{"index":"index","follow":"follow","max-snippet":"max-snippet:-1","max-image-preview":"max-image-preview:large","max-video-preview":"max-video-preview:-1"},"canonical":"https:\/\/www.shf-hydro.org\/en\/themes-issues\/hydrosystems-and-water-resources\/hydrometry\/","og_locale":"en_US","og_type":"article","og_title":"Hydrometry - SHF - Soci\u00e9t\u00e9 Hydrotechnique de France","og_description":"Presentation Hydrometry here refers to the sciences and techniques used to measure the level and flow of watercourses, whether natural or artificial, surface or underground. These measurements are fundamental to the hydrological sciences and to the management of water resources and natural hazards. Since 2005, the French and French-speaking hydrometric community has gradually organized itself [&hellip;]","og_url":"https:\/\/www.shf-hydro.org\/en\/themes-issues\/hydrosystems-and-water-resources\/hydrometry\/","og_site_name":"SHF - Soci\u00e9t\u00e9 Hydrotechnique de France","article_modified_time":"2025-02-03T11:34:32+00:00","og_image":[{"width":386,"height":323,"url":"https:\/\/www.shf-hydro.org\/wp-content\/uploads\/2020\/04\/noun_chat_1421574-1-1.png","type":"image\/png"}],"twitter_card":"summary_large_image","schema":{"@context":"https:\/\/schema.org","@graph":[{"@type":"WebPage","@id":"https:\/\/www.shf-hydro.org\/en\/themes-issues\/hydrosystems-and-water-resources\/hydrometry\/","url":"https:\/\/www.shf-hydro.org\/en\/themes-issues\/hydrosystems-and-water-resources\/hydrometry\/","name":"Hydrometry - SHF - Soci\u00e9t\u00e9 Hydrotechnique de France","isPartOf":{"@id":"https:\/\/www.shf-hydro.org\/en\/#website"},"primaryImageOfPage":{"@id":"https:\/\/www.shf-hydro.org\/en\/themes-issues\/hydrosystems-and-water-resources\/hydrometry\/#primaryimage"},"image":{"@id":"https:\/\/www.shf-hydro.org\/en\/themes-issues\/hydrosystems-and-water-resources\/hydrometry\/#primaryimage"},"thumbnailUrl":"https:\/\/www.shf-hydro.org\/wp-content\/uploads\/2020\/04\/noun_chat_1421574-1-1.png","datePublished":"2020-07-17T14:41:27+00:00","dateModified":"2025-02-03T11:34:32+00:00","breadcrumb":{"@id":"https:\/\/www.shf-hydro.org\/en\/themes-issues\/hydrosystems-and-water-resources\/hydrometry\/#breadcrumb"},"inLanguage":"en-US","potentialAction":[{"@type":"ReadAction","target":["https:\/\/www.shf-hydro.org\/en\/themes-issues\/hydrosystems-and-water-resources\/hydrometry\/"]}]},{"@type":"ImageObject","inLanguage":"en-US","@id":"https:\/\/www.shf-hydro.org\/en\/themes-issues\/hydrosystems-and-water-resources\/hydrometry\/#primaryimage","url":"https:\/\/www.shf-hydro.org\/wp-content\/uploads\/2020\/04\/noun_chat_1421574-1-1.png","contentUrl":"https:\/\/www.shf-hydro.org\/wp-content\/uploads\/2020\/04\/noun_chat_1421574-1-1.png"},{"@type":"BreadcrumbList","@id":"https:\/\/www.shf-hydro.org\/en\/themes-issues\/hydrosystems-and-water-resources\/hydrometry\/#breadcrumb","itemListElement":[{"@type":"ListItem","position":1,"name":"Home","item":"https:\/\/www.shf-hydro.org\/en\/"},{"@type":"ListItem","position":2,"name":"Themes &#038; Issues","item":"\/en\/themes-issues\/hydrosystems-and-water-resources\/"},{"@type":"ListItem","position":3,"name":"Hydrosystems and water resources","item":"https:\/\/www.shf-hydro.org\/en\/themes-issues\/hydrosystems-and-water-resources\/"},{"@type":"ListItem","position":4,"name":"Hydrometry"}]},{"@type":"WebSite","@id":"https:\/\/www.shf-hydro.org\/en\/#website","url":"https:\/\/www.shf-hydro.org\/en\/","name":"SHF - Soci\u00e9t\u00e9 Hydrotechnique de France","description":"La science au service de l&#039;eau","publisher":{"@id":"https:\/\/www.shf-hydro.org\/en\/#organization"},"potentialAction":[{"@type":"SearchAction","target":{"@type":"EntryPoint","urlTemplate":"https:\/\/www.shf-hydro.org\/en\/?s={search_term_string}"},"query-input":{"@type":"PropertyValueSpecification","valueRequired":true,"valueName":"search_term_string"}}],"inLanguage":"en-US"},{"@type":"Organization","@id":"https:\/\/www.shf-hydro.org\/en\/#organization","name":"SHF - Soci\u00e9t\u00e9 Hydrotechnique de France","url":"https:\/\/www.shf-hydro.org\/en\/","logo":{"@type":"ImageObject","inLanguage":"en-US","@id":"https:\/\/www.shf-hydro.org\/en\/#\/schema\/logo\/image\/","url":"https:\/\/www.shf-hydro.org\/wp-content\/uploads\/2020\/03\/SHF-Societe_Hydrotechnique_de_France-Logo.png","contentUrl":"https:\/\/www.shf-hydro.org\/wp-content\/uploads\/2020\/03\/SHF-Societe_Hydrotechnique_de_France-Logo.png","width":1036,"height":1195,"caption":"SHF - Soci\u00e9t\u00e9 Hydrotechnique de France"},"image":{"@id":"https:\/\/www.shf-hydro.org\/en\/#\/schema\/logo\/image\/"}}]}},"jetpack_sharing_enabled":true,"_links":{"self":[{"href":"https:\/\/www.shf-hydro.org\/en\/wp-json\/wp\/v2\/pages\/4923","targetHints":{"allow":["GET"]}}],"collection":[{"href":"https:\/\/www.shf-hydro.org\/en\/wp-json\/wp\/v2\/pages"}],"about":[{"href":"https:\/\/www.shf-hydro.org\/en\/wp-json\/wp\/v2\/types\/page"}],"author":[{"embeddable":true,"href":"https:\/\/www.shf-hydro.org\/en\/wp-json\/wp\/v2\/users\/2"}],"replies":[{"embeddable":true,"href":"https:\/\/www.shf-hydro.org\/en\/wp-json\/wp\/v2\/comments?post=4923"}],"version-history":[{"count":7,"href":"https:\/\/www.shf-hydro.org\/en\/wp-json\/wp\/v2\/pages\/4923\/revisions"}],"predecessor-version":[{"id":22590,"href":"https:\/\/www.shf-hydro.org\/en\/wp-json\/wp\/v2\/pages\/4923\/revisions\/22590"}],"up":[{"embeddable":true,"href":"https:\/\/www.shf-hydro.org\/en\/wp-json\/wp\/v2\/pages\/4913"}],"wp:attachment":[{"href":"https:\/\/www.shf-hydro.org\/en\/wp-json\/wp\/v2\/media?parent=4923"}],"wp:term":[{"taxonomy":"category","embeddable":true,"href":"https:\/\/www.shf-hydro.org\/en\/wp-json\/wp\/v2\/categories?post=4923"},{"taxonomy":"post_tag","embeddable":true,"href":"https:\/\/www.shf-hydro.org\/en\/wp-json\/wp\/v2\/tags?post=4923"}],"curies":[{"name":"wp","href":"https:\/\/api.w.org\/{rel}","templated":true}]}}