{"id":4930,"date":"2020-07-17T16:55:02","date_gmt":"2020-07-17T14:55:02","guid":{"rendered":"https:\/\/www.shf-hydro.org\/themes-issues\/hydraulics-of-amenities-environment\/hydroelectricity-and-marine-energies\/"},"modified":"2025-02-05T10:15:54","modified_gmt":"2025-02-05T09:15:54","slug":"hydroelectricity-and-marine-energies","status":"publish","type":"page","link":"https:\/\/www.shf-hydro.org\/en\/themes-issues\/hydraulics-of-amenities-environment\/hydroelectricity-and-marine-energies\/","title":{"rendered":"Hydroelectricity and marine energies"},"content":{"rendered":"\t\t<div data-elementor-type=\"wp-page\" data-elementor-id=\"4930\" class=\"elementor elementor-4930\" data-elementor-post-type=\"page\">\n\t\t\t\t\t\t<section class=\"elementor-section elementor-top-section elementor-element elementor-element-656d25a elementor-section-boxed elementor-section-height-default elementor-section-height-default\" data-id=\"656d25a\" data-element_type=\"section\" data-e-type=\"section\">\n\t\t\t\t\t\t<div class=\"elementor-container elementor-column-gap-default\">\n\t\t\t\t\t<div class=\"elementor-column elementor-col-66 elementor-top-column elementor-element elementor-element-7ef26576\" data-id=\"7ef26576\" data-element_type=\"column\" data-e-type=\"column\">\n\t\t\t<div class=\"elementor-widget-wrap elementor-element-populated\">\n\t\t\t\t\t\t<div class=\"elementor-element elementor-element-3a1c91b elementor-widget elementor-widget-heading\" data-id=\"3a1c91b\" data-element_type=\"widget\" data-e-type=\"widget\" data-widget_type=\"heading.default\">\n\t\t\t\t\t<h2 class=\"elementor-heading-title elementor-size-default\">Presentation<\/h2>\t\t\t\t<\/div>\n\t\t\t\t<div class=\"elementor-element elementor-element-3cfbf51e elementor-widget-divider--view-line elementor-widget elementor-widget-divider\" data-id=\"3cfbf51e\" data-element_type=\"widget\" data-e-type=\"widget\" data-widget_type=\"divider.default\">\n\t\t\t\t\t\t\t<div class=\"elementor-divider\">\n\t\t\t<span class=\"elementor-divider-separator\">\n\t\t\t\t\t\t<\/span>\n\t\t<\/div>\n\t\t\t\t\t\t<\/div>\n\t\t\t\t<div class=\"elementor-element elementor-element-5b175c85 elementor-widget elementor-widget-text-editor\" data-id=\"5b175c85\" data-element_type=\"widget\" data-e-type=\"widget\" data-widget_type=\"text-editor.default\">\n\t\t\t\t\t\t\t\t\t<p>L\u2019hydro\u00e9lectricit\u00e9 est le c\u0153ur historique des pr\u00e9occupations de la SHF et le d\u00e9veloppement de l&#8217;industrie fran\u00e7aise des forces hydrauliques ainsi que l\u2019exploitation des am\u00e9nagements hydro\u00e9lectriques furent \u00e0 l\u2019origine de sa cr\u00e9ation.<\/p>\n<p>La section \u00ab hydro\u00e9lectricit\u00e9 et \u00e9nergies marines \u00bb a pour ambition d\u2019accompagner les acteurs de l\u2019hydro\u00e9lectricit\u00e9 dans la prise en compte de tous les aspects techniques et innovations technologiques mais aussi dans l&#8217;int\u00e9gration socio-environnementale des installations et projets hydro\u00e9lectriques.<\/p>\n<p>Depuis 2010, un colloque international HydroES (Hydropower &amp; Environmental sustainability) est organis\u00e9 avec un rythme annuel puis bisannuel en anglais. Il a pour vocation de r\u00e9unir un large public de chercheurs, exploitants, bureaux d\u2019\u00e9tudes, administrations, associations pour pr\u00e9senter et d\u00e9battre sur tous les th\u00e8mes concernant l\u2019hydro\u00e9lectricit\u00e9, son r\u00f4le et sa place dans un avenir marqu\u00e9 par d\u2019importantes \u00e9volutions dans le monde des \u00e9nergies renouvelables qui accompagne la transition \u00e9cologique et \u00e9nerg\u00e9tique en cours.<\/p>\n<p>Cette section a r\u00e9cemment int\u00e9gr\u00e9 aussi les \u00e9nergies marines renouvelables (EMR). Le colloque HydroES de 2013 \u00e0 Brest, a \u00e9t\u00e9 enti\u00e8rement consacr\u00e9 aux EMR et en 2015, un groupe de travail charg\u00e9 de construire une nouvelle vision prospective du mar\u00e9moteur a lanc\u00e9. Les r\u00e9sultats de ce groupe de travail sont publi\u00e9s en 2019 par la SHF, dans le Livre Blanc : \u00ab Un nouveau regard sur l\u2019\u00e9nergie des mar\u00e9es \u2013 Une chance pour les territoires fran\u00e7ais \u00bb. Ce Livre Blanc replace l\u2019\u00e9nergie mar\u00e9motrice dans un contexte qui a profond\u00e9ment \u00e9volu\u00e9 depuis la mise en service de l\u2019usine de la Rance en 1967. La SHF y expose ses convictions et cl\u00e9s pour r\u00e9ussir de futurs projets : une int\u00e9gration territoriale globale, une int\u00e9gration environnementale optimis\u00e9e, l\u2019innovation comme moteur de d\u00e9veloppement et une \u00e9valuation \u00e9conomique lucide et transparente.<\/p>\n\t\t\t\t\t\t\t\t<\/div>\n\t\t\t\t\t<\/div>\n\t\t<\/div>\n\t\t\t\t<div class=\"elementor-column elementor-col-33 elementor-top-column elementor-element elementor-element-2b3e870b\" data-id=\"2b3e870b\" data-element_type=\"column\" data-e-type=\"column\">\n\t\t\t<div class=\"elementor-widget-wrap elementor-element-populated\">\n\t\t\t\t\t\t<section class=\"elementor-section elementor-inner-section elementor-element elementor-element-72571619 elementor-section-boxed elementor-section-height-default elementor-section-height-default\" data-id=\"72571619\" data-element_type=\"section\" data-e-type=\"section\" data-settings=\"{&quot;background_background&quot;:&quot;classic&quot;}\">\n\t\t\t\t\t\t<div class=\"elementor-container elementor-column-gap-default\">\n\t\t\t\t\t<div class=\"elementor-column elementor-col-100 elementor-inner-column elementor-element elementor-element-5f027c3c\" data-id=\"5f027c3c\" data-element_type=\"column\" data-e-type=\"column\">\n\t\t\t<div class=\"elementor-widget-wrap elementor-element-populated\">\n\t\t\t\t\t\t<div class=\"elementor-element elementor-element-24d35a25 elementor-widget elementor-widget-text-editor\" data-id=\"24d35a25\" data-element_type=\"widget\" data-e-type=\"widget\" data-widget_type=\"text-editor.default\">\n\t\t\t\t\t\t\t\t\t<p>CO-ANIMATORS<\/p>\n\t\t\t\t\t\t\t\t<\/div>\n\t\t\t\t<div class=\"elementor-element elementor-element-546db4e5 elementor-icon-list--layout-traditional elementor-list-item-link-full_width elementor-widget elementor-widget-icon-list\" data-id=\"546db4e5\" data-element_type=\"widget\" data-e-type=\"widget\" data-widget_type=\"icon-list.default\">\n\t\t\t\t\t\t\t<ul class=\"elementor-icon-list-items\">\n\t\t\t\t\t\t\t<li class=\"elementor-icon-list-item\">\n\t\t\t\t\t\t\t\t\t\t\t<span class=\"elementor-icon-list-icon\">\n\t\t\t\t\t\t\t<i aria-hidden=\"true\" class=\"fas fa-arrow-circle-right\"><\/i>\t\t\t\t\t\t<\/span>\n\t\t\t\t\t\t\t\t\t\t<span class=\"elementor-icon-list-text\">Ahmed Khaladi <br> (CNR)<\/span>\n\t\t\t\t\t\t\t\t\t<\/li>\n\t\t\t\t\t\t\t\t<li class=\"elementor-icon-list-item\">\n\t\t\t\t\t\t\t\t\t\t\t<span class=\"elementor-icon-list-icon\">\n\t\t\t\t\t\t\t<i aria-hidden=\"true\" class=\"fas fa-arrow-circle-right\"><\/i>\t\t\t\t\t\t<\/span>\n\t\t\t\t\t\t\t\t\t\t<span class=\"elementor-icon-list-text\">J\u00e9r\u00e9my Ohana <br>(Ecole Centrale Nantes)<\/span>\n\t\t\t\t\t\t\t\t\t<\/li>\n\t\t\t\t\t\t\t\t<li class=\"elementor-icon-list-item\">\n\t\t\t\t\t\t\t\t\t\t\t<span class=\"elementor-icon-list-icon\">\n\t\t\t\t\t\t\t<i aria-hidden=\"true\" class=\"fas fa-arrow-circle-right\"><\/i>\t\t\t\t\t\t<\/span>\n\t\t\t\t\t\t\t\t\t\t<span class=\"elementor-icon-list-text\">Beno\u00eet Houdant <br> (EDF)<\/span>\n\t\t\t\t\t\t\t\t\t<\/li>\n\t\t\t\t\t\t\t\t<li class=\"elementor-icon-list-item\">\n\t\t\t\t\t\t\t\t\t\t\t<span class=\"elementor-icon-list-icon\">\n\t\t\t\t\t\t\t<i aria-hidden=\"true\" class=\"fas fa-arrow-circle-right\"><\/i>\t\t\t\t\t\t<\/span>\n\t\t\t\t\t\t\t\t\t\t<span class=\"elementor-icon-list-text\">Bettina Geisseler <br>(Geisseler Law, Allemagne)<\/span>\n\t\t\t\t\t\t\t\t\t<\/li>\n\t\t\t\t\t\t<\/ul>\n\t\t\t\t\t\t<\/div>\n\t\t\t\t\t<\/div>\n\t\t<\/div>\n\t\t\t\t\t<\/div>\n\t\t<\/section>\n\t\t\t\t<section class=\"elementor-section elementor-inner-section elementor-element elementor-element-45f0a3a6 elementor-section-boxed elementor-section-height-default elementor-section-height-default\" data-id=\"45f0a3a6\" data-element_type=\"section\" data-e-type=\"section\">\n\t\t\t\t\t\t<div class=\"elementor-container elementor-column-gap-default\">\n\t\t\t\t\t<div class=\"elementor-column elementor-col-100 elementor-inner-column elementor-element elementor-element-66fd816f\" data-id=\"66fd816f\" data-element_type=\"column\" data-e-type=\"column\" data-settings=\"{&quot;background_background&quot;:&quot;classic&quot;}\">\n\t\t\t<div class=\"elementor-widget-wrap elementor-element-populated\">\n\t\t\t\t\t\t<div class=\"elementor-element elementor-element-42ee04bd elementor-widget elementor-widget-image\" data-id=\"42ee04bd\" data-element_type=\"widget\" data-e-type=\"widget\" data-widget_type=\"image.default\">\n\t\t\t\t\t\t\t\t\t\t\t\t\t\t\t<img fetchpriority=\"high\" decoding=\"async\" width=\"386\" height=\"323\" src=\"https:\/\/www.shf-hydro.org\/wp-content\/uploads\/2020\/04\/noun_chat_1421574-1-1.png\" class=\"attachment-large size-large wp-image-423\" alt=\"\" srcset=\"https:\/\/www.shf-hydro.org\/wp-content\/uploads\/2020\/04\/noun_chat_1421574-1-1.png 386w, https:\/\/www.shf-hydro.org\/wp-content\/uploads\/2020\/04\/noun_chat_1421574-1-1-300x251.png 300w\" sizes=\"(max-width: 386px) 100vw, 386px\" \/>\t\t\t\t\t\t\t\t\t\t\t\t\t\t\t<\/div>\n\t\t\t\t<div class=\"elementor-element elementor-element-4e4987d3 elementor-widget elementor-widget-text-editor\" data-id=\"4e4987d3\" data-element_type=\"widget\" data-e-type=\"widget\" data-widget_type=\"text-editor.default\">\n\t\t\t\t\t\t\t\t\t<p>A QUESTION ?<br \/>\nA COMMENT ?<\/p>\n\t\t\t\t\t\t\t\t<\/div>\n\t\t\t\t<div class=\"elementor-element elementor-element-b290f50 elementor-widget elementor-widget-text-editor\" data-id=\"b290f50\" data-element_type=\"widget\" data-e-type=\"widget\" data-widget_type=\"text-editor.default\">\n\t\t\t\t\t\t\t\t\t<p>Do not hesitate to ask us your questions or send us your comments, photos or documents via our contact form<\/p>\n\t\t\t\t\t\t\t\t<\/div>\n\t\t\t\t<div class=\"elementor-element elementor-element-2a27d035 elementor-button-info elementor-align-center elementor-widget elementor-widget-button\" data-id=\"2a27d035\" data-element_type=\"widget\" data-e-type=\"widget\" data-widget_type=\"button.default\">\n\t\t\t\t\t\t\t\t\t\t<a class=\"elementor-button elementor-button-link elementor-size-sm\" href=\"#\">\n\t\t\t\t\t\t<span class=\"elementor-button-content-wrapper\">\n\t\t\t\t\t\t\t\t\t<span class=\"elementor-button-text\">CONTACT-US<\/span>\n\t\t\t\t\t<\/span>\n\t\t\t\t\t<\/a>\n\t\t\t\t\t\t\t\t<\/div>\n\t\t\t\t\t<\/div>\n\t\t<\/div>\n\t\t\t\t\t<\/div>\n\t\t<\/section>\n\t\t\t\t\t<\/div>\n\t\t<\/div>\n\t\t\t\t\t<\/div>\n\t\t<\/section>\n\t\t\t\t<\/div>\n\t\t","protected":false},"excerpt":{"rendered":"<p>Presentation L\u2019hydro\u00e9lectricit\u00e9 est le c\u0153ur historique des pr\u00e9occupations de la SHF et le d\u00e9veloppement de l&#8217;industrie fran\u00e7aise des forces hydrauliques ainsi que l\u2019exploitation des am\u00e9nagements hydro\u00e9lectriques furent \u00e0 l\u2019origine de sa cr\u00e9ation. La section \u00ab hydro\u00e9lectricit\u00e9 et \u00e9nergies marines \u00bb a pour ambition d\u2019accompagner les acteurs de l\u2019hydro\u00e9lectricit\u00e9 dans la prise en compte de tous [&hellip;]<\/p>\n","protected":false},"author":2,"featured_media":0,"parent":4928,"menu_order":80,"comment_status":"closed","ping_status":"closed","template":"","meta":{"_acf_changed":false,"footnotes":"","_links_to":"","_links_to_target":""},"categories":[],"tags":[],"class_list":["post-4930","page","type-page","status-publish","hentry"],"acf":[],"yoast_head":"<!-- This site is optimized with the Yoast SEO plugin v27.2 - https:\/\/yoast.com\/product\/yoast-seo-wordpress\/ -->\n<title>Hydroelectricity and marine energies - SHF - Soci\u00e9t\u00e9 Hydrotechnique de France<\/title>\n<meta name=\"robots\" content=\"index, follow, max-snippet:-1, max-image-preview:large, max-video-preview:-1\" \/>\n<link rel=\"canonical\" href=\"https:\/\/www.shf-hydro.org\/en\/themes-issues\/hydraulics-of-amenities-environment\/hydroelectricity-and-marine-energies\/\" \/>\n<meta property=\"og:locale\" content=\"en_US\" \/>\n<meta property=\"og:type\" content=\"article\" \/>\n<meta property=\"og:title\" content=\"Hydroelectricity and marine energies - SHF - Soci\u00e9t\u00e9 Hydrotechnique de France\" \/>\n<meta property=\"og:description\" content=\"Presentation L\u2019hydro\u00e9lectricit\u00e9 est le c\u0153ur historique des pr\u00e9occupations de la SHF et le d\u00e9veloppement de l&#8217;industrie fran\u00e7aise des forces hydrauliques ainsi que l\u2019exploitation des am\u00e9nagements hydro\u00e9lectriques furent \u00e0 l\u2019origine de sa cr\u00e9ation. La section \u00ab hydro\u00e9lectricit\u00e9 et \u00e9nergies marines \u00bb a pour ambition d\u2019accompagner les acteurs de l\u2019hydro\u00e9lectricit\u00e9 dans la prise en compte de tous [&hellip;]\" \/>\n<meta property=\"og:url\" content=\"https:\/\/www.shf-hydro.org\/en\/themes-issues\/hydraulics-of-amenities-environment\/hydroelectricity-and-marine-energies\/\" \/>\n<meta property=\"og:site_name\" content=\"SHF - Soci\u00e9t\u00e9 Hydrotechnique de France\" \/>\n<meta property=\"article:modified_time\" content=\"2025-02-05T09:15:54+00:00\" \/>\n<meta property=\"og:image\" content=\"https:\/\/www.shf-hydro.org\/wp-content\/uploads\/2020\/04\/noun_chat_1421574-1-1.png\" \/>\n<meta name=\"twitter:card\" content=\"summary_large_image\" \/>\n<meta name=\"twitter:label1\" content=\"Est. reading time\" \/>\n\t<meta name=\"twitter:data1\" content=\"2 minutes\" \/>\n<script type=\"application\/ld+json\" class=\"yoast-schema-graph\">{\"@context\":\"https:\/\/schema.org\",\"@graph\":[{\"@type\":\"WebPage\",\"@id\":\"https:\/\/www.shf-hydro.org\/en\/themes-issues\/hydraulics-of-amenities-environment\/hydroelectricity-and-marine-energies\/\",\"url\":\"https:\/\/www.shf-hydro.org\/en\/themes-issues\/hydraulics-of-amenities-environment\/hydroelectricity-and-marine-energies\/\",\"name\":\"Hydroelectricity and marine energies - SHF - Soci\u00e9t\u00e9 Hydrotechnique de France\",\"isPartOf\":{\"@id\":\"https:\/\/www.shf-hydro.org\/en\/#website\"},\"primaryImageOfPage\":{\"@id\":\"https:\/\/www.shf-hydro.org\/en\/themes-issues\/hydraulics-of-amenities-environment\/hydroelectricity-and-marine-energies\/#primaryimage\"},\"image\":{\"@id\":\"https:\/\/www.shf-hydro.org\/en\/themes-issues\/hydraulics-of-amenities-environment\/hydroelectricity-and-marine-energies\/#primaryimage\"},\"thumbnailUrl\":\"https:\/\/www.shf-hydro.org\/wp-content\/uploads\/2020\/04\/noun_chat_1421574-1-1.png\",\"datePublished\":\"2020-07-17T14:55:02+00:00\",\"dateModified\":\"2025-02-05T09:15:54+00:00\",\"breadcrumb\":{\"@id\":\"https:\/\/www.shf-hydro.org\/en\/themes-issues\/hydraulics-of-amenities-environment\/hydroelectricity-and-marine-energies\/#breadcrumb\"},\"inLanguage\":\"en-US\",\"potentialAction\":[{\"@type\":\"ReadAction\",\"target\":[\"https:\/\/www.shf-hydro.org\/en\/themes-issues\/hydraulics-of-amenities-environment\/hydroelectricity-and-marine-energies\/\"]}]},{\"@type\":\"ImageObject\",\"inLanguage\":\"en-US\",\"@id\":\"https:\/\/www.shf-hydro.org\/en\/themes-issues\/hydraulics-of-amenities-environment\/hydroelectricity-and-marine-energies\/#primaryimage\",\"url\":\"https:\/\/www.shf-hydro.org\/wp-content\/uploads\/2020\/04\/noun_chat_1421574-1-1.png\",\"contentUrl\":\"https:\/\/www.shf-hydro.org\/wp-content\/uploads\/2020\/04\/noun_chat_1421574-1-1.png\"},{\"@type\":\"BreadcrumbList\",\"@id\":\"https:\/\/www.shf-hydro.org\/en\/themes-issues\/hydraulics-of-amenities-environment\/hydroelectricity-and-marine-energies\/#breadcrumb\",\"itemListElement\":[{\"@type\":\"ListItem\",\"position\":1,\"name\":\"Home\",\"item\":\"https:\/\/www.shf-hydro.org\/en\/\"},{\"@type\":\"ListItem\",\"position\":2,\"name\":\"Themes &#038; Issues\",\"item\":\"\/en\/themes-issues\/hydrosystems-and-water-resources\/\"},{\"@type\":\"ListItem\",\"position\":3,\"name\":\"Hydraulics of amenities, Environment\",\"item\":\"https:\/\/www.shf-hydro.org\/en\/themes-issues\/hydraulics-of-amenities-environment\/\"},{\"@type\":\"ListItem\",\"position\":4,\"name\":\"Hydroelectricity and marine energies\"}]},{\"@type\":\"WebSite\",\"@id\":\"https:\/\/www.shf-hydro.org\/en\/#website\",\"url\":\"https:\/\/www.shf-hydro.org\/en\/\",\"name\":\"SHF - Soci\u00e9t\u00e9 Hydrotechnique de France\",\"description\":\"La science au service de l&#039;eau\",\"publisher\":{\"@id\":\"https:\/\/www.shf-hydro.org\/en\/#organization\"},\"potentialAction\":[{\"@type\":\"SearchAction\",\"target\":{\"@type\":\"EntryPoint\",\"urlTemplate\":\"https:\/\/www.shf-hydro.org\/en\/?s={search_term_string}\"},\"query-input\":{\"@type\":\"PropertyValueSpecification\",\"valueRequired\":true,\"valueName\":\"search_term_string\"}}],\"inLanguage\":\"en-US\"},{\"@type\":\"Organization\",\"@id\":\"https:\/\/www.shf-hydro.org\/en\/#organization\",\"name\":\"SHF - Soci\u00e9t\u00e9 Hydrotechnique de France\",\"url\":\"https:\/\/www.shf-hydro.org\/en\/\",\"logo\":{\"@type\":\"ImageObject\",\"inLanguage\":\"en-US\",\"@id\":\"https:\/\/www.shf-hydro.org\/en\/#\/schema\/logo\/image\/\",\"url\":\"https:\/\/www.shf-hydro.org\/wp-content\/uploads\/2020\/03\/SHF-Societe_Hydrotechnique_de_France-Logo.png\",\"contentUrl\":\"https:\/\/www.shf-hydro.org\/wp-content\/uploads\/2020\/03\/SHF-Societe_Hydrotechnique_de_France-Logo.png\",\"width\":1036,\"height\":1195,\"caption\":\"SHF - Soci\u00e9t\u00e9 Hydrotechnique de France\"},\"image\":{\"@id\":\"https:\/\/www.shf-hydro.org\/en\/#\/schema\/logo\/image\/\"}}]}<\/script>\n<!-- \/ Yoast SEO plugin. -->","yoast_head_json":{"title":"Hydroelectricity and marine energies - SHF - Soci\u00e9t\u00e9 Hydrotechnique de France","robots":{"index":"index","follow":"follow","max-snippet":"max-snippet:-1","max-image-preview":"max-image-preview:large","max-video-preview":"max-video-preview:-1"},"canonical":"https:\/\/www.shf-hydro.org\/en\/themes-issues\/hydraulics-of-amenities-environment\/hydroelectricity-and-marine-energies\/","og_locale":"en_US","og_type":"article","og_title":"Hydroelectricity and marine energies - SHF - Soci\u00e9t\u00e9 Hydrotechnique de France","og_description":"Presentation L\u2019hydro\u00e9lectricit\u00e9 est le c\u0153ur historique des pr\u00e9occupations de la SHF et le d\u00e9veloppement de l&#8217;industrie fran\u00e7aise des forces hydrauliques ainsi que l\u2019exploitation des am\u00e9nagements hydro\u00e9lectriques furent \u00e0 l\u2019origine de sa cr\u00e9ation. La section \u00ab hydro\u00e9lectricit\u00e9 et \u00e9nergies marines \u00bb a pour ambition d\u2019accompagner les acteurs de l\u2019hydro\u00e9lectricit\u00e9 dans la prise en compte de tous [&hellip;]","og_url":"https:\/\/www.shf-hydro.org\/en\/themes-issues\/hydraulics-of-amenities-environment\/hydroelectricity-and-marine-energies\/","og_site_name":"SHF - Soci\u00e9t\u00e9 Hydrotechnique de France","article_modified_time":"2025-02-05T09:15:54+00:00","og_image":[{"url":"https:\/\/www.shf-hydro.org\/wp-content\/uploads\/2020\/04\/noun_chat_1421574-1-1.png","type":"","width":"","height":""}],"twitter_card":"summary_large_image","twitter_misc":{"Est. reading time":"2 minutes"},"schema":{"@context":"https:\/\/schema.org","@graph":[{"@type":"WebPage","@id":"https:\/\/www.shf-hydro.org\/en\/themes-issues\/hydraulics-of-amenities-environment\/hydroelectricity-and-marine-energies\/","url":"https:\/\/www.shf-hydro.org\/en\/themes-issues\/hydraulics-of-amenities-environment\/hydroelectricity-and-marine-energies\/","name":"Hydroelectricity and marine energies - SHF - Soci\u00e9t\u00e9 Hydrotechnique de France","isPartOf":{"@id":"https:\/\/www.shf-hydro.org\/en\/#website"},"primaryImageOfPage":{"@id":"https:\/\/www.shf-hydro.org\/en\/themes-issues\/hydraulics-of-amenities-environment\/hydroelectricity-and-marine-energies\/#primaryimage"},"image":{"@id":"https:\/\/www.shf-hydro.org\/en\/themes-issues\/hydraulics-of-amenities-environment\/hydroelectricity-and-marine-energies\/#primaryimage"},"thumbnailUrl":"https:\/\/www.shf-hydro.org\/wp-content\/uploads\/2020\/04\/noun_chat_1421574-1-1.png","datePublished":"2020-07-17T14:55:02+00:00","dateModified":"2025-02-05T09:15:54+00:00","breadcrumb":{"@id":"https:\/\/www.shf-hydro.org\/en\/themes-issues\/hydraulics-of-amenities-environment\/hydroelectricity-and-marine-energies\/#breadcrumb"},"inLanguage":"en-US","potentialAction":[{"@type":"ReadAction","target":["https:\/\/www.shf-hydro.org\/en\/themes-issues\/hydraulics-of-amenities-environment\/hydroelectricity-and-marine-energies\/"]}]},{"@type":"ImageObject","inLanguage":"en-US","@id":"https:\/\/www.shf-hydro.org\/en\/themes-issues\/hydraulics-of-amenities-environment\/hydroelectricity-and-marine-energies\/#primaryimage","url":"https:\/\/www.shf-hydro.org\/wp-content\/uploads\/2020\/04\/noun_chat_1421574-1-1.png","contentUrl":"https:\/\/www.shf-hydro.org\/wp-content\/uploads\/2020\/04\/noun_chat_1421574-1-1.png"},{"@type":"BreadcrumbList","@id":"https:\/\/www.shf-hydro.org\/en\/themes-issues\/hydraulics-of-amenities-environment\/hydroelectricity-and-marine-energies\/#breadcrumb","itemListElement":[{"@type":"ListItem","position":1,"name":"Home","item":"https:\/\/www.shf-hydro.org\/en\/"},{"@type":"ListItem","position":2,"name":"Themes &#038; Issues","item":"\/en\/themes-issues\/hydrosystems-and-water-resources\/"},{"@type":"ListItem","position":3,"name":"Hydraulics of amenities, Environment","item":"https:\/\/www.shf-hydro.org\/en\/themes-issues\/hydraulics-of-amenities-environment\/"},{"@type":"ListItem","position":4,"name":"Hydroelectricity and marine energies"}]},{"@type":"WebSite","@id":"https:\/\/www.shf-hydro.org\/en\/#website","url":"https:\/\/www.shf-hydro.org\/en\/","name":"SHF - Soci\u00e9t\u00e9 Hydrotechnique de France","description":"La science au service de l&#039;eau","publisher":{"@id":"https:\/\/www.shf-hydro.org\/en\/#organization"},"potentialAction":[{"@type":"SearchAction","target":{"@type":"EntryPoint","urlTemplate":"https:\/\/www.shf-hydro.org\/en\/?s={search_term_string}"},"query-input":{"@type":"PropertyValueSpecification","valueRequired":true,"valueName":"search_term_string"}}],"inLanguage":"en-US"},{"@type":"Organization","@id":"https:\/\/www.shf-hydro.org\/en\/#organization","name":"SHF - Soci\u00e9t\u00e9 Hydrotechnique de France","url":"https:\/\/www.shf-hydro.org\/en\/","logo":{"@type":"ImageObject","inLanguage":"en-US","@id":"https:\/\/www.shf-hydro.org\/en\/#\/schema\/logo\/image\/","url":"https:\/\/www.shf-hydro.org\/wp-content\/uploads\/2020\/03\/SHF-Societe_Hydrotechnique_de_France-Logo.png","contentUrl":"https:\/\/www.shf-hydro.org\/wp-content\/uploads\/2020\/03\/SHF-Societe_Hydrotechnique_de_France-Logo.png","width":1036,"height":1195,"caption":"SHF - Soci\u00e9t\u00e9 Hydrotechnique de France"},"image":{"@id":"https:\/\/www.shf-hydro.org\/en\/#\/schema\/logo\/image\/"}}]}},"jetpack_sharing_enabled":true,"_links":{"self":[{"href":"https:\/\/www.shf-hydro.org\/en\/wp-json\/wp\/v2\/pages\/4930","targetHints":{"allow":["GET"]}}],"collection":[{"href":"https:\/\/www.shf-hydro.org\/en\/wp-json\/wp\/v2\/pages"}],"about":[{"href":"https:\/\/www.shf-hydro.org\/en\/wp-json\/wp\/v2\/types\/page"}],"author":[{"embeddable":true,"href":"https:\/\/www.shf-hydro.org\/en\/wp-json\/wp\/v2\/users\/2"}],"replies":[{"embeddable":true,"href":"https:\/\/www.shf-hydro.org\/en\/wp-json\/wp\/v2\/comments?post=4930"}],"version-history":[{"count":2,"href":"https:\/\/www.shf-hydro.org\/en\/wp-json\/wp\/v2\/pages\/4930\/revisions"}],"predecessor-version":[{"id":22567,"href":"https:\/\/www.shf-hydro.org\/en\/wp-json\/wp\/v2\/pages\/4930\/revisions\/22567"}],"up":[{"embeddable":true,"href":"https:\/\/www.shf-hydro.org\/en\/wp-json\/wp\/v2\/pages\/4928"}],"wp:attachment":[{"href":"https:\/\/www.shf-hydro.org\/en\/wp-json\/wp\/v2\/media?parent=4930"}],"wp:term":[{"taxonomy":"category","embeddable":true,"href":"https:\/\/www.shf-hydro.org\/en\/wp-json\/wp\/v2\/categories?post=4930"},{"taxonomy":"post_tag","embeddable":true,"href":"https:\/\/www.shf-hydro.org\/en\/wp-json\/wp\/v2\/tags?post=4930"}],"curies":[{"name":"wp","href":"https:\/\/api.w.org\/{rel}","templated":true}]}}