{"id":4952,"date":"2020-07-17T17:12:32","date_gmt":"2020-07-17T15:12:32","guid":{"rendered":"https:\/\/www.shf-hydro.org\/themes-issues\/hydrotechnologies-and-fluid-mechanics\/naval-hydrodynamics\/"},"modified":"2025-02-03T10:19:30","modified_gmt":"2025-02-03T09:19:30","slug":"naval-hydrodynamics","status":"publish","type":"page","link":"https:\/\/www.shf-hydro.org\/en\/themes-issues\/hydrotechnologies-and-fluid-mechanics\/naval-hydrodynamics\/","title":{"rendered":"Naval hydrodynamics"},"content":{"rendered":"\t\t<div data-elementor-type=\"wp-page\" data-elementor-id=\"4952\" class=\"elementor elementor-4952 elementor-690\" data-elementor-post-type=\"page\">\n\t\t\t\t\t\t<section class=\"elementor-section elementor-top-section elementor-element elementor-element-1a3d87c2 elementor-section-boxed elementor-section-height-default elementor-section-height-default\" data-id=\"1a3d87c2\" data-element_type=\"section\" data-e-type=\"section\">\n\t\t\t\t\t\t<div class=\"elementor-container elementor-column-gap-default\">\n\t\t\t\t\t<div class=\"elementor-column elementor-col-66 elementor-top-column elementor-element elementor-element-28001c46\" data-id=\"28001c46\" data-element_type=\"column\" data-e-type=\"column\">\n\t\t\t<div class=\"elementor-widget-wrap elementor-element-populated\">\n\t\t\t\t\t\t<div class=\"elementor-element elementor-element-dc8af0e elementor-widget elementor-widget-heading\" data-id=\"dc8af0e\" data-element_type=\"widget\" data-e-type=\"widget\" data-widget_type=\"heading.default\">\n\t\t\t\t\t<h2 class=\"elementor-heading-title elementor-size-default\">Presentation<\/h2>\t\t\t\t<\/div>\n\t\t\t\t<div class=\"elementor-element elementor-element-358c74ad elementor-widget-divider--view-line elementor-widget elementor-widget-divider\" data-id=\"358c74ad\" data-element_type=\"widget\" data-e-type=\"widget\" data-widget_type=\"divider.default\">\n\t\t\t\t\t\t\t<div class=\"elementor-divider\">\n\t\t\t<span class=\"elementor-divider-separator\">\n\t\t\t\t\t\t<\/span>\n\t\t<\/div>\n\t\t\t\t\t\t<\/div>\n\t\t\t\t<div class=\"elementor-element elementor-element-4f66bbe2 elementor-widget elementor-widget-text-editor\" data-id=\"4f66bbe2\" data-element_type=\"widget\" data-e-type=\"widget\" data-widget_type=\"text-editor.default\">\n\t\t\t\t\t\t\t\t\t<p>This group is a major player in the organisation of the Journ\u00e9es de l&#8217;Hydrodynamique, the 18th edition of which took place in November 2018 in Marseille.<\/p>\t\t\t\t\t\t\t\t<\/div>\n\t\t\t\t\t<\/div>\n\t\t<\/div>\n\t\t\t\t<div class=\"elementor-column elementor-col-33 elementor-top-column elementor-element elementor-element-70518ae4\" data-id=\"70518ae4\" data-element_type=\"column\" data-e-type=\"column\">\n\t\t\t<div class=\"elementor-widget-wrap elementor-element-populated\">\n\t\t\t\t\t\t<section class=\"elementor-section elementor-inner-section elementor-element elementor-element-5b48e496 elementor-section-boxed elementor-section-height-default elementor-section-height-default\" data-id=\"5b48e496\" data-element_type=\"section\" data-e-type=\"section\" data-settings=\"{&quot;background_background&quot;:&quot;classic&quot;}\">\n\t\t\t\t\t\t<div class=\"elementor-container elementor-column-gap-default\">\n\t\t\t\t\t<div class=\"elementor-column elementor-col-100 elementor-inner-column elementor-element elementor-element-76b70eea\" data-id=\"76b70eea\" data-element_type=\"column\" data-e-type=\"column\">\n\t\t\t<div class=\"elementor-widget-wrap elementor-element-populated\">\n\t\t\t\t\t\t<div class=\"elementor-element elementor-element-c8ec198 elementor-widget elementor-widget-text-editor\" data-id=\"c8ec198\" data-element_type=\"widget\" data-e-type=\"widget\" data-widget_type=\"text-editor.default\">\n\t\t\t\t\t\t\t\t\t<p>CO-ANIMATORS<\/p>\n\t\t\t\t\t\t\t\t<\/div>\n\t\t\t\t<div class=\"elementor-element elementor-element-16c1bad0 elementor-icon-list--layout-traditional elementor-list-item-link-full_width elementor-widget elementor-widget-icon-list\" data-id=\"16c1bad0\" data-element_type=\"widget\" data-e-type=\"widget\" data-widget_type=\"icon-list.default\">\n\t\t\t\t\t\t\t<ul class=\"elementor-icon-list-items\">\n\t\t\t\t\t\t\t<li class=\"elementor-icon-list-item\">\n\t\t\t\t\t\t\t\t\t\t\t<span class=\"elementor-icon-list-icon\">\n\t\t\t\t\t\t\t<i aria-hidden=\"true\" class=\"fas fa-arrow-circle-right\"><\/i>\t\t\t\t\t\t<\/span>\n\t\t\t\t\t\t\t\t\t\t<span class=\"elementor-icon-list-text\">Jean-Yves Billard <br> (\u00c9cole Navale de Brest)<\/span>\n\t\t\t\t\t\t\t\t\t<\/li>\n\t\t\t\t\t\t\t\t<li class=\"elementor-icon-list-item\">\n\t\t\t\t\t\t\t\t\t\t\t<span class=\"elementor-icon-list-icon\">\n\t\t\t\t\t\t\t<i aria-hidden=\"true\" class=\"fas fa-arrow-circle-right\"><\/i>\t\t\t\t\t\t<\/span>\n\t\t\t\t\t\t\t\t\t\t<span class=\"elementor-icon-list-text\">Pierre Ferrant <br>(ECN)<\/span>\n\t\t\t\t\t\t\t\t\t<\/li>\n\t\t\t\t\t\t\t\t<li class=\"elementor-icon-list-item\">\n\t\t\t\t\t\t\t\t\t\t\t<span class=\"elementor-icon-list-icon\">\n\t\t\t\t\t\t\t<i aria-hidden=\"true\" class=\"fas fa-arrow-circle-right\"><\/i>\t\t\t\t\t\t<\/span>\n\t\t\t\t\t\t\t\t\t\t<span class=\"elementor-icon-list-text\">Jean-Jacques Maisonneuve <br>(DCNS-Sirehna)<\/span>\n\t\t\t\t\t\t\t\t\t<\/li>\n\t\t\t\t\t\t<\/ul>\n\t\t\t\t\t\t<\/div>\n\t\t\t\t\t<\/div>\n\t\t<\/div>\n\t\t\t\t\t<\/div>\n\t\t<\/section>\n\t\t\t\t<section class=\"elementor-section elementor-inner-section elementor-element elementor-element-6022a4eb elementor-section-boxed elementor-section-height-default elementor-section-height-default\" data-id=\"6022a4eb\" data-element_type=\"section\" data-e-type=\"section\">\n\t\t\t\t\t\t<div class=\"elementor-container elementor-column-gap-default\">\n\t\t\t\t\t<div class=\"elementor-column elementor-col-100 elementor-inner-column elementor-element elementor-element-4c88e777\" data-id=\"4c88e777\" data-element_type=\"column\" data-e-type=\"column\" data-settings=\"{&quot;background_background&quot;:&quot;classic&quot;}\">\n\t\t\t<div class=\"elementor-widget-wrap elementor-element-populated\">\n\t\t\t\t\t\t<div class=\"elementor-element elementor-element-385614a elementor-widget elementor-widget-image\" data-id=\"385614a\" data-element_type=\"widget\" data-e-type=\"widget\" data-widget_type=\"image.default\">\n\t\t\t\t\t\t\t\t\t\t\t\t\t\t\t<img fetchpriority=\"high\" decoding=\"async\" width=\"386\" height=\"323\" src=\"https:\/\/www.shf-hydro.org\/wp-content\/uploads\/2020\/04\/noun_chat_1421574-1-1.png\" class=\"attachment-large size-large wp-image-423\" alt=\"\" srcset=\"https:\/\/www.shf-hydro.org\/wp-content\/uploads\/2020\/04\/noun_chat_1421574-1-1.png 386w, https:\/\/www.shf-hydro.org\/wp-content\/uploads\/2020\/04\/noun_chat_1421574-1-1-300x251.png 300w\" sizes=\"(max-width: 386px) 100vw, 386px\" \/>\t\t\t\t\t\t\t\t\t\t\t\t\t\t\t<\/div>\n\t\t\t\t<div class=\"elementor-element elementor-element-6a9ba02a elementor-widget elementor-widget-text-editor\" data-id=\"6a9ba02a\" data-element_type=\"widget\" data-e-type=\"widget\" data-widget_type=\"text-editor.default\">\n\t\t\t\t\t\t\t\t\t<p>A QUESTION ?<br \/>\nA COMMENT ?<\/p>\n\t\t\t\t\t\t\t\t<\/div>\n\t\t\t\t<div class=\"elementor-element elementor-element-28f67677 elementor-widget elementor-widget-text-editor\" data-id=\"28f67677\" data-element_type=\"widget\" data-e-type=\"widget\" data-widget_type=\"text-editor.default\">\n\t\t\t\t\t\t\t\t\t<p>Do not hesitate to ask us your questions or send us your comments, photos or documents via our contact form<\/p>\n\t\t\t\t\t\t\t\t<\/div>\n\t\t\t\t<div class=\"elementor-element elementor-element-1812e7ae elementor-button-info elementor-align-center elementor-widget elementor-widget-button\" data-id=\"1812e7ae\" data-element_type=\"widget\" data-e-type=\"widget\" data-widget_type=\"button.default\">\n\t\t\t\t\t\t\t\t\t\t<a class=\"elementor-button elementor-button-link elementor-size-sm\" href=\"https:\/\/www.shf-hydro.org\/en\/contact-us\/\">\n\t\t\t\t\t\t<span class=\"elementor-button-content-wrapper\">\n\t\t\t\t\t\t\t\t\t<span class=\"elementor-button-text\">CONTACT-US<\/span>\n\t\t\t\t\t<\/span>\n\t\t\t\t\t<\/a>\n\t\t\t\t\t\t\t\t<\/div>\n\t\t\t\t\t<\/div>\n\t\t<\/div>\n\t\t\t\t\t<\/div>\n\t\t<\/section>\n\t\t\t\t\t<\/div>\n\t\t<\/div>\n\t\t\t\t\t<\/div>\n\t\t<\/section>\n\t\t\t\t<\/div>\n\t\t","protected":false},"excerpt":{"rendered":"<p>Presentation This group is a major player in the organisation of the Journ\u00e9es de l&#8217;Hydrodynamique, the 18th edition of which took place in November 2018 in Marseille. CO-ANIMATORS Jean-Yves Billard (\u00c9cole Navale de Brest) Pierre Ferrant (ECN) Jean-Jacques Maisonneuve (DCNS-Sirehna) A QUESTION ? A COMMENT ? Do not hesitate to ask us your questions or [&hellip;]<\/p>\n","protected":false},"author":2,"featured_media":0,"parent":4942,"menu_order":140,"comment_status":"closed","ping_status":"closed","template":"","meta":{"_acf_changed":false,"footnotes":"","_links_to":"","_links_to_target":""},"categories":[],"tags":[],"class_list":["post-4952","page","type-page","status-publish","hentry"],"acf":[],"yoast_head":"<!-- This site is optimized with the Yoast SEO plugin v27.2 - https:\/\/yoast.com\/product\/yoast-seo-wordpress\/ -->\n<title>Naval hydrodynamics - SHF - Soci\u00e9t\u00e9 Hydrotechnique de France<\/title>\n<meta name=\"robots\" content=\"index, follow, max-snippet:-1, max-image-preview:large, max-video-preview:-1\" \/>\n<link rel=\"canonical\" href=\"https:\/\/www.shf-hydro.org\/en\/themes-issues\/hydrotechnologies-and-fluid-mechanics\/naval-hydrodynamics\/\" \/>\n<meta property=\"og:locale\" content=\"en_US\" \/>\n<meta property=\"og:type\" content=\"article\" \/>\n<meta property=\"og:title\" content=\"Naval hydrodynamics - SHF - Soci\u00e9t\u00e9 Hydrotechnique de France\" \/>\n<meta property=\"og:description\" content=\"Presentation This group is a major player in the organisation of the Journ\u00e9es de l&#8217;Hydrodynamique, the 18th edition of which took place in November 2018 in Marseille. CO-ANIMATORS Jean-Yves Billard (\u00c9cole Navale de Brest) Pierre Ferrant (ECN) Jean-Jacques Maisonneuve (DCNS-Sirehna) A QUESTION ? A COMMENT ? Do not hesitate to ask us your questions or [&hellip;]\" \/>\n<meta property=\"og:url\" content=\"https:\/\/www.shf-hydro.org\/en\/themes-issues\/hydrotechnologies-and-fluid-mechanics\/naval-hydrodynamics\/\" \/>\n<meta property=\"og:site_name\" content=\"SHF - Soci\u00e9t\u00e9 Hydrotechnique de France\" \/>\n<meta property=\"article:modified_time\" content=\"2025-02-03T09:19:30+00:00\" \/>\n<meta property=\"og:image\" content=\"https:\/\/www.shf-hydro.org\/wp-content\/uploads\/2020\/04\/noun_chat_1421574-1-1.png\" \/>\n\t<meta property=\"og:image:width\" content=\"386\" \/>\n\t<meta property=\"og:image:height\" content=\"323\" \/>\n\t<meta property=\"og:image:type\" content=\"image\/png\" \/>\n<meta name=\"twitter:card\" content=\"summary_large_image\" \/>\n<script type=\"application\/ld+json\" class=\"yoast-schema-graph\">{\"@context\":\"https:\/\/schema.org\",\"@graph\":[{\"@type\":\"WebPage\",\"@id\":\"https:\/\/www.shf-hydro.org\/en\/themes-issues\/hydrotechnologies-and-fluid-mechanics\/naval-hydrodynamics\/\",\"url\":\"https:\/\/www.shf-hydro.org\/en\/themes-issues\/hydrotechnologies-and-fluid-mechanics\/naval-hydrodynamics\/\",\"name\":\"Naval hydrodynamics - SHF - Soci\u00e9t\u00e9 Hydrotechnique de France\",\"isPartOf\":{\"@id\":\"https:\/\/www.shf-hydro.org\/en\/#website\"},\"primaryImageOfPage\":{\"@id\":\"https:\/\/www.shf-hydro.org\/en\/themes-issues\/hydrotechnologies-and-fluid-mechanics\/naval-hydrodynamics\/#primaryimage\"},\"image\":{\"@id\":\"https:\/\/www.shf-hydro.org\/en\/themes-issues\/hydrotechnologies-and-fluid-mechanics\/naval-hydrodynamics\/#primaryimage\"},\"thumbnailUrl\":\"https:\/\/www.shf-hydro.org\/wp-content\/uploads\/2020\/04\/noun_chat_1421574-1-1.png\",\"datePublished\":\"2020-07-17T15:12:32+00:00\",\"dateModified\":\"2025-02-03T09:19:30+00:00\",\"breadcrumb\":{\"@id\":\"https:\/\/www.shf-hydro.org\/en\/themes-issues\/hydrotechnologies-and-fluid-mechanics\/naval-hydrodynamics\/#breadcrumb\"},\"inLanguage\":\"en-US\",\"potentialAction\":[{\"@type\":\"ReadAction\",\"target\":[\"https:\/\/www.shf-hydro.org\/en\/themes-issues\/hydrotechnologies-and-fluid-mechanics\/naval-hydrodynamics\/\"]}]},{\"@type\":\"ImageObject\",\"inLanguage\":\"en-US\",\"@id\":\"https:\/\/www.shf-hydro.org\/en\/themes-issues\/hydrotechnologies-and-fluid-mechanics\/naval-hydrodynamics\/#primaryimage\",\"url\":\"https:\/\/www.shf-hydro.org\/wp-content\/uploads\/2020\/04\/noun_chat_1421574-1-1.png\",\"contentUrl\":\"https:\/\/www.shf-hydro.org\/wp-content\/uploads\/2020\/04\/noun_chat_1421574-1-1.png\"},{\"@type\":\"BreadcrumbList\",\"@id\":\"https:\/\/www.shf-hydro.org\/en\/themes-issues\/hydrotechnologies-and-fluid-mechanics\/naval-hydrodynamics\/#breadcrumb\",\"itemListElement\":[{\"@type\":\"ListItem\",\"position\":1,\"name\":\"Home\",\"item\":\"https:\/\/www.shf-hydro.org\/en\/\"},{\"@type\":\"ListItem\",\"position\":2,\"name\":\"Themes &#038; Issues\",\"item\":\"\/en\/themes-issues\/hydrosystems-and-water-resources\/\"},{\"@type\":\"ListItem\",\"position\":3,\"name\":\"Hydrotechnologies and fluid mechanics\",\"item\":\"https:\/\/www.shf-hydro.org\/en\/thematiques-et-enjeux\/hydrotechnologies-et-mecanique-des-fluides\/\"},{\"@type\":\"ListItem\",\"position\":4,\"name\":\"Naval hydrodynamics\"}]},{\"@type\":\"WebSite\",\"@id\":\"https:\/\/www.shf-hydro.org\/en\/#website\",\"url\":\"https:\/\/www.shf-hydro.org\/en\/\",\"name\":\"SHF - Soci\u00e9t\u00e9 Hydrotechnique de France\",\"description\":\"La science au service de l&#039;eau\",\"publisher\":{\"@id\":\"https:\/\/www.shf-hydro.org\/en\/#organization\"},\"potentialAction\":[{\"@type\":\"SearchAction\",\"target\":{\"@type\":\"EntryPoint\",\"urlTemplate\":\"https:\/\/www.shf-hydro.org\/en\/?s={search_term_string}\"},\"query-input\":{\"@type\":\"PropertyValueSpecification\",\"valueRequired\":true,\"valueName\":\"search_term_string\"}}],\"inLanguage\":\"en-US\"},{\"@type\":\"Organization\",\"@id\":\"https:\/\/www.shf-hydro.org\/en\/#organization\",\"name\":\"SHF - Soci\u00e9t\u00e9 Hydrotechnique de France\",\"url\":\"https:\/\/www.shf-hydro.org\/en\/\",\"logo\":{\"@type\":\"ImageObject\",\"inLanguage\":\"en-US\",\"@id\":\"https:\/\/www.shf-hydro.org\/en\/#\/schema\/logo\/image\/\",\"url\":\"https:\/\/www.shf-hydro.org\/wp-content\/uploads\/2020\/03\/SHF-Societe_Hydrotechnique_de_France-Logo.png\",\"contentUrl\":\"https:\/\/www.shf-hydro.org\/wp-content\/uploads\/2020\/03\/SHF-Societe_Hydrotechnique_de_France-Logo.png\",\"width\":1036,\"height\":1195,\"caption\":\"SHF - Soci\u00e9t\u00e9 Hydrotechnique de France\"},\"image\":{\"@id\":\"https:\/\/www.shf-hydro.org\/en\/#\/schema\/logo\/image\/\"}}]}<\/script>\n<!-- \/ Yoast SEO plugin. -->","yoast_head_json":{"title":"Naval hydrodynamics - SHF - Soci\u00e9t\u00e9 Hydrotechnique de France","robots":{"index":"index","follow":"follow","max-snippet":"max-snippet:-1","max-image-preview":"max-image-preview:large","max-video-preview":"max-video-preview:-1"},"canonical":"https:\/\/www.shf-hydro.org\/en\/themes-issues\/hydrotechnologies-and-fluid-mechanics\/naval-hydrodynamics\/","og_locale":"en_US","og_type":"article","og_title":"Naval hydrodynamics - SHF - Soci\u00e9t\u00e9 Hydrotechnique de France","og_description":"Presentation This group is a major player in the organisation of the Journ\u00e9es de l&#8217;Hydrodynamique, the 18th edition of which took place in November 2018 in Marseille. CO-ANIMATORS Jean-Yves Billard (\u00c9cole Navale de Brest) Pierre Ferrant (ECN) Jean-Jacques Maisonneuve (DCNS-Sirehna) A QUESTION ? A COMMENT ? Do not hesitate to ask us your questions or [&hellip;]","og_url":"https:\/\/www.shf-hydro.org\/en\/themes-issues\/hydrotechnologies-and-fluid-mechanics\/naval-hydrodynamics\/","og_site_name":"SHF - Soci\u00e9t\u00e9 Hydrotechnique de France","article_modified_time":"2025-02-03T09:19:30+00:00","og_image":[{"width":386,"height":323,"url":"https:\/\/www.shf-hydro.org\/wp-content\/uploads\/2020\/04\/noun_chat_1421574-1-1.png","type":"image\/png"}],"twitter_card":"summary_large_image","schema":{"@context":"https:\/\/schema.org","@graph":[{"@type":"WebPage","@id":"https:\/\/www.shf-hydro.org\/en\/themes-issues\/hydrotechnologies-and-fluid-mechanics\/naval-hydrodynamics\/","url":"https:\/\/www.shf-hydro.org\/en\/themes-issues\/hydrotechnologies-and-fluid-mechanics\/naval-hydrodynamics\/","name":"Naval hydrodynamics - SHF - Soci\u00e9t\u00e9 Hydrotechnique de France","isPartOf":{"@id":"https:\/\/www.shf-hydro.org\/en\/#website"},"primaryImageOfPage":{"@id":"https:\/\/www.shf-hydro.org\/en\/themes-issues\/hydrotechnologies-and-fluid-mechanics\/naval-hydrodynamics\/#primaryimage"},"image":{"@id":"https:\/\/www.shf-hydro.org\/en\/themes-issues\/hydrotechnologies-and-fluid-mechanics\/naval-hydrodynamics\/#primaryimage"},"thumbnailUrl":"https:\/\/www.shf-hydro.org\/wp-content\/uploads\/2020\/04\/noun_chat_1421574-1-1.png","datePublished":"2020-07-17T15:12:32+00:00","dateModified":"2025-02-03T09:19:30+00:00","breadcrumb":{"@id":"https:\/\/www.shf-hydro.org\/en\/themes-issues\/hydrotechnologies-and-fluid-mechanics\/naval-hydrodynamics\/#breadcrumb"},"inLanguage":"en-US","potentialAction":[{"@type":"ReadAction","target":["https:\/\/www.shf-hydro.org\/en\/themes-issues\/hydrotechnologies-and-fluid-mechanics\/naval-hydrodynamics\/"]}]},{"@type":"ImageObject","inLanguage":"en-US","@id":"https:\/\/www.shf-hydro.org\/en\/themes-issues\/hydrotechnologies-and-fluid-mechanics\/naval-hydrodynamics\/#primaryimage","url":"https:\/\/www.shf-hydro.org\/wp-content\/uploads\/2020\/04\/noun_chat_1421574-1-1.png","contentUrl":"https:\/\/www.shf-hydro.org\/wp-content\/uploads\/2020\/04\/noun_chat_1421574-1-1.png"},{"@type":"BreadcrumbList","@id":"https:\/\/www.shf-hydro.org\/en\/themes-issues\/hydrotechnologies-and-fluid-mechanics\/naval-hydrodynamics\/#breadcrumb","itemListElement":[{"@type":"ListItem","position":1,"name":"Home","item":"https:\/\/www.shf-hydro.org\/en\/"},{"@type":"ListItem","position":2,"name":"Themes &#038; Issues","item":"\/en\/themes-issues\/hydrosystems-and-water-resources\/"},{"@type":"ListItem","position":3,"name":"Hydrotechnologies and fluid mechanics","item":"https:\/\/www.shf-hydro.org\/en\/thematiques-et-enjeux\/hydrotechnologies-et-mecanique-des-fluides\/"},{"@type":"ListItem","position":4,"name":"Naval hydrodynamics"}]},{"@type":"WebSite","@id":"https:\/\/www.shf-hydro.org\/en\/#website","url":"https:\/\/www.shf-hydro.org\/en\/","name":"SHF - Soci\u00e9t\u00e9 Hydrotechnique de France","description":"La science au service de l&#039;eau","publisher":{"@id":"https:\/\/www.shf-hydro.org\/en\/#organization"},"potentialAction":[{"@type":"SearchAction","target":{"@type":"EntryPoint","urlTemplate":"https:\/\/www.shf-hydro.org\/en\/?s={search_term_string}"},"query-input":{"@type":"PropertyValueSpecification","valueRequired":true,"valueName":"search_term_string"}}],"inLanguage":"en-US"},{"@type":"Organization","@id":"https:\/\/www.shf-hydro.org\/en\/#organization","name":"SHF - Soci\u00e9t\u00e9 Hydrotechnique de France","url":"https:\/\/www.shf-hydro.org\/en\/","logo":{"@type":"ImageObject","inLanguage":"en-US","@id":"https:\/\/www.shf-hydro.org\/en\/#\/schema\/logo\/image\/","url":"https:\/\/www.shf-hydro.org\/wp-content\/uploads\/2020\/03\/SHF-Societe_Hydrotechnique_de_France-Logo.png","contentUrl":"https:\/\/www.shf-hydro.org\/wp-content\/uploads\/2020\/03\/SHF-Societe_Hydrotechnique_de_France-Logo.png","width":1036,"height":1195,"caption":"SHF - Soci\u00e9t\u00e9 Hydrotechnique de France"},"image":{"@id":"https:\/\/www.shf-hydro.org\/en\/#\/schema\/logo\/image\/"}}]}},"jetpack_sharing_enabled":true,"_links":{"self":[{"href":"https:\/\/www.shf-hydro.org\/en\/wp-json\/wp\/v2\/pages\/4952","targetHints":{"allow":["GET"]}}],"collection":[{"href":"https:\/\/www.shf-hydro.org\/en\/wp-json\/wp\/v2\/pages"}],"about":[{"href":"https:\/\/www.shf-hydro.org\/en\/wp-json\/wp\/v2\/types\/page"}],"author":[{"embeddable":true,"href":"https:\/\/www.shf-hydro.org\/en\/wp-json\/wp\/v2\/users\/2"}],"replies":[{"embeddable":true,"href":"https:\/\/www.shf-hydro.org\/en\/wp-json\/wp\/v2\/comments?post=4952"}],"version-history":[{"count":4,"href":"https:\/\/www.shf-hydro.org\/en\/wp-json\/wp\/v2\/pages\/4952\/revisions"}],"predecessor-version":[{"id":22566,"href":"https:\/\/www.shf-hydro.org\/en\/wp-json\/wp\/v2\/pages\/4952\/revisions\/22566"}],"up":[{"embeddable":true,"href":"https:\/\/www.shf-hydro.org\/en\/wp-json\/wp\/v2\/pages\/4942"}],"wp:attachment":[{"href":"https:\/\/www.shf-hydro.org\/en\/wp-json\/wp\/v2\/media?parent=4952"}],"wp:term":[{"taxonomy":"category","embeddable":true,"href":"https:\/\/www.shf-hydro.org\/en\/wp-json\/wp\/v2\/categories?post=4952"},{"taxonomy":"post_tag","embeddable":true,"href":"https:\/\/www.shf-hydro.org\/en\/wp-json\/wp\/v2\/tags?post=4952"}],"curies":[{"name":"wp","href":"https:\/\/api.w.org\/{rel}","templated":true}]}}