{"id":5018,"date":"2020-07-17T19:48:07","date_gmt":"2020-07-17T17:48:07","guid":{"rendered":"https:\/\/www.shf-hydro.org\/members-and-partners\/our-members\/"},"modified":"2021-05-19T16:50:33","modified_gmt":"2021-05-19T14:50:33","slug":"our-members","status":"publish","type":"page","link":"https:\/\/www.shf-hydro.org\/en\/members-and-partners\/our-members\/","title":{"rendered":"Our Members"},"content":{"rendered":"\t\t<div data-elementor-type=\"wp-page\" data-elementor-id=\"5018\" class=\"elementor elementor-5018 elementor-1584\" data-elementor-post-type=\"page\">\n\t\t\t\t\t\t<section class=\"elementor-section elementor-top-section elementor-element elementor-element-2961052 elementor-section-boxed elementor-section-height-default elementor-section-height-default\" data-id=\"2961052\" data-element_type=\"section\" data-e-type=\"section\">\n\t\t\t\t\t\t<div class=\"elementor-container elementor-column-gap-default\">\n\t\t\t\t\t<div class=\"elementor-column elementor-col-33 elementor-top-column elementor-element elementor-element-04893a6\" data-id=\"04893a6\" data-element_type=\"column\" data-e-type=\"column\">\n\t\t\t<div class=\"elementor-widget-wrap elementor-element-populated\">\n\t\t\t\t\t\t<div class=\"elementor-element elementor-element-05813a5 elementor-widget elementor-widget-text-editor\" data-id=\"05813a5\" data-element_type=\"widget\" data-e-type=\"widget\" data-widget_type=\"text-editor.default\">\n\t\t\t\t\t\t\t\t\t<p style=\"text-align: center;\"><span style=\"color: #4da0d5;\">A<\/span><\/p>\n<p style=\"text-align: left;\">2AE<br \/>ACADEMIE DE L&#8217;EAU<br \/>ACRI S.A.<br \/>ACTHYS Diffusion<br \/>AFEID<br \/>AFEPTB<br \/>AFPCN<br \/>AGENCE DE L EAU ADOUR GARONNE<br \/>AGENCE DE L&#8217;EAU ARTOIS-PICARDIE <br \/><span style=\"color: #999999;\"><em>Dir. Ressources et Milieux<\/em><\/span><br \/>AGENCE DE L&#8217;EAU LOIRE BRETAGNE<br \/>AGENCE DE L&#8217;EAU RHIN-MEUSE<br \/>AGENCE DE L&#8217;EAU RM &amp; C<br \/>AGENCE DE L&#8217;EAU SEINE-NORMANDIE<br \/>AIDE<br \/>AIPCN FRANCE c\/o Cerema<br \/>AIRH IAHR Secretariat<br \/>ALPIQ SUISSE SA<br \/>ANDRITZ HYDRO SA<br \/>ANTEA GROUP <br \/><em><span style=\"color: #999999;\">Agence Rh\u00f4ne-Alpes &#8211; M\u00e9diterrann\u00e9e<\/span><\/em><br \/>AREAS<br \/>ARTELIA EAU ET ENVIRONNEMENT<br \/>ARTS et METIERS PARISTECH, LABORATOIRE DE MECANIQUE DE LILLE<br \/>ASSOCIATION DEPARTEMENTALE ISERE DRAC ROMANCHE<br \/>Association POSEIDOM <br \/><em><span style=\"color: #999999;\">(Pole des Sciences pour l&#8217;Etude Industrielle du Domaine Marin)<\/span><\/em><br \/>ASTEE<\/p>\n<p style=\"text-align: center;\"><span style=\"color: #4da0d5;\"><strong>B<\/strong><\/span><\/p>\n<p>BG INGENIEURS CONSEILS<br \/>BORDEAUX METROPOLE Direction de l&#8217;Eau<br \/>BRGM<br \/>BRL Ingenierie<br \/>BURGEAP<\/p>\n<p style=\"text-align: center;\"><span style=\"color: #4da0d5;\"><strong><span style=\"text-align: center;\">C<\/span><\/strong><\/span><\/p>\n<p style=\"text-align: left;\">Cie AMENAGEMENT COTEAUX DE GASCOGNE<br \/>CEA SACLAY &#8211; DEN\/DANS\/DM2S\/STMF<br \/>CEA\/FAR\/DPSN<br \/>CEMENTYS<br \/>CENTRO DE DOCUMENTACION TECNICA &#8211; PMM <em><span style=\"color: #999999;\">Facultad de Ingenieria UNNE<\/span><\/em><br \/>CEREMA<br \/>CFBR <br \/><em><span style=\"color: #999999;\">(Comit\u00e9 Fran\u00e7ais des Barrages &amp; R\u00e9servoirs)<\/span><\/em><br \/>CIRED &#8211; ENGREF<br \/>CLEMSON UNIVERSITY <br \/><em><span style=\"color: #999999;\">Dept of Mechanical Engineering<\/span><\/em><br \/>CLYDE UNION SPX <br \/><span style=\"color: #999999;\"><em>(ex David Brown Guinard pumps )<\/em><\/span><br \/>CNES PARIS Direction des Lanceurs<br \/>COMMISSION INTERNATIONALE DE L ESCAUT<br \/>COMMUNAUTE DE COMMUNES DU PAYS DE LUCHON<br \/>COMPAGNIE NATIONALE DU RHONE<br \/>CONSEIL GENERAL HAUTS DE SEINE&nbsp;<br \/><span style=\"color: #999999;\"><em>Direction de l&#8217;Eau<\/em><\/span><br \/>CONSEIL GENERAL SEINE ST DENIS&nbsp;<br \/><em><span style=\"color: #999999;\">Direction eau et assainissement<\/span><\/em><br \/>CORELOGIC RISK MANAGEMENT<\/p>\n<p style=\"text-align: left;\">\n\t\t\t\t\t\t\t\t<\/div>\n\t\t\t\t\t<\/div>\n\t\t<\/div>\n\t\t\t\t<div class=\"elementor-column elementor-col-33 elementor-top-column elementor-element elementor-element-47c23a3\" data-id=\"47c23a3\" data-element_type=\"column\" data-e-type=\"column\">\n\t\t\t<div class=\"elementor-widget-wrap elementor-element-populated\">\n\t\t\t\t\t\t<div class=\"elementor-element elementor-element-628bd0b elementor-widget elementor-widget-text-editor\" data-id=\"628bd0b\" data-element_type=\"widget\" data-e-type=\"widget\" data-widget_type=\"text-editor.default\">\n\t\t\t\t\t\t\t\t\t<p style=\"text-align: center;\"><span style=\"color: #4da0d5;\"><span style=\"font-weight: bolder;\">D<\/span><\/span><\/p>\n<p>DGE- DIRNA &#8211; EAU, Canton de Vaud<br \/>DHI &#8211; Eau -Environnement-Sant\u00e9<br \/>DREAL CENTRE VAL DE LOIRE<br \/>DREAL Lorraine<br \/>DREAL MIDI-PYRENEES<br \/>DRIEE IDF<br \/>DV Consulting Eau &amp; Environnement<\/p>\n<p style=\"text-align: center;\"><strong style=\"color: #4da0d5;\">E<\/strong><\/p>\n<p>EAU SERVICE PROJET<br \/>ECOLE CENTRALE DE NANTES<br \/>EDF &#8211; DPIH<br \/>EDF &#8211; R &amp; D<br \/>E-DRIC.CH<br \/>ENGEES <br \/><span style=\"color: #999999;\"><em>(Ecole Nationale du G\u00e9nie de l&#8217;Eau et de l&#8217;Environnement de Strasbourg)<\/em><\/span><br \/>EPFL\/IMHEF\/LMH<br \/>EPTB SEINE GRANDS LACS<br \/>ETABLISSEMENT PUBLIC LOIRE<\/p>\n<p style=\"text-align: center;\"><span style=\"color: #4da0d5;\"><strong>F<\/strong><\/span><\/p>\n<p style=\"text-align: left;\">FRANCE HYDROELECTRICITE<\/p>\n<p style=\"text-align: center;\"><span style=\"color: #4da0d5;\"><strong>G<\/strong><\/span><\/p>\n<p>GE POWER STEAM POWERSYSTEM<br \/>GEOMOD<br \/>GEOS INGENIEURS CONSEILS SAGFHN<br \/>GRAND PORT MARITIME DU HAVRE<br \/>GROUPE ESA<\/p>\n<p style=\"text-align: center;\"><span style=\"color: #4da0d5;\"><strong>H<\/strong><\/span><\/p>\n<p style=\"text-align: left;\">HOCHSCHULE TECHNIK LUZERN<br \/>HSF HYDRAULIQUE SANS FRONTIERES<br \/>HYDRATEC<br \/>HYDRO EXPLOITATION SA<br \/>HYDROCOOP<br \/>HYDRO-EXPERTISE<br \/>HYDROSTADIUM<\/p>\n<p style=\"text-align: center;\"><span style=\"color: #4da0d5;\"><strong>I<\/strong><\/span><\/p>\n<p style=\"text-align: left;\">IAV INSTITUTION D&#8217;AMENAGEMENT DE LA VILAINE<br \/>IFREMER &#8211; DYNECO<br \/>IFSTTAR Centre de NANTES <br \/><em><span style=\"color: #999999;\">Div. Eau et Environnement<\/span><\/em><br \/>IMdR (Institut pour la Ma\u00eetrise des Risques)<br \/>INGEROP<br \/>INSA DE LYON &#8211; Laboratoire DEEP<br \/>INSTITUT CLEMENT ADER, INSA Toulouse<br \/>INSTITUT DE MECANIQUE DES FLUIDES TOULOUSE<br \/>Institut Pprime<br \/><span style=\"color: #999999;\"><em>UPR 3346 CNRS &#8211; UNIVERSITE POITIERS<\/em><\/span><br \/>IRSN<br \/>IRSTEA<br \/>ISL Ingenierie<\/p>\n<p style=\"text-align: center;\"><span style=\"color: #2778ab;\"><span style=\"font-weight: bolder;\">L<\/span><\/span><\/p>\n<p>LABORATOIRE DE RECHERCHES HYDRAULIQUES &#8211; Minist. T.P Administr. des voies hydraul., (Belgique)<\/p>\n<p style=\"text-align: center;\"><span style=\"font-weight: bolder;\"><span style=\"color: #0884c2;\">M<\/span><\/span><\/p>\n<p>METEO-FRANCE<br \/>MISSION RISQUES NATURELS GPSA<br \/>MT BE SA Merytherm Bureau d&#8217;\u00e9tude<\/p>\n<div>\u00a0<\/div>\n\t\t\t\t\t\t\t\t<\/div>\n\t\t\t\t\t<\/div>\n\t\t<\/div>\n\t\t\t\t<div class=\"elementor-column elementor-col-33 elementor-top-column elementor-element elementor-element-30b0e26\" data-id=\"30b0e26\" data-element_type=\"column\" data-e-type=\"column\">\n\t\t\t<div class=\"elementor-widget-wrap elementor-element-populated\">\n\t\t\t\t\t\t<div class=\"elementor-element elementor-element-35e3c60 elementor-widget elementor-widget-text-editor\" data-id=\"35e3c60\" data-element_type=\"widget\" data-e-type=\"widget\" data-widget_type=\"text-editor.default\">\n\t\t\t\t\t\t\t\t\t<p style=\"text-align: center;\"><strong><span style=\"color: #0884c2;\">N<\/span><\/strong><\/p>\n<p style=\"text-align: left;\">NIVUS<br \/>NOVELTIS<\/p>\n<p style=\"text-align: center;\"><strong><span style=\"color: #0884c2;\">O<\/span><\/strong><\/p>\n<p style=\"text-align: left;\">OFFICE FEDERAL DE L&#8217;ENVIRONNEMENT (Suisse)<br \/>OFFICE INTERNATIONAL DE L&#8217;EAU<br \/>ONEMA<br \/>ONF<br \/>OTT France<\/p>\n<p style=\"text-align: center;\"><strong><span style=\"color: #267dc9;\">P<\/span><\/strong><\/p>\n<p>PI ENGINEERING Sarl<br \/>POLYTECH NICE UNIVERSITE DE NICE<\/p>\n<p style=\"text-align: center;\"><strong><span style=\"color: #267dc9;\">R<\/span><\/strong><\/p>\n<p>RHEA<\/p>\n<p style=\"text-align: center;\"><strong><span style=\"color: #267dc9;\">S<\/span><\/strong><\/p>\n<p>S.H.M. Soci\u00e9t\u00e9 Hydro\u00e9lectrique Moselle<br \/>SADE CGTH<br \/>SAFEGE<br \/>SAUR &#8211; DIRECTION R &amp; D<br \/>SCE<br \/>SCHAPI<br \/>SCIMABIO Interface<br \/>SECOE <br \/>(SERVICE ECOLOGIE DE L&#8217;EAU ETAT DE GENEVE)<br \/>SEPIA CONSEILS<br \/>SERAM<br \/>SERVICES INDUSTRIELS DE GENEVE Pole Energie<br \/>SOCIETE FRANCAISE DES THERMICIENS<br \/>STE HYDROELECTRIQUE DU MIDI<br \/>SNCF RESEAU Direction I&amp;P Ing\u00e9nierie et Projets<br \/>SOCIETE DU CANAL DE PROVENCE<br \/>SOCOTEC<br \/>SOMIVAL<br \/>SPW (Belgique)<br \/>STE d&#8217;AMENAGEMENT ET d&#8217;EXPLOITATION DE LA CHUTE DU RUISSEAU DES ONDES<br \/>STE DES EAUX DE MARSEILLE<br \/>St\u00e9 YLEC CONSULTANTS<br \/>STEEGBH MEDDE\/DGPR\/SRNH<br \/>STORENGY<br \/>STRATEGIES MER ET LITTORAL<br \/>SULZER<br \/>SYMADREM<br \/>SYNDICAT MIXTE BAIE MONT SAINT MICHEL<\/p>\n<p style=\"text-align: center;\"><span style=\"color: #267dc9;\"><strong>T<\/strong><\/span><\/p>\n<p>TIDAL LAGOON POWER Projets France<br \/>TRACTEBEL &#8211; ENGIE<\/p>\n<p style=\"text-align: center;\"><span style=\"color: #267dc9;\"><strong>U<\/strong><\/span><\/p>\n<p>UNIPER FRANCE<br \/>UNIVERSITE DE LIEGE (Ulg) <br \/><span style=\"color: #999999;\"><em>Departement ArGEnCo HECE<\/em><\/span><br \/>UNIVERSITE LUMIERE LYON2 <br \/><span style=\"color: #999999;\"><em>UFR Temps et Territoires<\/em><\/span><br \/>UNIVERSITE SAINT-JOSEPH <br \/><span style=\"color: #999999;\"><em>Ecole sup\u00e9rieure d&#8217;Ing\u00e9nieur (<\/em><\/span><\/p>\n\t\t\t\t\t\t\t\t<\/div>\n\t\t\t\t\t<\/div>\n\t\t<\/div>\n\t\t\t\t\t<\/div>\n\t\t<\/section>\n\t\t\t\t<\/div>\n\t\t","protected":false},"excerpt":{"rendered":"<p>A 2AEACADEMIE DE L&#8217;EAUACRI S.A.ACTHYS DiffusionAFEIDAFEPTBAFPCNAGENCE DE L EAU ADOUR GARONNEAGENCE DE L&#8217;EAU ARTOIS-PICARDIE Dir. Ressources et MilieuxAGENCE DE L&#8217;EAU LOIRE BRETAGNEAGENCE DE L&#8217;EAU RHIN-MEUSEAGENCE DE L&#8217;EAU RM &amp; CAGENCE DE L&#8217;EAU SEINE-NORMANDIEAIDEAIPCN FRANCE c\/o CeremaAIRH IAHR SecretariatALPIQ SUISSE SAANDRITZ HYDRO SAANTEA GROUP Agence Rh\u00f4ne-Alpes &#8211; M\u00e9diterrann\u00e9eAREASARTELIA EAU ET ENVIRONNEMENTARTS et METIERS PARISTECH, LABORATOIRE DE [&hellip;]<\/p>\n","protected":false},"author":2,"featured_media":0,"parent":5017,"menu_order":10,"comment_status":"closed","ping_status":"closed","template":"","meta":{"_acf_changed":false,"footnotes":"","_links_to":"","_links_to_target":""},"categories":[],"tags":[],"class_list":["post-5018","page","type-page","status-publish","hentry"],"acf":[],"yoast_head":"<!-- This site is optimized with the Yoast SEO plugin v27.2 - https:\/\/yoast.com\/product\/yoast-seo-wordpress\/ -->\n<title>Our Members - SHF - Soci\u00e9t\u00e9 Hydrotechnique de France<\/title>\n<meta name=\"robots\" content=\"index, follow, max-snippet:-1, max-image-preview:large, max-video-preview:-1\" \/>\n<link rel=\"canonical\" href=\"https:\/\/www.shf-hydro.org\/en\/members-and-partners\/our-members\/\" \/>\n<meta property=\"og:locale\" content=\"en_US\" \/>\n<meta property=\"og:type\" content=\"article\" \/>\n<meta property=\"og:title\" content=\"Our Members - SHF - Soci\u00e9t\u00e9 Hydrotechnique de France\" \/>\n<meta property=\"og:description\" content=\"A 2AEACADEMIE DE L&#8217;EAUACRI S.A.ACTHYS DiffusionAFEIDAFEPTBAFPCNAGENCE DE L EAU ADOUR GARONNEAGENCE DE L&#8217;EAU ARTOIS-PICARDIE Dir. Ressources et MilieuxAGENCE DE L&#8217;EAU LOIRE BRETAGNEAGENCE DE L&#8217;EAU RHIN-MEUSEAGENCE DE L&#8217;EAU RM &amp; CAGENCE DE L&#8217;EAU SEINE-NORMANDIEAIDEAIPCN FRANCE c\/o CeremaAIRH IAHR SecretariatALPIQ SUISSE SAANDRITZ HYDRO SAANTEA GROUP Agence Rh\u00f4ne-Alpes &#8211; M\u00e9diterrann\u00e9eAREASARTELIA EAU ET ENVIRONNEMENTARTS et METIERS PARISTECH, LABORATOIRE DE [&hellip;]\" \/>\n<meta property=\"og:url\" content=\"https:\/\/www.shf-hydro.org\/en\/members-and-partners\/our-members\/\" \/>\n<meta property=\"og:site_name\" content=\"SHF - Soci\u00e9t\u00e9 Hydrotechnique de France\" \/>\n<meta property=\"article:modified_time\" content=\"2021-05-19T14:50:33+00:00\" \/>\n<meta name=\"twitter:card\" content=\"summary_large_image\" \/>\n<meta name=\"twitter:label1\" content=\"Est. reading time\" \/>\n\t<meta name=\"twitter:data1\" content=\"2 minutes\" \/>\n<script type=\"application\/ld+json\" class=\"yoast-schema-graph\">{\"@context\":\"https:\/\/schema.org\",\"@graph\":[{\"@type\":\"WebPage\",\"@id\":\"https:\/\/www.shf-hydro.org\/en\/members-and-partners\/our-members\/\",\"url\":\"https:\/\/www.shf-hydro.org\/en\/members-and-partners\/our-members\/\",\"name\":\"Our Members - SHF - Soci\u00e9t\u00e9 Hydrotechnique de France\",\"isPartOf\":{\"@id\":\"https:\/\/www.shf-hydro.org\/en\/#website\"},\"datePublished\":\"2020-07-17T17:48:07+00:00\",\"dateModified\":\"2021-05-19T14:50:33+00:00\",\"breadcrumb\":{\"@id\":\"https:\/\/www.shf-hydro.org\/en\/members-and-partners\/our-members\/#breadcrumb\"},\"inLanguage\":\"en-US\",\"potentialAction\":[{\"@type\":\"ReadAction\",\"target\":[\"https:\/\/www.shf-hydro.org\/en\/members-and-partners\/our-members\/\"]}]},{\"@type\":\"BreadcrumbList\",\"@id\":\"https:\/\/www.shf-hydro.org\/en\/members-and-partners\/our-members\/#breadcrumb\",\"itemListElement\":[{\"@type\":\"ListItem\",\"position\":1,\"name\":\"Home\",\"item\":\"https:\/\/www.shf-hydro.org\/en\/\"},{\"@type\":\"ListItem\",\"position\":2,\"name\":\"Members and Partners\",\"item\":\"\/en\/members-and-partners\/our-members\/\"},{\"@type\":\"ListItem\",\"position\":3,\"name\":\"Our Members\"}]},{\"@type\":\"WebSite\",\"@id\":\"https:\/\/www.shf-hydro.org\/en\/#website\",\"url\":\"https:\/\/www.shf-hydro.org\/en\/\",\"name\":\"SHF - Soci\u00e9t\u00e9 Hydrotechnique de France\",\"description\":\"La science au service de l&#039;eau\",\"publisher\":{\"@id\":\"https:\/\/www.shf-hydro.org\/en\/#organization\"},\"potentialAction\":[{\"@type\":\"SearchAction\",\"target\":{\"@type\":\"EntryPoint\",\"urlTemplate\":\"https:\/\/www.shf-hydro.org\/en\/?s={search_term_string}\"},\"query-input\":{\"@type\":\"PropertyValueSpecification\",\"valueRequired\":true,\"valueName\":\"search_term_string\"}}],\"inLanguage\":\"en-US\"},{\"@type\":\"Organization\",\"@id\":\"https:\/\/www.shf-hydro.org\/en\/#organization\",\"name\":\"SHF - Soci\u00e9t\u00e9 Hydrotechnique de France\",\"url\":\"https:\/\/www.shf-hydro.org\/en\/\",\"logo\":{\"@type\":\"ImageObject\",\"inLanguage\":\"en-US\",\"@id\":\"https:\/\/www.shf-hydro.org\/en\/#\/schema\/logo\/image\/\",\"url\":\"https:\/\/www.shf-hydro.org\/wp-content\/uploads\/2020\/03\/SHF-Societe_Hydrotechnique_de_France-Logo.png\",\"contentUrl\":\"https:\/\/www.shf-hydro.org\/wp-content\/uploads\/2020\/03\/SHF-Societe_Hydrotechnique_de_France-Logo.png\",\"width\":1036,\"height\":1195,\"caption\":\"SHF - Soci\u00e9t\u00e9 Hydrotechnique de France\"},\"image\":{\"@id\":\"https:\/\/www.shf-hydro.org\/en\/#\/schema\/logo\/image\/\"}}]}<\/script>\n<!-- \/ Yoast SEO plugin. -->","yoast_head_json":{"title":"Our Members - SHF - Soci\u00e9t\u00e9 Hydrotechnique de France","robots":{"index":"index","follow":"follow","max-snippet":"max-snippet:-1","max-image-preview":"max-image-preview:large","max-video-preview":"max-video-preview:-1"},"canonical":"https:\/\/www.shf-hydro.org\/en\/members-and-partners\/our-members\/","og_locale":"en_US","og_type":"article","og_title":"Our Members - SHF - Soci\u00e9t\u00e9 Hydrotechnique de France","og_description":"A 2AEACADEMIE DE L&#8217;EAUACRI S.A.ACTHYS DiffusionAFEIDAFEPTBAFPCNAGENCE DE L EAU ADOUR GARONNEAGENCE DE L&#8217;EAU ARTOIS-PICARDIE Dir. Ressources et MilieuxAGENCE DE L&#8217;EAU LOIRE BRETAGNEAGENCE DE L&#8217;EAU RHIN-MEUSEAGENCE DE L&#8217;EAU RM &amp; CAGENCE DE L&#8217;EAU SEINE-NORMANDIEAIDEAIPCN FRANCE c\/o CeremaAIRH IAHR SecretariatALPIQ SUISSE SAANDRITZ HYDRO SAANTEA GROUP Agence Rh\u00f4ne-Alpes &#8211; M\u00e9diterrann\u00e9eAREASARTELIA EAU ET ENVIRONNEMENTARTS et METIERS PARISTECH, LABORATOIRE DE [&hellip;]","og_url":"https:\/\/www.shf-hydro.org\/en\/members-and-partners\/our-members\/","og_site_name":"SHF - Soci\u00e9t\u00e9 Hydrotechnique de France","article_modified_time":"2021-05-19T14:50:33+00:00","twitter_card":"summary_large_image","twitter_misc":{"Est. reading time":"2 minutes"},"schema":{"@context":"https:\/\/schema.org","@graph":[{"@type":"WebPage","@id":"https:\/\/www.shf-hydro.org\/en\/members-and-partners\/our-members\/","url":"https:\/\/www.shf-hydro.org\/en\/members-and-partners\/our-members\/","name":"Our Members - SHF - Soci\u00e9t\u00e9 Hydrotechnique de France","isPartOf":{"@id":"https:\/\/www.shf-hydro.org\/en\/#website"},"datePublished":"2020-07-17T17:48:07+00:00","dateModified":"2021-05-19T14:50:33+00:00","breadcrumb":{"@id":"https:\/\/www.shf-hydro.org\/en\/members-and-partners\/our-members\/#breadcrumb"},"inLanguage":"en-US","potentialAction":[{"@type":"ReadAction","target":["https:\/\/www.shf-hydro.org\/en\/members-and-partners\/our-members\/"]}]},{"@type":"BreadcrumbList","@id":"https:\/\/www.shf-hydro.org\/en\/members-and-partners\/our-members\/#breadcrumb","itemListElement":[{"@type":"ListItem","position":1,"name":"Home","item":"https:\/\/www.shf-hydro.org\/en\/"},{"@type":"ListItem","position":2,"name":"Members and Partners","item":"\/en\/members-and-partners\/our-members\/"},{"@type":"ListItem","position":3,"name":"Our Members"}]},{"@type":"WebSite","@id":"https:\/\/www.shf-hydro.org\/en\/#website","url":"https:\/\/www.shf-hydro.org\/en\/","name":"SHF - Soci\u00e9t\u00e9 Hydrotechnique de France","description":"La science au service de l&#039;eau","publisher":{"@id":"https:\/\/www.shf-hydro.org\/en\/#organization"},"potentialAction":[{"@type":"SearchAction","target":{"@type":"EntryPoint","urlTemplate":"https:\/\/www.shf-hydro.org\/en\/?s={search_term_string}"},"query-input":{"@type":"PropertyValueSpecification","valueRequired":true,"valueName":"search_term_string"}}],"inLanguage":"en-US"},{"@type":"Organization","@id":"https:\/\/www.shf-hydro.org\/en\/#organization","name":"SHF - Soci\u00e9t\u00e9 Hydrotechnique de France","url":"https:\/\/www.shf-hydro.org\/en\/","logo":{"@type":"ImageObject","inLanguage":"en-US","@id":"https:\/\/www.shf-hydro.org\/en\/#\/schema\/logo\/image\/","url":"https:\/\/www.shf-hydro.org\/wp-content\/uploads\/2020\/03\/SHF-Societe_Hydrotechnique_de_France-Logo.png","contentUrl":"https:\/\/www.shf-hydro.org\/wp-content\/uploads\/2020\/03\/SHF-Societe_Hydrotechnique_de_France-Logo.png","width":1036,"height":1195,"caption":"SHF - Soci\u00e9t\u00e9 Hydrotechnique de France"},"image":{"@id":"https:\/\/www.shf-hydro.org\/en\/#\/schema\/logo\/image\/"}}]}},"jetpack_sharing_enabled":true,"_links":{"self":[{"href":"https:\/\/www.shf-hydro.org\/en\/wp-json\/wp\/v2\/pages\/5018","targetHints":{"allow":["GET"]}}],"collection":[{"href":"https:\/\/www.shf-hydro.org\/en\/wp-json\/wp\/v2\/pages"}],"about":[{"href":"https:\/\/www.shf-hydro.org\/en\/wp-json\/wp\/v2\/types\/page"}],"author":[{"embeddable":true,"href":"https:\/\/www.shf-hydro.org\/en\/wp-json\/wp\/v2\/users\/2"}],"replies":[{"embeddable":true,"href":"https:\/\/www.shf-hydro.org\/en\/wp-json\/wp\/v2\/comments?post=5018"}],"version-history":[{"count":1,"href":"https:\/\/www.shf-hydro.org\/en\/wp-json\/wp\/v2\/pages\/5018\/revisions"}],"predecessor-version":[{"id":5927,"href":"https:\/\/www.shf-hydro.org\/en\/wp-json\/wp\/v2\/pages\/5018\/revisions\/5927"}],"up":[{"embeddable":true,"href":"https:\/\/www.shf-hydro.org\/en\/wp-json\/wp\/v2\/pages\/5017"}],"wp:attachment":[{"href":"https:\/\/www.shf-hydro.org\/en\/wp-json\/wp\/v2\/media?parent=5018"}],"wp:term":[{"taxonomy":"category","embeddable":true,"href":"https:\/\/www.shf-hydro.org\/en\/wp-json\/wp\/v2\/categories?post=5018"},{"taxonomy":"post_tag","embeddable":true,"href":"https:\/\/www.shf-hydro.org\/en\/wp-json\/wp\/v2\/tags?post=5018"}],"curies":[{"name":"wp","href":"https:\/\/api.w.org\/{rel}","templated":true}]}}