{"id":5021,"date":"2020-07-17T19:58:04","date_gmt":"2020-07-17T17:58:04","guid":{"rendered":"https:\/\/www.shf-hydro.org\/members-and-partners\/the-gis\/"},"modified":"2021-05-19T16:50:40","modified_gmt":"2021-05-19T14:50:40","slug":"the-gis","status":"publish","type":"page","link":"https:\/\/www.shf-hydro.org\/en\/members-and-partners\/the-gis\/","title":{"rendered":"The GIS"},"content":{"rendered":"\t\t<div data-elementor-type=\"wp-page\" data-elementor-id=\"5021\" class=\"elementor elementor-5021 elementor-1578\" data-elementor-post-type=\"page\">\n\t\t\t\t\t\t<section class=\"elementor-section elementor-top-section elementor-element elementor-element-00e20ef elementor-section-boxed elementor-section-height-default elementor-section-height-default\" data-id=\"00e20ef\" data-element_type=\"section\" data-e-type=\"section\">\n\t\t\t\t\t\t<div class=\"elementor-container elementor-column-gap-default\">\n\t\t\t\t\t<div class=\"elementor-column elementor-col-33 elementor-top-column elementor-element elementor-element-7118492\" data-id=\"7118492\" data-element_type=\"column\" data-e-type=\"column\">\n\t\t\t<div class=\"elementor-widget-wrap elementor-element-populated\">\n\t\t\t\t\t\t<div class=\"elementor-element elementor-element-3b5a0fa elementor-widget elementor-widget-image\" data-id=\"3b5a0fa\" data-element_type=\"widget\" data-e-type=\"widget\" data-widget_type=\"image.default\">\n\t\t\t\t\t\t\t\t\t\t\t\t\t\t\t\t<a href=\"https:\/\/www.gis-hed2.fr\/\" target=\"_blank\">\n\t\t\t\t\t\t\t<img fetchpriority=\"high\" decoding=\"async\" width=\"769\" height=\"379\" src=\"https:\/\/www.shf-hydro.org\/wp-content\/uploads\/2020\/04\/GIS-Final-Black.png\" class=\"attachment-large size-large wp-image-1622\" alt=\"\" srcset=\"https:\/\/www.shf-hydro.org\/wp-content\/uploads\/2020\/04\/GIS-Final-Black.png 769w, https:\/\/www.shf-hydro.org\/wp-content\/uploads\/2020\/04\/GIS-Final-Black-300x148.png 300w, https:\/\/www.shf-hydro.org\/wp-content\/uploads\/2020\/04\/GIS-Final-Black-600x296.png 600w\" sizes=\"(max-width: 769px) 100vw, 769px\" \/>\t\t\t\t\t\t\t\t<\/a>\n\t\t\t\t\t\t\t\t\t\t\t\t\t\t\t<\/div>\n\t\t\t\t\t<\/div>\n\t\t<\/div>\n\t\t\t\t<div class=\"elementor-column elementor-col-66 elementor-top-column elementor-element elementor-element-9adc69d\" data-id=\"9adc69d\" data-element_type=\"column\" data-e-type=\"column\">\n\t\t\t<div class=\"elementor-widget-wrap elementor-element-populated\">\n\t\t\t\t\t\t<div class=\"elementor-element elementor-element-51dee9a elementor-widget elementor-widget-text-editor\" data-id=\"51dee9a\" data-element_type=\"widget\" data-e-type=\"widget\" data-widget_type=\"text-editor.default\">\n\t\t\t\t\t\t\t\t\t<p><span class=\"tlid-translation translation\" lang=\"en\" tabindex=\"-1\"><span class=\"\" title=\"\">The purpose of the GIS Hydraulique pour l&#8217;Environnement et le D\u00e9veloppement Durable (GIS HED\u00b2) is to strengthen and extend research on environmental hydraulics applied to the management of coastal, estuarine, port, urban and river areas.<\/span> <span class=\"\" title=\"\">To this end, it mainly aims to lead the development of national and international research projects, to make more visible and attractive, in particular at international level, the researches developed in France on this thematic, to federate French research by developing a community<\/span> <span title=\"\">&#8220;Profession&#8221; on hydraulic research and listen to the operational needs of the owners.<\/span><\/span><\/p>\n<p><a href=\"https:\/\/www.gis-hed2.fr\/\" target=\"_blank\" rel=\"noopener\">Website<\/a><\/p>\n\t\t\t\t\t\t\t\t<\/div>\n\t\t\t\t\t<\/div>\n\t\t<\/div>\n\t\t\t\t\t<\/div>\n\t\t<\/section>\n\t\t\t\t<section class=\"elementor-section elementor-top-section elementor-element elementor-element-31ddcc3 elementor-section-boxed elementor-section-height-default elementor-section-height-default\" data-id=\"31ddcc3\" data-element_type=\"section\" data-e-type=\"section\">\n\t\t\t\t\t\t<div class=\"elementor-container elementor-column-gap-default\">\n\t\t\t\t\t<div class=\"elementor-column elementor-col-33 elementor-top-column elementor-element elementor-element-fe6f5b7\" data-id=\"fe6f5b7\" data-element_type=\"column\" data-e-type=\"column\">\n\t\t\t<div class=\"elementor-widget-wrap elementor-element-populated\">\n\t\t\t\t\t\t<div class=\"elementor-element elementor-element-cc4c759 elementor-widget-divider--view-line elementor-widget elementor-widget-divider\" data-id=\"cc4c759\" data-element_type=\"widget\" data-e-type=\"widget\" data-widget_type=\"divider.default\">\n\t\t\t\t\t\t\t<div class=\"elementor-divider\">\n\t\t\t<span class=\"elementor-divider-separator\">\n\t\t\t\t\t\t<\/span>\n\t\t<\/div>\n\t\t\t\t\t\t<\/div>\n\t\t\t\t\t<\/div>\n\t\t<\/div>\n\t\t\t\t<div class=\"elementor-column elementor-col-33 elementor-top-column elementor-element elementor-element-d86a1fd\" data-id=\"d86a1fd\" data-element_type=\"column\" data-e-type=\"column\">\n\t\t\t<div class=\"elementor-widget-wrap elementor-element-populated\">\n\t\t\t\t\t\t<div class=\"elementor-element elementor-element-dd6a81b elementor-widget elementor-widget-heading\" data-id=\"dd6a81b\" data-element_type=\"widget\" data-e-type=\"widget\" data-widget_type=\"heading.default\">\n\t\t\t\t\t<h2 class=\"elementor-heading-title elementor-size-default\">GIS Members<\/h2>\t\t\t\t<\/div>\n\t\t\t\t\t<\/div>\n\t\t<\/div>\n\t\t\t\t<div class=\"elementor-column elementor-col-33 elementor-top-column elementor-element elementor-element-78be35a\" data-id=\"78be35a\" data-element_type=\"column\" data-e-type=\"column\">\n\t\t\t<div class=\"elementor-widget-wrap elementor-element-populated\">\n\t\t\t\t\t\t<div class=\"elementor-element elementor-element-1d6a8a3 elementor-widget-divider--view-line elementor-widget elementor-widget-divider\" data-id=\"1d6a8a3\" data-element_type=\"widget\" data-e-type=\"widget\" data-widget_type=\"divider.default\">\n\t\t\t\t\t\t\t<div class=\"elementor-divider\">\n\t\t\t<span class=\"elementor-divider-separator\">\n\t\t\t\t\t\t<\/span>\n\t\t<\/div>\n\t\t\t\t\t\t<\/div>\n\t\t\t\t\t<\/div>\n\t\t<\/div>\n\t\t\t\t\t<\/div>\n\t\t<\/section>\n\t\t\t\t<section class=\"elementor-section elementor-top-section elementor-element elementor-element-6c46183 elementor-section-boxed elementor-section-height-default elementor-section-height-default\" data-id=\"6c46183\" data-element_type=\"section\" data-e-type=\"section\">\n\t\t\t\t\t\t<div class=\"elementor-container elementor-column-gap-default\">\n\t\t\t\t\t<div class=\"elementor-column elementor-col-33 elementor-top-column elementor-element elementor-element-6f07111\" data-id=\"6f07111\" data-element_type=\"column\" data-e-type=\"column\">\n\t\t\t<div class=\"elementor-widget-wrap elementor-element-populated\">\n\t\t\t\t\t\t<div class=\"elementor-element elementor-element-5b7a8a6 elementor-widget elementor-widget-text-editor\" data-id=\"5b7a8a6\" data-element_type=\"widget\" data-e-type=\"widget\" data-widget_type=\"text-editor.default\">\n\t\t\t\t\t\t\t\t\t<p>Argans Ltd<br \/>Artelia<br \/>BRGM<br \/>Cerema<br \/>Cerfacs<br \/>CNRS<\/p>\n\t\t\t\t\t\t\t\t<\/div>\n\t\t\t\t\t<\/div>\n\t\t<\/div>\n\t\t\t\t<div class=\"elementor-column elementor-col-33 elementor-top-column elementor-element elementor-element-c98b4f9\" data-id=\"c98b4f9\" data-element_type=\"column\" data-e-type=\"column\">\n\t\t\t<div class=\"elementor-widget-wrap elementor-element-populated\">\n\t\t\t\t\t\t<div class=\"elementor-element elementor-element-e5e14ae elementor-widget elementor-widget-text-editor\" data-id=\"e5e14ae\" data-element_type=\"widget\" data-e-type=\"widget\" data-widget_type=\"text-editor.default\">\n\t\t\t\t\t\t\t\t\t<p>\u00c9cole Centrale de Lyon<br \/>\u00c9cole Centrale de Marseille<br \/>\u00c9cole des Ponts<br \/>EDF<br \/>Engees<br \/>ESTP<\/p>\n\t\t\t\t\t\t\t\t<\/div>\n\t\t\t\t\t<\/div>\n\t\t<\/div>\n\t\t\t\t<div class=\"elementor-column elementor-col-33 elementor-top-column elementor-element elementor-element-06ee054\" data-id=\"06ee054\" data-element_type=\"column\" data-e-type=\"column\">\n\t\t\t<div class=\"elementor-widget-wrap elementor-element-populated\">\n\t\t\t\t\t\t<div class=\"elementor-element elementor-element-39bcfbe elementor-widget elementor-widget-text-editor\" data-id=\"39bcfbe\" data-element_type=\"widget\" data-e-type=\"widget\" data-widget_type=\"text-editor.default\">\n\t\t\t\t\t\t\t\t\t<p>Foam-Utilisateurs<br \/>Hydrologik<br \/>Ifremer<br \/>INP de Toulouse<br \/>INRAE<br \/>Insa de Lyon<\/p>\n\t\t\t\t\t\t\t\t<\/div>\n\t\t\t\t\t<\/div>\n\t\t<\/div>\n\t\t\t\t\t<\/div>\n\t\t<\/section>\n\t\t\t\t<\/div>\n\t\t","protected":false},"excerpt":{"rendered":"<p>The purpose of the GIS Hydraulique pour l&#8217;Environnement et le D\u00e9veloppement Durable (GIS HED\u00b2) is to strengthen and extend research on environmental hydraulics applied to the management of coastal, estuarine, port, urban and river areas. To this end, it mainly aims to lead the development of national and international research projects, to make more visible [&hellip;]<\/p>\n","protected":false},"author":2,"featured_media":0,"parent":5017,"menu_order":20,"comment_status":"closed","ping_status":"closed","template":"","meta":{"_acf_changed":false,"footnotes":"","_links_to":"","_links_to_target":""},"categories":[],"tags":[],"class_list":["post-5021","page","type-page","status-publish","hentry"],"acf":[],"yoast_head":"<!-- This site is optimized with the Yoast SEO plugin v27.2 - https:\/\/yoast.com\/product\/yoast-seo-wordpress\/ -->\n<title>The GIS - SHF - Soci\u00e9t\u00e9 Hydrotechnique de France<\/title>\n<meta name=\"robots\" content=\"index, follow, max-snippet:-1, max-image-preview:large, max-video-preview:-1\" \/>\n<link rel=\"canonical\" href=\"https:\/\/www.shf-hydro.org\/en\/members-and-partners\/the-gis\/\" \/>\n<meta property=\"og:locale\" content=\"en_US\" \/>\n<meta property=\"og:type\" content=\"article\" \/>\n<meta property=\"og:title\" content=\"The GIS - SHF - Soci\u00e9t\u00e9 Hydrotechnique de France\" \/>\n<meta property=\"og:description\" content=\"The purpose of the GIS Hydraulique pour l&#8217;Environnement et le D\u00e9veloppement Durable (GIS HED\u00b2) is to strengthen and extend research on environmental hydraulics applied to the management of coastal, estuarine, port, urban and river areas. To this end, it mainly aims to lead the development of national and international research projects, to make more visible [&hellip;]\" \/>\n<meta property=\"og:url\" content=\"https:\/\/www.shf-hydro.org\/en\/members-and-partners\/the-gis\/\" \/>\n<meta property=\"og:site_name\" content=\"SHF - Soci\u00e9t\u00e9 Hydrotechnique de France\" \/>\n<meta property=\"article:modified_time\" content=\"2021-05-19T14:50:40+00:00\" \/>\n<meta property=\"og:image\" content=\"https:\/\/www.shf-hydro.org\/wp-content\/uploads\/2020\/04\/GIS-Final-Black.png\" \/>\n<meta name=\"twitter:card\" content=\"summary_large_image\" \/>\n<meta name=\"twitter:label1\" content=\"Est. reading time\" \/>\n\t<meta name=\"twitter:data1\" content=\"1 minute\" \/>\n<script type=\"application\/ld+json\" class=\"yoast-schema-graph\">{\"@context\":\"https:\/\/schema.org\",\"@graph\":[{\"@type\":\"WebPage\",\"@id\":\"https:\/\/www.shf-hydro.org\/en\/members-and-partners\/the-gis\/\",\"url\":\"https:\/\/www.shf-hydro.org\/en\/members-and-partners\/the-gis\/\",\"name\":\"The GIS - SHF - Soci\u00e9t\u00e9 Hydrotechnique de France\",\"isPartOf\":{\"@id\":\"https:\/\/www.shf-hydro.org\/en\/#website\"},\"primaryImageOfPage\":{\"@id\":\"https:\/\/www.shf-hydro.org\/en\/members-and-partners\/the-gis\/#primaryimage\"},\"image\":{\"@id\":\"https:\/\/www.shf-hydro.org\/en\/members-and-partners\/the-gis\/#primaryimage\"},\"thumbnailUrl\":\"https:\/\/www.shf-hydro.org\/wp-content\/uploads\/2020\/04\/GIS-Final-Black.png\",\"datePublished\":\"2020-07-17T17:58:04+00:00\",\"dateModified\":\"2021-05-19T14:50:40+00:00\",\"breadcrumb\":{\"@id\":\"https:\/\/www.shf-hydro.org\/en\/members-and-partners\/the-gis\/#breadcrumb\"},\"inLanguage\":\"en-US\",\"potentialAction\":[{\"@type\":\"ReadAction\",\"target\":[\"https:\/\/www.shf-hydro.org\/en\/members-and-partners\/the-gis\/\"]}]},{\"@type\":\"ImageObject\",\"inLanguage\":\"en-US\",\"@id\":\"https:\/\/www.shf-hydro.org\/en\/members-and-partners\/the-gis\/#primaryimage\",\"url\":\"https:\/\/www.shf-hydro.org\/wp-content\/uploads\/2020\/04\/GIS-Final-Black.png\",\"contentUrl\":\"https:\/\/www.shf-hydro.org\/wp-content\/uploads\/2020\/04\/GIS-Final-Black.png\"},{\"@type\":\"BreadcrumbList\",\"@id\":\"https:\/\/www.shf-hydro.org\/en\/members-and-partners\/the-gis\/#breadcrumb\",\"itemListElement\":[{\"@type\":\"ListItem\",\"position\":1,\"name\":\"Home\",\"item\":\"https:\/\/www.shf-hydro.org\/en\/\"},{\"@type\":\"ListItem\",\"position\":2,\"name\":\"Members and Partners\",\"item\":\"\/en\/members-and-partners\/our-members\/\"},{\"@type\":\"ListItem\",\"position\":3,\"name\":\"The GIS\"}]},{\"@type\":\"WebSite\",\"@id\":\"https:\/\/www.shf-hydro.org\/en\/#website\",\"url\":\"https:\/\/www.shf-hydro.org\/en\/\",\"name\":\"SHF - Soci\u00e9t\u00e9 Hydrotechnique de France\",\"description\":\"La science au service de l&#039;eau\",\"publisher\":{\"@id\":\"https:\/\/www.shf-hydro.org\/en\/#organization\"},\"potentialAction\":[{\"@type\":\"SearchAction\",\"target\":{\"@type\":\"EntryPoint\",\"urlTemplate\":\"https:\/\/www.shf-hydro.org\/en\/?s={search_term_string}\"},\"query-input\":{\"@type\":\"PropertyValueSpecification\",\"valueRequired\":true,\"valueName\":\"search_term_string\"}}],\"inLanguage\":\"en-US\"},{\"@type\":\"Organization\",\"@id\":\"https:\/\/www.shf-hydro.org\/en\/#organization\",\"name\":\"SHF - Soci\u00e9t\u00e9 Hydrotechnique de France\",\"url\":\"https:\/\/www.shf-hydro.org\/en\/\",\"logo\":{\"@type\":\"ImageObject\",\"inLanguage\":\"en-US\",\"@id\":\"https:\/\/www.shf-hydro.org\/en\/#\/schema\/logo\/image\/\",\"url\":\"https:\/\/www.shf-hydro.org\/wp-content\/uploads\/2020\/03\/SHF-Societe_Hydrotechnique_de_France-Logo.png\",\"contentUrl\":\"https:\/\/www.shf-hydro.org\/wp-content\/uploads\/2020\/03\/SHF-Societe_Hydrotechnique_de_France-Logo.png\",\"width\":1036,\"height\":1195,\"caption\":\"SHF - Soci\u00e9t\u00e9 Hydrotechnique de France\"},\"image\":{\"@id\":\"https:\/\/www.shf-hydro.org\/en\/#\/schema\/logo\/image\/\"}}]}<\/script>\n<!-- \/ Yoast SEO plugin. -->","yoast_head_json":{"title":"The GIS - SHF - Soci\u00e9t\u00e9 Hydrotechnique de France","robots":{"index":"index","follow":"follow","max-snippet":"max-snippet:-1","max-image-preview":"max-image-preview:large","max-video-preview":"max-video-preview:-1"},"canonical":"https:\/\/www.shf-hydro.org\/en\/members-and-partners\/the-gis\/","og_locale":"en_US","og_type":"article","og_title":"The GIS - SHF - Soci\u00e9t\u00e9 Hydrotechnique de France","og_description":"The purpose of the GIS Hydraulique pour l&#8217;Environnement et le D\u00e9veloppement Durable (GIS HED\u00b2) is to strengthen and extend research on environmental hydraulics applied to the management of coastal, estuarine, port, urban and river areas. To this end, it mainly aims to lead the development of national and international research projects, to make more visible [&hellip;]","og_url":"https:\/\/www.shf-hydro.org\/en\/members-and-partners\/the-gis\/","og_site_name":"SHF - Soci\u00e9t\u00e9 Hydrotechnique de France","article_modified_time":"2021-05-19T14:50:40+00:00","og_image":[{"url":"https:\/\/www.shf-hydro.org\/wp-content\/uploads\/2020\/04\/GIS-Final-Black.png","type":"","width":"","height":""}],"twitter_card":"summary_large_image","twitter_misc":{"Est. reading time":"1 minute"},"schema":{"@context":"https:\/\/schema.org","@graph":[{"@type":"WebPage","@id":"https:\/\/www.shf-hydro.org\/en\/members-and-partners\/the-gis\/","url":"https:\/\/www.shf-hydro.org\/en\/members-and-partners\/the-gis\/","name":"The GIS - SHF - Soci\u00e9t\u00e9 Hydrotechnique de France","isPartOf":{"@id":"https:\/\/www.shf-hydro.org\/en\/#website"},"primaryImageOfPage":{"@id":"https:\/\/www.shf-hydro.org\/en\/members-and-partners\/the-gis\/#primaryimage"},"image":{"@id":"https:\/\/www.shf-hydro.org\/en\/members-and-partners\/the-gis\/#primaryimage"},"thumbnailUrl":"https:\/\/www.shf-hydro.org\/wp-content\/uploads\/2020\/04\/GIS-Final-Black.png","datePublished":"2020-07-17T17:58:04+00:00","dateModified":"2021-05-19T14:50:40+00:00","breadcrumb":{"@id":"https:\/\/www.shf-hydro.org\/en\/members-and-partners\/the-gis\/#breadcrumb"},"inLanguage":"en-US","potentialAction":[{"@type":"ReadAction","target":["https:\/\/www.shf-hydro.org\/en\/members-and-partners\/the-gis\/"]}]},{"@type":"ImageObject","inLanguage":"en-US","@id":"https:\/\/www.shf-hydro.org\/en\/members-and-partners\/the-gis\/#primaryimage","url":"https:\/\/www.shf-hydro.org\/wp-content\/uploads\/2020\/04\/GIS-Final-Black.png","contentUrl":"https:\/\/www.shf-hydro.org\/wp-content\/uploads\/2020\/04\/GIS-Final-Black.png"},{"@type":"BreadcrumbList","@id":"https:\/\/www.shf-hydro.org\/en\/members-and-partners\/the-gis\/#breadcrumb","itemListElement":[{"@type":"ListItem","position":1,"name":"Home","item":"https:\/\/www.shf-hydro.org\/en\/"},{"@type":"ListItem","position":2,"name":"Members and Partners","item":"\/en\/members-and-partners\/our-members\/"},{"@type":"ListItem","position":3,"name":"The GIS"}]},{"@type":"WebSite","@id":"https:\/\/www.shf-hydro.org\/en\/#website","url":"https:\/\/www.shf-hydro.org\/en\/","name":"SHF - Soci\u00e9t\u00e9 Hydrotechnique de France","description":"La science au service de l&#039;eau","publisher":{"@id":"https:\/\/www.shf-hydro.org\/en\/#organization"},"potentialAction":[{"@type":"SearchAction","target":{"@type":"EntryPoint","urlTemplate":"https:\/\/www.shf-hydro.org\/en\/?s={search_term_string}"},"query-input":{"@type":"PropertyValueSpecification","valueRequired":true,"valueName":"search_term_string"}}],"inLanguage":"en-US"},{"@type":"Organization","@id":"https:\/\/www.shf-hydro.org\/en\/#organization","name":"SHF - Soci\u00e9t\u00e9 Hydrotechnique de France","url":"https:\/\/www.shf-hydro.org\/en\/","logo":{"@type":"ImageObject","inLanguage":"en-US","@id":"https:\/\/www.shf-hydro.org\/en\/#\/schema\/logo\/image\/","url":"https:\/\/www.shf-hydro.org\/wp-content\/uploads\/2020\/03\/SHF-Societe_Hydrotechnique_de_France-Logo.png","contentUrl":"https:\/\/www.shf-hydro.org\/wp-content\/uploads\/2020\/03\/SHF-Societe_Hydrotechnique_de_France-Logo.png","width":1036,"height":1195,"caption":"SHF - Soci\u00e9t\u00e9 Hydrotechnique de France"},"image":{"@id":"https:\/\/www.shf-hydro.org\/en\/#\/schema\/logo\/image\/"}}]}},"jetpack_sharing_enabled":true,"_links":{"self":[{"href":"https:\/\/www.shf-hydro.org\/en\/wp-json\/wp\/v2\/pages\/5021","targetHints":{"allow":["GET"]}}],"collection":[{"href":"https:\/\/www.shf-hydro.org\/en\/wp-json\/wp\/v2\/pages"}],"about":[{"href":"https:\/\/www.shf-hydro.org\/en\/wp-json\/wp\/v2\/types\/page"}],"author":[{"embeddable":true,"href":"https:\/\/www.shf-hydro.org\/en\/wp-json\/wp\/v2\/users\/2"}],"replies":[{"embeddable":true,"href":"https:\/\/www.shf-hydro.org\/en\/wp-json\/wp\/v2\/comments?post=5021"}],"version-history":[{"count":1,"href":"https:\/\/www.shf-hydro.org\/en\/wp-json\/wp\/v2\/pages\/5021\/revisions"}],"predecessor-version":[{"id":5928,"href":"https:\/\/www.shf-hydro.org\/en\/wp-json\/wp\/v2\/pages\/5021\/revisions\/5928"}],"up":[{"embeddable":true,"href":"https:\/\/www.shf-hydro.org\/en\/wp-json\/wp\/v2\/pages\/5017"}],"wp:attachment":[{"href":"https:\/\/www.shf-hydro.org\/en\/wp-json\/wp\/v2\/media?parent=5021"}],"wp:term":[{"taxonomy":"category","embeddable":true,"href":"https:\/\/www.shf-hydro.org\/en\/wp-json\/wp\/v2\/categories?post=5021"},{"taxonomy":"post_tag","embeddable":true,"href":"https:\/\/www.shf-hydro.org\/en\/wp-json\/wp\/v2\/tags?post=5021"}],"curies":[{"name":"wp","href":"https:\/\/api.w.org\/{rel}","templated":true}]}}