{"id":5037,"date":"2020-07-17T20:10:01","date_gmt":"2020-07-17T18:10:01","guid":{"rendered":"https:\/\/www.shf-hydro.org\/institutional\/terms-of-service\/"},"modified":"2021-05-19T16:51:53","modified_gmt":"2021-05-19T14:51:53","slug":"terms-of-service","status":"publish","type":"page","link":"https:\/\/www.shf-hydro.org\/en\/institutional\/terms-of-service\/","title":{"rendered":"Terms of Service"},"content":{"rendered":"\t\t<div data-elementor-type=\"wp-page\" data-elementor-id=\"5037\" class=\"elementor elementor-5037 elementor-211\" data-elementor-post-type=\"page\">\n\t\t\t\t\t\t<section class=\"elementor-section elementor-top-section elementor-element elementor-element-973c12e elementor-section-boxed elementor-section-height-default elementor-section-height-default\" data-id=\"973c12e\" data-element_type=\"section\" data-e-type=\"section\">\n\t\t\t\t\t\t<div class=\"elementor-container elementor-column-gap-default\">\n\t\t\t\t\t<div class=\"elementor-column elementor-col-100 elementor-top-column elementor-element elementor-element-a8ae50a\" data-id=\"a8ae50a\" data-element_type=\"column\" data-e-type=\"column\">\n\t\t\t<div class=\"elementor-widget-wrap elementor-element-populated\">\n\t\t\t\t\t\t<div class=\"elementor-element elementor-element-5058dcd elementor-widget elementor-widget-text-editor\" data-id=\"5058dcd\" data-element_type=\"widget\" data-e-type=\"widget\" data-widget_type=\"text-editor.default\">\n\t\t\t\t\t\t\t\t\t<p><span style=\"color: #2589ba; font-size: 18px;\"><strong>Identit\u00e9<\/strong><\/span><\/p>\n<p>Soci\u00e9t\u00e9 Hydrotechnique de France (SHF)<\/p>\n<p>Siret : 784 309 056 00025<\/p>\n<p>Code APE 731 Z<\/p>\n<p>TVA intracommunautaire : FR23 784 309 056<\/p>\n<p><\/p>\n<\/p>\n<p><span style=\"color: #2589ba; font-size: 18px;\"><strong>Si\u00e8ge social<\/strong><\/span><\/p>\n<p>25 rue des Favorites 75015 Paris France<\/p>\n<p>T\u00e9l : +33 1 42 50 91 03<\/p>\n<p>Fax : +33 1 42 50 59 83<\/p>\n<p>Mail : <a href=\"mailto:contact@shf-hydro.org\">contact@shf-hydro.org<\/a><\/p>\n<p><\/p>\n<\/p>\n<p><span style=\"color: #2589ba; font-size: 18px;\"><strong>Pr\u00e9ambule<\/strong><\/span><\/p>\n<p>L\u2019utilisateur (personne physique majeure ou personne morale) souhaitant effectuer une transaction via le site Internet de la SHF https:\/\/www.shf-hydro.org convient que les pr\u00e9sentes conditions de vente, disponibles au jour de l&#8217;op\u00e9ration r\u00e9gissent exclusivement leur relation.<\/p>\n<p><\/p>\n<\/p>\n<p><span style=\"color: #2589ba; font-size: 18px;\"><strong>Propri\u00e9t\u00e9 intellectuelle \u2013 Site SHF<\/strong><\/span><\/p>\n<p>Tous les \u00e9l\u00e9ments du site de la SHF sont prot\u00e9g\u00e9s par le droit d&#8217;auteur. Les informations, publications, marques, logos, photos et visuels figurant sur ce site sont la propri\u00e9t\u00e9 exclusive de la SHF. Ils ne peuvent donc \u00eatre utilis\u00e9s sous peine de contrefa\u00e7on.<\/p>\n<p>Leur utilisation ou reproduction, en totalit\u00e9 ou en partie, sous quelque forme ou par quelque moyen que ce soit, est ill\u00e9gale et passible de sanctions. Elle ne peut en aucun cas se faire sans autorisation \u00e9crite de la SHF.<\/p>\n<p>Pour solliciter cette permission, pour demander la cr\u00e9ation \u00e9ventuelle de liens vers le site de la SHF ou pour obtenir des renseignements suppl\u00e9mentaires, contactez la SHF : <a href=\"mailto:contact@shf-hydro.org\">contact@shf-hydro.org<\/a><\/p>\n<p>La SHF ne peut garantir l&#8217;exactitude de l&#8217;ensemble des informations contenues sur son site et n&#8217;a \u00e0 cet \u00e9gard qu&#8217;une obligation de moyen. La SHF s&#8217;engage \u00e0 corriger toute erreur d\u00e8s qu&#8217;elle lui aura \u00e9t\u00e9 communiqu\u00e9e.<\/p>\n<p>Les donn\u00e9es et informations personnelles collect\u00e9es sur le site de la SHF \u00e0 l\u2019occasion d\u2019une transaction ne sont utilis\u00e9es pour le fonctionnement du site et pour permettre de r\u00e9pondre \u00e0 l\u2019utilisateur, ou \u00e0 l\u2019utilisateur de finaliser sa commande. La SHF s\u2019engage \u00e0 ne pas transmettre les donn\u00e9es personnelles des utilisateurs sans leur autorisation.<\/p>\n<p>Conform\u00e9ment \u00e0 l&#8217;article 32 de la loi n \u00b02004-801 du 6 ao\u00fbt 2004 relative \u00e0 la protection des personnes physiques \u00e0 l&#8217;\u00e9gard des traitements de donn\u00e9es \u00e0 caract\u00e8re personnel et modifiant la loi n \u00b078-17 du 6 janvier 1978 relative \u00e0 l&#8217;informatique, aux fichiers et aux libert\u00e9s, l\u2019utilisateur dispose d&#8217;un droit d&#8217;acc\u00e8s, de modification et de suppression des informations qui le concerne. L\u2019utilisateur peut exercer ce droit \u00e0 tout moment aupr\u00e8s de la SHF en \u00e9crivant au si\u00e8ge social de la soci\u00e9t\u00e9.<\/p>\n\t\t\t\t\t\t\t\t<\/div>\n\t\t\t\t\t<\/div>\n\t\t<\/div>\n\t\t\t\t\t<\/div>\n\t\t<\/section>\n\t\t\t\t<\/div>\n\t\t","protected":false},"excerpt":{"rendered":"<p>Identit\u00e9 Soci\u00e9t\u00e9 Hydrotechnique de France (SHF) Siret : 784 309 056 00025 Code APE 731 Z TVA intracommunautaire : FR23 784 309 056 Si\u00e8ge social 25 rue des Favorites 75015 Paris France T\u00e9l : +33 1 42 50 91 03 Fax : +33 1 42 50 59 83 Mail : contact@shf-hydro.org Pr\u00e9ambule L\u2019utilisateur (personne physique [&hellip;]<\/p>\n","protected":false},"author":1,"featured_media":0,"parent":5036,"menu_order":20,"comment_status":"closed","ping_status":"closed","template":"","meta":{"_acf_changed":false,"footnotes":"","_links_to":"","_links_to_target":""},"categories":[],"tags":[],"class_list":["post-5037","page","type-page","status-publish","hentry"],"acf":[],"yoast_head":"<!-- This site is optimized with the Yoast SEO plugin v27.2 - https:\/\/yoast.com\/product\/yoast-seo-wordpress\/ -->\n<title>Terms of Service - SHF - Soci\u00e9t\u00e9 Hydrotechnique de France<\/title>\n<meta name=\"robots\" content=\"index, follow, max-snippet:-1, max-image-preview:large, max-video-preview:-1\" \/>\n<link rel=\"canonical\" href=\"https:\/\/www.shf-hydro.org\/en\/institutional\/terms-of-service\/\" \/>\n<meta property=\"og:locale\" content=\"en_US\" \/>\n<meta property=\"og:type\" content=\"article\" \/>\n<meta property=\"og:title\" content=\"Terms of Service - SHF - Soci\u00e9t\u00e9 Hydrotechnique de France\" \/>\n<meta property=\"og:description\" content=\"Identit\u00e9 Soci\u00e9t\u00e9 Hydrotechnique de France (SHF) Siret : 784 309 056 00025 Code APE 731 Z TVA intracommunautaire : FR23 784 309 056 Si\u00e8ge social 25 rue des Favorites 75015 Paris France T\u00e9l : +33 1 42 50 91 03 Fax : +33 1 42 50 59 83 Mail : contact@shf-hydro.org Pr\u00e9ambule L\u2019utilisateur (personne physique [&hellip;]\" \/>\n<meta property=\"og:url\" content=\"https:\/\/www.shf-hydro.org\/en\/institutional\/terms-of-service\/\" \/>\n<meta property=\"og:site_name\" content=\"SHF - Soci\u00e9t\u00e9 Hydrotechnique de France\" \/>\n<meta property=\"article:modified_time\" content=\"2021-05-19T14:51:53+00:00\" \/>\n<meta name=\"twitter:card\" content=\"summary_large_image\" \/>\n<meta name=\"twitter:label1\" content=\"Est. reading time\" \/>\n\t<meta name=\"twitter:data1\" content=\"2 minutes\" \/>\n<script type=\"application\/ld+json\" class=\"yoast-schema-graph\">{\"@context\":\"https:\/\/schema.org\",\"@graph\":[{\"@type\":\"WebPage\",\"@id\":\"https:\/\/www.shf-hydro.org\/en\/institutional\/terms-of-service\/\",\"url\":\"https:\/\/www.shf-hydro.org\/en\/institutional\/terms-of-service\/\",\"name\":\"Terms of Service - SHF - Soci\u00e9t\u00e9 Hydrotechnique de France\",\"isPartOf\":{\"@id\":\"https:\/\/www.shf-hydro.org\/en\/#website\"},\"datePublished\":\"2020-07-17T18:10:01+00:00\",\"dateModified\":\"2021-05-19T14:51:53+00:00\",\"breadcrumb\":{\"@id\":\"https:\/\/www.shf-hydro.org\/en\/institutional\/terms-of-service\/#breadcrumb\"},\"inLanguage\":\"en-US\",\"potentialAction\":[{\"@type\":\"ReadAction\",\"target\":[\"https:\/\/www.shf-hydro.org\/en\/institutional\/terms-of-service\/\"]}]},{\"@type\":\"BreadcrumbList\",\"@id\":\"https:\/\/www.shf-hydro.org\/en\/institutional\/terms-of-service\/#breadcrumb\",\"itemListElement\":[{\"@type\":\"ListItem\",\"position\":1,\"name\":\"Home\",\"item\":\"https:\/\/www.shf-hydro.org\/en\/\"},{\"@type\":\"ListItem\",\"position\":2,\"name\":\"Institutional\",\"item\":\"https:\/\/www.shf-hydro.org\/en\/?page_id=5036\"},{\"@type\":\"ListItem\",\"position\":3,\"name\":\"Terms of Service\"}]},{\"@type\":\"WebSite\",\"@id\":\"https:\/\/www.shf-hydro.org\/en\/#website\",\"url\":\"https:\/\/www.shf-hydro.org\/en\/\",\"name\":\"SHF - Soci\u00e9t\u00e9 Hydrotechnique de France\",\"description\":\"La science au service de l&#039;eau\",\"publisher\":{\"@id\":\"https:\/\/www.shf-hydro.org\/en\/#organization\"},\"potentialAction\":[{\"@type\":\"SearchAction\",\"target\":{\"@type\":\"EntryPoint\",\"urlTemplate\":\"https:\/\/www.shf-hydro.org\/en\/?s={search_term_string}\"},\"query-input\":{\"@type\":\"PropertyValueSpecification\",\"valueRequired\":true,\"valueName\":\"search_term_string\"}}],\"inLanguage\":\"en-US\"},{\"@type\":\"Organization\",\"@id\":\"https:\/\/www.shf-hydro.org\/en\/#organization\",\"name\":\"SHF - Soci\u00e9t\u00e9 Hydrotechnique de France\",\"url\":\"https:\/\/www.shf-hydro.org\/en\/\",\"logo\":{\"@type\":\"ImageObject\",\"inLanguage\":\"en-US\",\"@id\":\"https:\/\/www.shf-hydro.org\/en\/#\/schema\/logo\/image\/\",\"url\":\"https:\/\/www.shf-hydro.org\/wp-content\/uploads\/2020\/03\/SHF-Societe_Hydrotechnique_de_France-Logo.png\",\"contentUrl\":\"https:\/\/www.shf-hydro.org\/wp-content\/uploads\/2020\/03\/SHF-Societe_Hydrotechnique_de_France-Logo.png\",\"width\":1036,\"height\":1195,\"caption\":\"SHF - Soci\u00e9t\u00e9 Hydrotechnique de France\"},\"image\":{\"@id\":\"https:\/\/www.shf-hydro.org\/en\/#\/schema\/logo\/image\/\"}}]}<\/script>\n<!-- \/ Yoast SEO plugin. -->","yoast_head_json":{"title":"Terms of Service - SHF - Soci\u00e9t\u00e9 Hydrotechnique de France","robots":{"index":"index","follow":"follow","max-snippet":"max-snippet:-1","max-image-preview":"max-image-preview:large","max-video-preview":"max-video-preview:-1"},"canonical":"https:\/\/www.shf-hydro.org\/en\/institutional\/terms-of-service\/","og_locale":"en_US","og_type":"article","og_title":"Terms of Service - SHF - Soci\u00e9t\u00e9 Hydrotechnique de France","og_description":"Identit\u00e9 Soci\u00e9t\u00e9 Hydrotechnique de France (SHF) Siret : 784 309 056 00025 Code APE 731 Z TVA intracommunautaire : FR23 784 309 056 Si\u00e8ge social 25 rue des Favorites 75015 Paris France T\u00e9l : +33 1 42 50 91 03 Fax : +33 1 42 50 59 83 Mail : contact@shf-hydro.org Pr\u00e9ambule L\u2019utilisateur (personne physique [&hellip;]","og_url":"https:\/\/www.shf-hydro.org\/en\/institutional\/terms-of-service\/","og_site_name":"SHF - Soci\u00e9t\u00e9 Hydrotechnique de France","article_modified_time":"2021-05-19T14:51:53+00:00","twitter_card":"summary_large_image","twitter_misc":{"Est. reading time":"2 minutes"},"schema":{"@context":"https:\/\/schema.org","@graph":[{"@type":"WebPage","@id":"https:\/\/www.shf-hydro.org\/en\/institutional\/terms-of-service\/","url":"https:\/\/www.shf-hydro.org\/en\/institutional\/terms-of-service\/","name":"Terms of Service - SHF - Soci\u00e9t\u00e9 Hydrotechnique de France","isPartOf":{"@id":"https:\/\/www.shf-hydro.org\/en\/#website"},"datePublished":"2020-07-17T18:10:01+00:00","dateModified":"2021-05-19T14:51:53+00:00","breadcrumb":{"@id":"https:\/\/www.shf-hydro.org\/en\/institutional\/terms-of-service\/#breadcrumb"},"inLanguage":"en-US","potentialAction":[{"@type":"ReadAction","target":["https:\/\/www.shf-hydro.org\/en\/institutional\/terms-of-service\/"]}]},{"@type":"BreadcrumbList","@id":"https:\/\/www.shf-hydro.org\/en\/institutional\/terms-of-service\/#breadcrumb","itemListElement":[{"@type":"ListItem","position":1,"name":"Home","item":"https:\/\/www.shf-hydro.org\/en\/"},{"@type":"ListItem","position":2,"name":"Institutional","item":"https:\/\/www.shf-hydro.org\/en\/?page_id=5036"},{"@type":"ListItem","position":3,"name":"Terms of Service"}]},{"@type":"WebSite","@id":"https:\/\/www.shf-hydro.org\/en\/#website","url":"https:\/\/www.shf-hydro.org\/en\/","name":"SHF - Soci\u00e9t\u00e9 Hydrotechnique de France","description":"La science au service de l&#039;eau","publisher":{"@id":"https:\/\/www.shf-hydro.org\/en\/#organization"},"potentialAction":[{"@type":"SearchAction","target":{"@type":"EntryPoint","urlTemplate":"https:\/\/www.shf-hydro.org\/en\/?s={search_term_string}"},"query-input":{"@type":"PropertyValueSpecification","valueRequired":true,"valueName":"search_term_string"}}],"inLanguage":"en-US"},{"@type":"Organization","@id":"https:\/\/www.shf-hydro.org\/en\/#organization","name":"SHF - Soci\u00e9t\u00e9 Hydrotechnique de France","url":"https:\/\/www.shf-hydro.org\/en\/","logo":{"@type":"ImageObject","inLanguage":"en-US","@id":"https:\/\/www.shf-hydro.org\/en\/#\/schema\/logo\/image\/","url":"https:\/\/www.shf-hydro.org\/wp-content\/uploads\/2020\/03\/SHF-Societe_Hydrotechnique_de_France-Logo.png","contentUrl":"https:\/\/www.shf-hydro.org\/wp-content\/uploads\/2020\/03\/SHF-Societe_Hydrotechnique_de_France-Logo.png","width":1036,"height":1195,"caption":"SHF - Soci\u00e9t\u00e9 Hydrotechnique de France"},"image":{"@id":"https:\/\/www.shf-hydro.org\/en\/#\/schema\/logo\/image\/"}}]}},"jetpack_sharing_enabled":true,"_links":{"self":[{"href":"https:\/\/www.shf-hydro.org\/en\/wp-json\/wp\/v2\/pages\/5037","targetHints":{"allow":["GET"]}}],"collection":[{"href":"https:\/\/www.shf-hydro.org\/en\/wp-json\/wp\/v2\/pages"}],"about":[{"href":"https:\/\/www.shf-hydro.org\/en\/wp-json\/wp\/v2\/types\/page"}],"author":[{"embeddable":true,"href":"https:\/\/www.shf-hydro.org\/en\/wp-json\/wp\/v2\/users\/1"}],"replies":[{"embeddable":true,"href":"https:\/\/www.shf-hydro.org\/en\/wp-json\/wp\/v2\/comments?post=5037"}],"version-history":[{"count":1,"href":"https:\/\/www.shf-hydro.org\/en\/wp-json\/wp\/v2\/pages\/5037\/revisions"}],"predecessor-version":[{"id":5935,"href":"https:\/\/www.shf-hydro.org\/en\/wp-json\/wp\/v2\/pages\/5037\/revisions\/5935"}],"up":[{"embeddable":true,"href":"https:\/\/www.shf-hydro.org\/en\/wp-json\/wp\/v2\/pages\/5036"}],"wp:attachment":[{"href":"https:\/\/www.shf-hydro.org\/en\/wp-json\/wp\/v2\/media?parent=5037"}],"wp:term":[{"taxonomy":"category","embeddable":true,"href":"https:\/\/www.shf-hydro.org\/en\/wp-json\/wp\/v2\/categories?post=5037"},{"taxonomy":"post_tag","embeddable":true,"href":"https:\/\/www.shf-hydro.org\/en\/wp-json\/wp\/v2\/tags?post=5037"}],"curies":[{"name":"wp","href":"https:\/\/api.w.org\/{rel}","templated":true}]}}