{"id":6128,"date":"2020-07-30T11:48:46","date_gmt":"2020-07-30T09:48:46","guid":{"rendered":"https:\/\/www.shf-hydro.org\/?page_id=6128"},"modified":"2021-06-11T18:00:38","modified_gmt":"2021-06-11T16:00:38","slug":"simhydro21-en","status":"publish","type":"page","link":"https:\/\/www.shf-hydro.org\/en\/events\/events-archives-themes-from-s-to-z\/simhydro21-en\/","title":{"rendered":"SimHydro 21: Models for complex and global water issues &#8211; Practices &#038; expectations"},"content":{"rendered":"<ul>\n<li>\n\t\t\t\t\t<a href=\"https:\/\/www.shf-hydro.org\/en\/events\/\"><br \/>\n\t\t\t\t\t\t\t\t\t\tBack to the Event list<br \/>\n\t\t\t\t\t\t\t\t\t\t\t<\/a>\n\t\t\t\t\t\t\t\t\t<\/li>\n<\/ul>\n<ul>\n<li>\n\t\t\t\t\t\t\t\t\t\t16 &#8211; 18 June 2021\n\t\t\t\t\t\t\t\t\t<\/li>\n<\/ul>\n<ul>\n<li>\n\t\t\t\t\t<a href=\"#info\"><br \/>\n\t\t\t\t\t\t\t\t\t\t\u00c9cole Polytech Nice-Sophia Antipolis<br \/>\n\t\t\t\t\t\t\t\t\t\t\t<\/a>\n\t\t\t\t\t\t\t\t\t<\/li>\n<\/ul>\n<p>All delegates who are willing to attend the event on-site are welcome in Sophia Antipolis and no quota is implemented due to the sanitary situation.<\/p>\n<p>The participants who are willing to attend the conference online will be able to give their presentation through the platform and to exchange with the audience on-site and online.<\/p>\n<p style=\"text-align: center;\"><strong>Models for complex and global water issues : Practices and expectations<\/strong><\/p>\n<h2>Themes:<\/h2>\n<ol>\n<li>Decision-making process and uncertainties handling<\/li>\n<li>Purposes for medelling: how to choose the right model for comples problems? What are the expected results?<\/li>\n<li>How to improve curretn modelling practices?<\/li>\n<li>What are the uncertainties and how to address them?<\/li>\n<\/ol>\n<h2>Co-organized with<\/h2>\n<p>\t\t\t\t\t\t\t\t\t\t\t\t\t<a href=\"http:\/\/https\/\/www.simhydro.org\" target=\"_blank\" rel=\"noopener\"><br \/>\n\t\t\t\t\t\t\t<img loading=\"lazy\" decoding=\"async\" width=\"403\" height=\"125\" src=\"https:\/\/www.shf-hydro.org\/wp-content\/uploads\/2020\/06\/Nice-Polytech.png\" alt=\"\" loading=\"lazy\" srcset=\"https:\/\/www.shf-hydro.org\/wp-content\/uploads\/2020\/06\/Nice-Polytech.png 403w, https:\/\/www.shf-hydro.org\/wp-content\/uploads\/2020\/06\/Nice-Polytech-300x93.png 300w\" sizes=\"auto, (max-width: 403px) 100vw, 403px\" \/>\t\t\t\t\t\t\t\t<\/a><\/p>\n<p>The SimHydro 2021 conference is jointly organized by the Soci\u00e9t\u00e9 Hydrotechnique de France (SHF), Universit\u00e9 Cote d\u2019Azur (UCA), the Association Fran\u00e7aise de M\u00e9cannique (AFM), the Environmental &amp; Water Resources Institute (EWRI) and the International Association for Hydro-Environment Engineering and Research (IAHR).<\/p>\n<p>Following the 5 past successful events in 2010, 2012, 2014, 2017 and 2019, the next SimHydro Conference will be held from 16th to 18th of June 2021 at Polytech Nice Sophia (School of Engineering) in Sophia Antipolis technopark, near Nice and Cannes &#8211; France (French Riviera).<\/p>\n<p>For this new edition, the general theme of the conference will be focused on &#8220;Models for complex and global water issues &#8211; Practices and expectations&#8221;.<\/p>\n<p>The conference is mainly targeting the European audience and endeavours to collect high value papers that will be published in scientific journals and in a specific book (Advances in Hydroinformatics) with Springer like for the 4 previous editions. Over the last 5 years, the published chapters have been downloaded more than 150 000 times.<\/p>\n<p>All submitted papers are going through a peer review process (2 reviews from the scientific committee) before receiving final approval for oral presentation and publication.<\/p>\n<p><strong>English will be the conference language.<\/strong><\/p>\n<p>\t\t\t\t\t\t\t\t\t\t\t\t<a href=\"\">Read more:<\/a><\/p>\n<ol>\n<li>Hydro-environmental issues and extreme situations<\/li>\n<li>Uncertainties and data assimilation<\/li>\n<li>\u00a0Al solutions for water<\/li>\n<li>Intensive computing for hydraulic simulation<\/li>\n<li>Extreme in hydraulics: how to deal with<\/li>\n<li>Decision Support System and models: concepts, design, challenges, implementation and operation<\/li>\n<li>Real time management and models<\/li>\n<li>Hydraulic structures and networks: real time operation<\/li>\n<li>Scale models in hydraulics and their place and complementary in simulation concept<\/li>\n<li>Modelling methods and tools for floods management<\/li>\n<li>3D multi-phase flows (experiments and modelling)<\/li>\n<li>Hydraulic machiner<\/li>\n<li>Diphasic flows and cavitation<\/li>\n<li>Modelling in ecohydraulics and morphology<\/li>\n<\/ol>\n<p>\t\t\t\t\t\t\t\t\t\t\t\t\t<a href=\"https:\/\/www.shf-hydro.org\/wp-content\/uploads\/2021\/06\/Final-Program-Simh-2021_ns.pdf\" target=\"_blank\" rel=\"noopener\"><br \/>\n\t\t\t\t\t\t\t<img loading=\"lazy\" decoding=\"async\" width=\"200\" height=\"244\" src=\"https:\/\/www.shf-hydro.org\/wp-content\/uploads\/2020\/04\/pdf.jpg\" alt=\"\" loading=\"lazy\" \/>\t\t\t\t\t\t\t\t<\/a><\/p>\n<h2><a href=\"https:\/\/www.shf-hydro.org\/wp-content\/uploads\/2021\/06\/Final-Program-Simh-2021_ns.pdf\" target=\"_blank\" rel=\"noopener\">FINAL PROGRAM<\/a><\/h2>\n<p>\t\t\t\t\t\t\t\t\t\t\t\t\t<a href=\"https:\/\/www.shf-hydro.org\/wp-content\/uploads\/2020\/08\/FLYER-SimHydro-2021-Version-1-web.pdf\" target=\"_blank\" rel=\"noopener\"><br \/>\n\t\t\t\t\t\t\t<img loading=\"lazy\" decoding=\"async\" width=\"200\" height=\"244\" src=\"https:\/\/www.shf-hydro.org\/wp-content\/uploads\/2020\/04\/pdf.jpg\" alt=\"\" loading=\"lazy\" \/>\t\t\t\t\t\t\t\t<\/a><\/p>\n<h2><a href=\"https:\/\/www.shf-hydro.org\/wp-content\/uploads\/2020\/08\/FLYER-SimHydro-2021-Version-1-web.pdf\" target=\"_blank\" rel=\"noopener\">Flyer Simhydro 2021<\/a><\/h2>\n<h2>Organizing &#038; Steering Committee<\/h2>\n<ul>\n<li><strong>Philippe Gourbesville (Ecole Polytech, Nice Sophia Antipolis), LOC Chair<br \/>\n<\/strong><\/li>\n<\/ul>\n<ul>\n<li>Morgan Abily (ICRA, Spain)<\/li>\n<li>Val\u00e9rie Banneville (DHI, France)<\/li>\n<li>Olivier Bertrand (ARTELIA, France)<\/li>\n<li>Philippe Bardey (ACRI-in, France)<\/li>\n<li>Guy Caignaert (ENSAM &#8211; SHF, France)<\/li>\n<li>Giovanni de Cesare (EPFL, Switzerland)<\/li>\n<li>Claire-Marie Duluc (IRSN, France)<\/li>\n<li>Ina Ebert (M\u00fcnich RE, Germany)<\/li>\n<li>Bettina Geisseller (Geisseller Law Firm, Germany)<\/li>\n<li>Nicole Goutal (EDF, France)<\/li>\n<li>F.X. Cicero (CNR, France)<\/li>\n<li>Thierry Lepelletier (Hydratec, France)<\/li>\n<\/ul>\n<ul>\n<li>Shie Yui Liong (NUS, Singapore)<\/li>\n<li>F.R. Martin Lauzer (ARGANS, UK)<\/li>\n<li>C\u00e9cile M\u00fcnch (HEVS, Switzerland)<\/li>\n<li>Carole Paplorey (SHF, France)<\/li>\n<li>Andr\u00e9 Paquier (INRAE, France)\n<\/li>\n<li>Pablo Tassi (EDF, France)<\/li>\n<li>Neda Sheibani (SHF, France), Conference Secretary<\/li>\n<li>Van-Thanh-Van Nguyen (McGill University, Canada)\n<\/li>\n<\/ul>\n<h2>Further information<\/h2>\n<p><strong>Ecole Polytech Nice Sophia-Antipolis<br \/>\n<\/strong><\/p>\n<p> Campus SophiaTech, 930 route des Colles, BP 145, <\/p>\n<p>06903 <em>Sophia Antipolis<\/em><\/p>\n<p><strong>How to access Ecole Polytech<br \/>\n<\/strong><\/p>\n<p>The following transit lines have routes that pass near Polytech Nice-Sophia (Site Lucioles)<\/p>\n<p>Bus &#8211; 1, Bus &#8211; 22, Bus &#8211; 230<\/p>\n<p>\t\t\t<iframe frameborder=\"0\" scrolling=\"no\" marginheight=\"0\" marginwidth=\"0\" src=\"https:\/\/maps.google.com\/maps?q=%C3%89cole%20Polytech%20Nice&amp;t=m&amp;z=10&amp;output=embed&amp;iwloc=near\" title=\"%3$s\" aria-label=\"%3$s\"><\/iframe><br \/>\n\t\t\t<a role=\"button\"><br \/>\n\t\t\t\t\t\tREGISTER<br \/>\n\t\t\t\t\t<\/a><br \/>\n\t\t\t<a href=\"https:\/\/easychair.org\/conferences\/?conf=simhydro2021\" target=\"_blank\" role=\"button\" rel=\"noopener\"><br \/>\n\t\t\t\t\t\tSEND YOUR ABSTRACTS<br \/>\n\t\t\t\t\t<\/a><br \/>\n\t\t\t<a href=\"https:\/\/www.shf-hydro.org\/en\/?page_id=5028\" role=\"button\"><br \/>\n\t\t\t\t\t\tA QUESTION? A COMMENT?<br \/>\n\t\t\t\t\t<\/a><\/p>\n<h2>IMPORTANT DATES<\/h2>\n<p style=\"text-align: center;\"><strong>Call for papers<\/strong><br \/>\nJuly 13th, 2020<\/p>\n<p style=\"text-align: center;\"><strong>Deadline for abstract submissions<\/strong><br \/>\nOctober 17th, 2020<\/p>\n<p style=\"text-align: center;\"><strong>Authors notification<\/strong><br \/>\nDecember 7th, 2020<\/p>\n<p style=\"text-align: center;\"><strong>Deadline for full papers<\/strong><br \/>\n<strong>March 1st, 2021<\/strong><\/p>\n<p style=\"text-align: center;\"><strong>Final program<\/strong><br \/>\nJune 1st, 2021<\/p>\n<p style=\"text-align: center;\">\n<h2>PARTNERS<\/h2>\n<p>\t\t\t\t\t\t\t\t\t\t\t\t\t<a href=\"https:\/\/www.edf.fr\/\" target=\"_blank\" rel=\"noopener\"><br \/>\n\t\t\t\t\t\t\t<img loading=\"lazy\" decoding=\"async\" width=\"800\" height=\"638\" src=\"https:\/\/www.shf-hydro.org\/wp-content\/uploads\/2020\/07\/Logo-CCR-d\u00e9tour\u00e9.png\" alt=\"\" loading=\"lazy\" srcset=\"https:\/\/www.shf-hydro.org\/wp-content\/uploads\/2020\/07\/Logo-CCR-d\u00e9tour\u00e9.png 838w, https:\/\/www.shf-hydro.org\/wp-content\/uploads\/2020\/07\/Logo-CCR-d\u00e9tour\u00e9-300x239.png 300w, https:\/\/www.shf-hydro.org\/wp-content\/uploads\/2020\/07\/Logo-CCR-d\u00e9tour\u00e9-768x612.png 768w, https:\/\/www.shf-hydro.org\/wp-content\/uploads\/2020\/07\/Logo-CCR-d\u00e9tour\u00e9-600x478.png 600w\" sizes=\"auto, (max-width: 800px) 100vw, 800px\" \/>\t\t\t\t\t\t\t\t<\/a><br \/>\n\t\t\t\t\t\t\t\t\t\t\t\t\t<a href=\"https:\/\/www.grandlyon.com\/\" target=\"_blank\" rel=\"noopener\"><br \/>\n\t\t\t\t\t\t\t<img loading=\"lazy\" decoding=\"async\" width=\"100\" height=\"179\" src=\"https:\/\/www.shf-hydro.org\/wp-content\/uploads\/2020\/09\/afmlogo.gif\" alt=\"\" loading=\"lazy\" \/>\t\t\t\t\t\t\t\t<\/a><br \/>\n\t\t\t\t\t\t\t\t\t\t\t\t\t<a href=\"https:\/\/www.grandlyon.com\/\" target=\"_blank\" rel=\"noopener\"><br \/>\n\t\t\t\t\t\t\t<img loading=\"lazy\" decoding=\"async\" width=\"786\" height=\"359\" src=\"https:\/\/www.shf-hydro.org\/wp-content\/uploads\/2020\/08\/PRINT-EDF_Logo_4C_600_F-rogn\u00e9.jpg\" alt=\"\" loading=\"lazy\" srcset=\"https:\/\/www.shf-hydro.org\/wp-content\/uploads\/2020\/08\/PRINT-EDF_Logo_4C_600_F-rogn\u00e9.jpg 786w, https:\/\/www.shf-hydro.org\/wp-content\/uploads\/2020\/08\/PRINT-EDF_Logo_4C_600_F-rogn\u00e9-300x137.jpg 300w, https:\/\/www.shf-hydro.org\/wp-content\/uploads\/2020\/08\/PRINT-EDF_Logo_4C_600_F-rogn\u00e9-768x351.jpg 768w, https:\/\/www.shf-hydro.org\/wp-content\/uploads\/2020\/08\/PRINT-EDF_Logo_4C_600_F-rogn\u00e9-600x274.jpg 600w\" sizes=\"auto, (max-width: 786px) 100vw, 786px\" \/>\t\t\t\t\t\t\t\t<\/a><br \/>\n\t\t\t\t\t\t\t\t\t\t\t\t\t<a href=\"https:\/\/www.grandlyon.com\/\" target=\"_blank\" rel=\"noopener\"><br \/>\n\t\t\t\t\t\t\t<img loading=\"lazy\" decoding=\"async\" width=\"800\" height=\"216\" src=\"https:\/\/www.shf-hydro.org\/wp-content\/uploads\/2020\/08\/cnr_logo_Q-12-2014.jpg\" alt=\"\" loading=\"lazy\" srcset=\"https:\/\/www.shf-hydro.org\/wp-content\/uploads\/2020\/08\/cnr_logo_Q-12-2014.jpg 983w, https:\/\/www.shf-hydro.org\/wp-content\/uploads\/2020\/08\/cnr_logo_Q-12-2014-300x81.jpg 300w, https:\/\/www.shf-hydro.org\/wp-content\/uploads\/2020\/08\/cnr_logo_Q-12-2014-768x208.jpg 768w, https:\/\/www.shf-hydro.org\/wp-content\/uploads\/2020\/08\/cnr_logo_Q-12-2014-600x162.jpg 600w\" sizes=\"auto, (max-width: 800px) 100vw, 800px\" \/>\t\t\t\t\t\t\t\t<\/a><br \/>\n\t\t\t\t\t\t\t\t\t\t\t\t\t<a href=\"https:\/\/www.setec.fr\/en\/\"><br \/>\n\t\t\t\t\t\t\t<img loading=\"lazy\" decoding=\"async\" width=\"255\" height=\"104\" src=\"https:\/\/www.shf-hydro.org\/wp-content\/uploads\/2020\/06\/Setec-e1594116033319.jpg\" alt=\"\" loading=\"lazy\" \/>\t\t\t\t\t\t\t\t<\/a><\/p>\n","protected":false},"excerpt":{"rendered":"<p>Back to the Event list 16 &#8211; 18 June 2021 \u00c9cole Polytech Nice-Sophia Antipolis All delegates who are willing to attend the event on-site are welcome in Sophia Antipolis and no quota is implemented due to the sanitary situation. The participants who are willing to attend the conference online will be able to give their [&hellip;]<\/p>\n","protected":false},"author":1879,"featured_media":6659,"parent":4984,"menu_order":40,"comment_status":"closed","ping_status":"closed","template":"","meta":{"_acf_changed":false,"footnotes":"","_links_to":"","_links_to_target":""},"categories":[71],"tags":[127],"class_list":["post-6128","page","type-page","status-publish","has-post-thumbnail","hentry","category-completed-events","tag-program-available"],"acf":[],"yoast_head":"<!-- This site is optimized with the Yoast SEO plugin v27.2 - https:\/\/yoast.com\/product\/yoast-seo-wordpress\/ -->\n<title>SimHydro 21: Models for complex and global water issues - Practices &amp; expectations - SHF - Soci\u00e9t\u00e9 Hydrotechnique de France<\/title>\n<meta name=\"robots\" content=\"index, follow, max-snippet:-1, max-image-preview:large, max-video-preview:-1\" \/>\n<link rel=\"canonical\" href=\"https:\/\/www.shf-hydro.org\/en\/events\/events-archives-themes-from-s-to-z\/simhydro21-en\/\" \/>\n<meta property=\"og:locale\" content=\"en_US\" \/>\n<meta property=\"og:type\" content=\"article\" \/>\n<meta property=\"og:title\" content=\"SimHydro 21: Models for complex and global water issues - Practices &amp; expectations - SHF - Soci\u00e9t\u00e9 Hydrotechnique de France\" \/>\n<meta property=\"og:description\" content=\"Back to the Event list 16 &#8211; 18 June 2021 \u00c9cole Polytech Nice-Sophia Antipolis All delegates who are willing to attend the event on-site are welcome in Sophia Antipolis and no quota is implemented due to the sanitary situation. The participants who are willing to attend the conference online will be able to give their [&hellip;]\" \/>\n<meta property=\"og:url\" content=\"https:\/\/www.shf-hydro.org\/en\/events\/events-archives-themes-from-s-to-z\/simhydro21-en\/\" \/>\n<meta property=\"og:site_name\" content=\"SHF - Soci\u00e9t\u00e9 Hydrotechnique de France\" \/>\n<meta property=\"article:modified_time\" content=\"2021-06-11T16:00:38+00:00\" \/>\n<meta property=\"og:image\" content=\"https:\/\/www.shf-hydro.org\/wp-content\/uploads\/2020\/04\/simhydro_shf-accueil-manif.jpg\" \/>\n\t<meta property=\"og:image:width\" content=\"600\" \/>\n\t<meta property=\"og:image:height\" content=\"294\" \/>\n\t<meta property=\"og:image:type\" content=\"image\/jpeg\" \/>\n<meta name=\"twitter:card\" content=\"summary_large_image\" \/>\n<meta name=\"twitter:label1\" content=\"Est. reading time\" \/>\n\t<meta name=\"twitter:data1\" content=\"5 minutes\" \/>\n<script type=\"application\/ld+json\" class=\"yoast-schema-graph\">{\"@context\":\"https:\/\/schema.org\",\"@graph\":[{\"@type\":\"WebPage\",\"@id\":\"https:\/\/www.shf-hydro.org\/en\/events\/events-archives-themes-from-s-to-z\/simhydro21-en\/\",\"url\":\"https:\/\/www.shf-hydro.org\/en\/events\/events-archives-themes-from-s-to-z\/simhydro21-en\/\",\"name\":\"SimHydro 21: Models for complex and global water issues - Practices & expectations - SHF - Soci\u00e9t\u00e9 Hydrotechnique de France\",\"isPartOf\":{\"@id\":\"https:\/\/www.shf-hydro.org\/en\/#website\"},\"primaryImageOfPage\":{\"@id\":\"https:\/\/www.shf-hydro.org\/en\/events\/events-archives-themes-from-s-to-z\/simhydro21-en\/#primaryimage\"},\"image\":{\"@id\":\"https:\/\/www.shf-hydro.org\/en\/events\/events-archives-themes-from-s-to-z\/simhydro21-en\/#primaryimage\"},\"thumbnailUrl\":\"https:\/\/www.shf-hydro.org\/wp-content\/uploads\/2020\/09\/SimHydro.png\",\"datePublished\":\"2020-07-30T09:48:46+00:00\",\"dateModified\":\"2021-06-11T16:00:38+00:00\",\"breadcrumb\":{\"@id\":\"https:\/\/www.shf-hydro.org\/en\/events\/events-archives-themes-from-s-to-z\/simhydro21-en\/#breadcrumb\"},\"inLanguage\":\"en-US\",\"potentialAction\":[{\"@type\":\"ReadAction\",\"target\":[\"https:\/\/www.shf-hydro.org\/en\/events\/events-archives-themes-from-s-to-z\/simhydro21-en\/\"]}]},{\"@type\":\"ImageObject\",\"inLanguage\":\"en-US\",\"@id\":\"https:\/\/www.shf-hydro.org\/en\/events\/events-archives-themes-from-s-to-z\/simhydro21-en\/#primaryimage\",\"url\":\"https:\/\/www.shf-hydro.org\/wp-content\/uploads\/2020\/09\/SimHydro.png\",\"contentUrl\":\"https:\/\/www.shf-hydro.org\/wp-content\/uploads\/2020\/09\/SimHydro.png\",\"width\":600,\"height\":300},{\"@type\":\"BreadcrumbList\",\"@id\":\"https:\/\/www.shf-hydro.org\/en\/events\/events-archives-themes-from-s-to-z\/simhydro21-en\/#breadcrumb\",\"itemListElement\":[{\"@type\":\"ListItem\",\"position\":1,\"name\":\"Home\",\"item\":\"https:\/\/www.shf-hydro.org\/en\/\"},{\"@type\":\"ListItem\",\"position\":2,\"name\":\"Events\",\"item\":\"https:\/\/www.shf-hydro.org\/en\/colloques\/\"},{\"@type\":\"ListItem\",\"position\":3,\"name\":\"Events Archives: Themes from S to Z\",\"item\":\"https:\/\/www.shf-hydro.org\/en\/colloques\/archives-manifestations-2\/\"},{\"@type\":\"ListItem\",\"position\":4,\"name\":\"SimHydro 21: Models for complex and global water issues &#8211; Practices &#038; expectations\"}]},{\"@type\":\"WebSite\",\"@id\":\"https:\/\/www.shf-hydro.org\/en\/#website\",\"url\":\"https:\/\/www.shf-hydro.org\/en\/\",\"name\":\"SHF - Soci\u00e9t\u00e9 Hydrotechnique de France\",\"description\":\"La science au service de l&#039;eau\",\"publisher\":{\"@id\":\"https:\/\/www.shf-hydro.org\/en\/#organization\"},\"potentialAction\":[{\"@type\":\"SearchAction\",\"target\":{\"@type\":\"EntryPoint\",\"urlTemplate\":\"https:\/\/www.shf-hydro.org\/en\/?s={search_term_string}\"},\"query-input\":{\"@type\":\"PropertyValueSpecification\",\"valueRequired\":true,\"valueName\":\"search_term_string\"}}],\"inLanguage\":\"en-US\"},{\"@type\":\"Organization\",\"@id\":\"https:\/\/www.shf-hydro.org\/en\/#organization\",\"name\":\"SHF - Soci\u00e9t\u00e9 Hydrotechnique de France\",\"url\":\"https:\/\/www.shf-hydro.org\/en\/\",\"logo\":{\"@type\":\"ImageObject\",\"inLanguage\":\"en-US\",\"@id\":\"https:\/\/www.shf-hydro.org\/en\/#\/schema\/logo\/image\/\",\"url\":\"https:\/\/www.shf-hydro.org\/wp-content\/uploads\/2020\/03\/SHF-Societe_Hydrotechnique_de_France-Logo.png\",\"contentUrl\":\"https:\/\/www.shf-hydro.org\/wp-content\/uploads\/2020\/03\/SHF-Societe_Hydrotechnique_de_France-Logo.png\",\"width\":1036,\"height\":1195,\"caption\":\"SHF - Soci\u00e9t\u00e9 Hydrotechnique de France\"},\"image\":{\"@id\":\"https:\/\/www.shf-hydro.org\/en\/#\/schema\/logo\/image\/\"}}]}<\/script>\n<!-- \/ Yoast SEO plugin. -->","yoast_head_json":{"title":"SimHydro 21: Models for complex and global water issues - Practices & expectations - SHF - Soci\u00e9t\u00e9 Hydrotechnique de France","robots":{"index":"index","follow":"follow","max-snippet":"max-snippet:-1","max-image-preview":"max-image-preview:large","max-video-preview":"max-video-preview:-1"},"canonical":"https:\/\/www.shf-hydro.org\/en\/events\/events-archives-themes-from-s-to-z\/simhydro21-en\/","og_locale":"en_US","og_type":"article","og_title":"SimHydro 21: Models for complex and global water issues - Practices & expectations - SHF - Soci\u00e9t\u00e9 Hydrotechnique de France","og_description":"Back to the Event list 16 &#8211; 18 June 2021 \u00c9cole Polytech Nice-Sophia Antipolis All delegates who are willing to attend the event on-site are welcome in Sophia Antipolis and no quota is implemented due to the sanitary situation. The participants who are willing to attend the conference online will be able to give their [&hellip;]","og_url":"https:\/\/www.shf-hydro.org\/en\/events\/events-archives-themes-from-s-to-z\/simhydro21-en\/","og_site_name":"SHF - Soci\u00e9t\u00e9 Hydrotechnique de France","article_modified_time":"2021-06-11T16:00:38+00:00","og_image":[{"width":600,"height":294,"url":"https:\/\/www.shf-hydro.org\/wp-content\/uploads\/2020\/04\/simhydro_shf-accueil-manif.jpg","type":"image\/jpeg"}],"twitter_card":"summary_large_image","twitter_misc":{"Est. reading time":"5 minutes"},"schema":{"@context":"https:\/\/schema.org","@graph":[{"@type":"WebPage","@id":"https:\/\/www.shf-hydro.org\/en\/events\/events-archives-themes-from-s-to-z\/simhydro21-en\/","url":"https:\/\/www.shf-hydro.org\/en\/events\/events-archives-themes-from-s-to-z\/simhydro21-en\/","name":"SimHydro 21: Models for complex and global water issues - Practices & expectations - SHF - Soci\u00e9t\u00e9 Hydrotechnique de France","isPartOf":{"@id":"https:\/\/www.shf-hydro.org\/en\/#website"},"primaryImageOfPage":{"@id":"https:\/\/www.shf-hydro.org\/en\/events\/events-archives-themes-from-s-to-z\/simhydro21-en\/#primaryimage"},"image":{"@id":"https:\/\/www.shf-hydro.org\/en\/events\/events-archives-themes-from-s-to-z\/simhydro21-en\/#primaryimage"},"thumbnailUrl":"https:\/\/www.shf-hydro.org\/wp-content\/uploads\/2020\/09\/SimHydro.png","datePublished":"2020-07-30T09:48:46+00:00","dateModified":"2021-06-11T16:00:38+00:00","breadcrumb":{"@id":"https:\/\/www.shf-hydro.org\/en\/events\/events-archives-themes-from-s-to-z\/simhydro21-en\/#breadcrumb"},"inLanguage":"en-US","potentialAction":[{"@type":"ReadAction","target":["https:\/\/www.shf-hydro.org\/en\/events\/events-archives-themes-from-s-to-z\/simhydro21-en\/"]}]},{"@type":"ImageObject","inLanguage":"en-US","@id":"https:\/\/www.shf-hydro.org\/en\/events\/events-archives-themes-from-s-to-z\/simhydro21-en\/#primaryimage","url":"https:\/\/www.shf-hydro.org\/wp-content\/uploads\/2020\/09\/SimHydro.png","contentUrl":"https:\/\/www.shf-hydro.org\/wp-content\/uploads\/2020\/09\/SimHydro.png","width":600,"height":300},{"@type":"BreadcrumbList","@id":"https:\/\/www.shf-hydro.org\/en\/events\/events-archives-themes-from-s-to-z\/simhydro21-en\/#breadcrumb","itemListElement":[{"@type":"ListItem","position":1,"name":"Home","item":"https:\/\/www.shf-hydro.org\/en\/"},{"@type":"ListItem","position":2,"name":"Events","item":"https:\/\/www.shf-hydro.org\/en\/colloques\/"},{"@type":"ListItem","position":3,"name":"Events Archives: Themes from S to Z","item":"https:\/\/www.shf-hydro.org\/en\/colloques\/archives-manifestations-2\/"},{"@type":"ListItem","position":4,"name":"SimHydro 21: Models for complex and global water issues &#8211; Practices &#038; expectations"}]},{"@type":"WebSite","@id":"https:\/\/www.shf-hydro.org\/en\/#website","url":"https:\/\/www.shf-hydro.org\/en\/","name":"SHF - Soci\u00e9t\u00e9 Hydrotechnique de France","description":"La science au service de l&#039;eau","publisher":{"@id":"https:\/\/www.shf-hydro.org\/en\/#organization"},"potentialAction":[{"@type":"SearchAction","target":{"@type":"EntryPoint","urlTemplate":"https:\/\/www.shf-hydro.org\/en\/?s={search_term_string}"},"query-input":{"@type":"PropertyValueSpecification","valueRequired":true,"valueName":"search_term_string"}}],"inLanguage":"en-US"},{"@type":"Organization","@id":"https:\/\/www.shf-hydro.org\/en\/#organization","name":"SHF - Soci\u00e9t\u00e9 Hydrotechnique de France","url":"https:\/\/www.shf-hydro.org\/en\/","logo":{"@type":"ImageObject","inLanguage":"en-US","@id":"https:\/\/www.shf-hydro.org\/en\/#\/schema\/logo\/image\/","url":"https:\/\/www.shf-hydro.org\/wp-content\/uploads\/2020\/03\/SHF-Societe_Hydrotechnique_de_France-Logo.png","contentUrl":"https:\/\/www.shf-hydro.org\/wp-content\/uploads\/2020\/03\/SHF-Societe_Hydrotechnique_de_France-Logo.png","width":1036,"height":1195,"caption":"SHF - Soci\u00e9t\u00e9 Hydrotechnique de France"},"image":{"@id":"https:\/\/www.shf-hydro.org\/en\/#\/schema\/logo\/image\/"}}]}},"jetpack_sharing_enabled":true,"_links":{"self":[{"href":"https:\/\/www.shf-hydro.org\/en\/wp-json\/wp\/v2\/pages\/6128","targetHints":{"allow":["GET"]}}],"collection":[{"href":"https:\/\/www.shf-hydro.org\/en\/wp-json\/wp\/v2\/pages"}],"about":[{"href":"https:\/\/www.shf-hydro.org\/en\/wp-json\/wp\/v2\/types\/page"}],"author":[{"embeddable":true,"href":"https:\/\/www.shf-hydro.org\/en\/wp-json\/wp\/v2\/users\/1879"}],"replies":[{"embeddable":true,"href":"https:\/\/www.shf-hydro.org\/en\/wp-json\/wp\/v2\/comments?post=6128"}],"version-history":[{"count":57,"href":"https:\/\/www.shf-hydro.org\/en\/wp-json\/wp\/v2\/pages\/6128\/revisions"}],"predecessor-version":[{"id":9717,"href":"https:\/\/www.shf-hydro.org\/en\/wp-json\/wp\/v2\/pages\/6128\/revisions\/9717"}],"up":[{"embeddable":true,"href":"https:\/\/www.shf-hydro.org\/en\/wp-json\/wp\/v2\/pages\/4984"}],"wp:featuredmedia":[{"embeddable":true,"href":"https:\/\/www.shf-hydro.org\/en\/wp-json\/wp\/v2\/media\/6659"}],"wp:attachment":[{"href":"https:\/\/www.shf-hydro.org\/en\/wp-json\/wp\/v2\/media?parent=6128"}],"wp:term":[{"taxonomy":"category","embeddable":true,"href":"https:\/\/www.shf-hydro.org\/en\/wp-json\/wp\/v2\/categories?post=6128"},{"taxonomy":"post_tag","embeddable":true,"href":"https:\/\/www.shf-hydro.org\/en\/wp-json\/wp\/v2\/tags?post=6128"}],"curies":[{"name":"wp","href":"https:\/\/api.w.org\/{rel}","templated":true}]}}