{"id":9673,"date":"2021-06-10T12:09:16","date_gmt":"2021-06-10T10:09:16","guid":{"rendered":"https:\/\/www.shf-hydro.org\/opportunities\/"},"modified":"2021-06-10T12:09:18","modified_gmt":"2021-06-10T10:09:18","slug":"opportunities","status":"publish","type":"page","link":"https:\/\/www.shf-hydro.org\/en\/opportunities\/","title":{"rendered":"Opportunities"},"content":{"rendered":"\t\t<div data-elementor-type=\"wp-page\" data-elementor-id=\"9673\" class=\"elementor elementor-9673\" data-elementor-post-type=\"page\">\n\t\t\t\t\t\t<section class=\"elementor-section elementor-top-section elementor-element elementor-element-f105426 elementor-section-boxed elementor-section-height-default elementor-section-height-default\" data-id=\"f105426\" data-element_type=\"section\" data-e-type=\"section\">\n\t\t\t\t\t\t<div class=\"elementor-container elementor-column-gap-default\">\n\t\t\t\t\t<div class=\"elementor-column elementor-col-100 elementor-top-column elementor-element elementor-element-355d6ae\" data-id=\"355d6ae\" data-element_type=\"column\" data-e-type=\"column\">\n\t\t\t<div class=\"elementor-widget-wrap\">\n\t\t\t\t\t\t\t<\/div>\n\t\t<\/div>\n\t\t\t\t\t<\/div>\n\t\t<\/section>\n\t\t\t\t<\/div>\n\t\t","protected":false},"excerpt":{"rendered":"<p>Soci\u00e9t\u00e9s Types R\u00e9gions Intitul\u00e9s Liens Universit\u00e9 Le Havre Offre de Th\u00e8se Nord Caract\u00e9risation ultrasonore de suspensions solides dans un fluide visqueux Voir l&#8217;annonce Universit\u00e9 de Rennes 1 Th\u00e8se de Doctorat Ouest Pi\u00e9geages structurel et capillaire du CO2 dans les r\u00e9servoirs fractur\u00e9s Voir l&#8217;annonce Ecole Step&#8217;Up Post Doc Ile-de-France Surveillance du v\u00ealage d\u2019icebergs en r\u00e9gion polaire [&hellip;]<\/p>\n","protected":false},"author":2,"featured_media":0,"parent":0,"menu_order":75,"comment_status":"closed","ping_status":"closed","template":"","meta":{"_acf_changed":false,"footnotes":"","_links_to":"","_links_to_target":""},"categories":[],"tags":[],"class_list":["post-9673","page","type-page","status-publish","hentry"],"acf":[],"yoast_head":"<!-- This site is optimized with the Yoast SEO plugin v27.2 - https:\/\/yoast.com\/product\/yoast-seo-wordpress\/ -->\n<title>Opportunities - SHF - Soci\u00e9t\u00e9 Hydrotechnique de France<\/title>\n<meta name=\"robots\" content=\"index, follow, max-snippet:-1, max-image-preview:large, max-video-preview:-1\" \/>\n<link rel=\"canonical\" href=\"https:\/\/www.shf-hydro.org\/en\/opportunities\/\" \/>\n<meta property=\"og:locale\" content=\"en_US\" \/>\n<meta property=\"og:type\" content=\"article\" \/>\n<meta property=\"og:title\" content=\"Opportunities - SHF - Soci\u00e9t\u00e9 Hydrotechnique de France\" \/>\n<meta property=\"og:description\" content=\"Soci\u00e9t\u00e9s Types R\u00e9gions Intitul\u00e9s Liens Universit\u00e9 Le Havre Offre de Th\u00e8se Nord Caract\u00e9risation ultrasonore de suspensions solides dans un fluide visqueux Voir l&#8217;annonce Universit\u00e9 de Rennes 1 Th\u00e8se de Doctorat Ouest Pi\u00e9geages structurel et capillaire du CO2 dans les r\u00e9servoirs fractur\u00e9s Voir l&#8217;annonce Ecole Step&#8217;Up Post Doc Ile-de-France Surveillance du v\u00ealage d\u2019icebergs en r\u00e9gion polaire [&hellip;]\" \/>\n<meta property=\"og:url\" content=\"https:\/\/www.shf-hydro.org\/en\/opportunities\/\" \/>\n<meta property=\"og:site_name\" content=\"SHF - Soci\u00e9t\u00e9 Hydrotechnique de France\" \/>\n<meta property=\"article:modified_time\" content=\"2021-06-10T10:09:18+00:00\" \/>\n<meta property=\"og:image\" content=\"https:\/\/www.shf-hydro.org\/wp-content\/uploads\/2021\/06\/logo_universite_le_havre_quadri.jpg\" \/>\n<meta name=\"twitter:card\" content=\"summary_large_image\" \/>\n<meta name=\"twitter:label1\" content=\"Est. reading time\" \/>\n\t<meta name=\"twitter:data1\" content=\"1 minute\" \/>\n<script type=\"application\/ld+json\" class=\"yoast-schema-graph\">{\"@context\":\"https:\/\/schema.org\",\"@graph\":[{\"@type\":\"WebPage\",\"@id\":\"https:\/\/www.shf-hydro.org\/en\/opportunities\/\",\"url\":\"https:\/\/www.shf-hydro.org\/en\/opportunities\/\",\"name\":\"Opportunities - SHF - Soci\u00e9t\u00e9 Hydrotechnique de France\",\"isPartOf\":{\"@id\":\"https:\/\/www.shf-hydro.org\/en\/#website\"},\"primaryImageOfPage\":{\"@id\":\"https:\/\/www.shf-hydro.org\/en\/opportunities\/#primaryimage\"},\"image\":{\"@id\":\"https:\/\/www.shf-hydro.org\/en\/opportunities\/#primaryimage\"},\"thumbnailUrl\":\"https:\/\/www.shf-hydro.org\/wp-content\/uploads\/2021\/06\/logo_universite_le_havre_quadri.jpg\",\"datePublished\":\"2021-06-10T10:09:16+00:00\",\"dateModified\":\"2021-06-10T10:09:18+00:00\",\"breadcrumb\":{\"@id\":\"https:\/\/www.shf-hydro.org\/en\/opportunities\/#breadcrumb\"},\"inLanguage\":\"en-US\",\"potentialAction\":[{\"@type\":\"ReadAction\",\"target\":[\"https:\/\/www.shf-hydro.org\/en\/opportunities\/\"]}]},{\"@type\":\"ImageObject\",\"inLanguage\":\"en-US\",\"@id\":\"https:\/\/www.shf-hydro.org\/en\/opportunities\/#primaryimage\",\"url\":\"https:\/\/www.shf-hydro.org\/wp-content\/uploads\/2021\/06\/logo_universite_le_havre_quadri.jpg\",\"contentUrl\":\"https:\/\/www.shf-hydro.org\/wp-content\/uploads\/2021\/06\/logo_universite_le_havre_quadri.jpg\"},{\"@type\":\"BreadcrumbList\",\"@id\":\"https:\/\/www.shf-hydro.org\/en\/opportunities\/#breadcrumb\",\"itemListElement\":[{\"@type\":\"ListItem\",\"position\":1,\"name\":\"Home\",\"item\":\"https:\/\/www.shf-hydro.org\/en\/\"},{\"@type\":\"ListItem\",\"position\":2,\"name\":\"Opportunities\"}]},{\"@type\":\"WebSite\",\"@id\":\"https:\/\/www.shf-hydro.org\/en\/#website\",\"url\":\"https:\/\/www.shf-hydro.org\/en\/\",\"name\":\"SHF - Soci\u00e9t\u00e9 Hydrotechnique de France\",\"description\":\"La science au service de l&#039;eau\",\"publisher\":{\"@id\":\"https:\/\/www.shf-hydro.org\/en\/#organization\"},\"potentialAction\":[{\"@type\":\"SearchAction\",\"target\":{\"@type\":\"EntryPoint\",\"urlTemplate\":\"https:\/\/www.shf-hydro.org\/en\/?s={search_term_string}\"},\"query-input\":{\"@type\":\"PropertyValueSpecification\",\"valueRequired\":true,\"valueName\":\"search_term_string\"}}],\"inLanguage\":\"en-US\"},{\"@type\":\"Organization\",\"@id\":\"https:\/\/www.shf-hydro.org\/en\/#organization\",\"name\":\"SHF - Soci\u00e9t\u00e9 Hydrotechnique de France\",\"url\":\"https:\/\/www.shf-hydro.org\/en\/\",\"logo\":{\"@type\":\"ImageObject\",\"inLanguage\":\"en-US\",\"@id\":\"https:\/\/www.shf-hydro.org\/en\/#\/schema\/logo\/image\/\",\"url\":\"https:\/\/www.shf-hydro.org\/wp-content\/uploads\/2020\/03\/SHF-Societe_Hydrotechnique_de_France-Logo.png\",\"contentUrl\":\"https:\/\/www.shf-hydro.org\/wp-content\/uploads\/2020\/03\/SHF-Societe_Hydrotechnique_de_France-Logo.png\",\"width\":1036,\"height\":1195,\"caption\":\"SHF - Soci\u00e9t\u00e9 Hydrotechnique de France\"},\"image\":{\"@id\":\"https:\/\/www.shf-hydro.org\/en\/#\/schema\/logo\/image\/\"}}]}<\/script>\n<!-- \/ Yoast SEO plugin. -->","yoast_head_json":{"title":"Opportunities - SHF - Soci\u00e9t\u00e9 Hydrotechnique de France","robots":{"index":"index","follow":"follow","max-snippet":"max-snippet:-1","max-image-preview":"max-image-preview:large","max-video-preview":"max-video-preview:-1"},"canonical":"https:\/\/www.shf-hydro.org\/en\/opportunities\/","og_locale":"en_US","og_type":"article","og_title":"Opportunities - SHF - Soci\u00e9t\u00e9 Hydrotechnique de France","og_description":"Soci\u00e9t\u00e9s Types R\u00e9gions Intitul\u00e9s Liens Universit\u00e9 Le Havre Offre de Th\u00e8se Nord Caract\u00e9risation ultrasonore de suspensions solides dans un fluide visqueux Voir l&#8217;annonce Universit\u00e9 de Rennes 1 Th\u00e8se de Doctorat Ouest Pi\u00e9geages structurel et capillaire du CO2 dans les r\u00e9servoirs fractur\u00e9s Voir l&#8217;annonce Ecole Step&#8217;Up Post Doc Ile-de-France Surveillance du v\u00ealage d\u2019icebergs en r\u00e9gion polaire [&hellip;]","og_url":"https:\/\/www.shf-hydro.org\/en\/opportunities\/","og_site_name":"SHF - Soci\u00e9t\u00e9 Hydrotechnique de France","article_modified_time":"2021-06-10T10:09:18+00:00","og_image":[{"url":"https:\/\/www.shf-hydro.org\/wp-content\/uploads\/2021\/06\/logo_universite_le_havre_quadri.jpg","type":"","width":"","height":""}],"twitter_card":"summary_large_image","twitter_misc":{"Est. reading time":"1 minute"},"schema":{"@context":"https:\/\/schema.org","@graph":[{"@type":"WebPage","@id":"https:\/\/www.shf-hydro.org\/en\/opportunities\/","url":"https:\/\/www.shf-hydro.org\/en\/opportunities\/","name":"Opportunities - SHF - Soci\u00e9t\u00e9 Hydrotechnique de France","isPartOf":{"@id":"https:\/\/www.shf-hydro.org\/en\/#website"},"primaryImageOfPage":{"@id":"https:\/\/www.shf-hydro.org\/en\/opportunities\/#primaryimage"},"image":{"@id":"https:\/\/www.shf-hydro.org\/en\/opportunities\/#primaryimage"},"thumbnailUrl":"https:\/\/www.shf-hydro.org\/wp-content\/uploads\/2021\/06\/logo_universite_le_havre_quadri.jpg","datePublished":"2021-06-10T10:09:16+00:00","dateModified":"2021-06-10T10:09:18+00:00","breadcrumb":{"@id":"https:\/\/www.shf-hydro.org\/en\/opportunities\/#breadcrumb"},"inLanguage":"en-US","potentialAction":[{"@type":"ReadAction","target":["https:\/\/www.shf-hydro.org\/en\/opportunities\/"]}]},{"@type":"ImageObject","inLanguage":"en-US","@id":"https:\/\/www.shf-hydro.org\/en\/opportunities\/#primaryimage","url":"https:\/\/www.shf-hydro.org\/wp-content\/uploads\/2021\/06\/logo_universite_le_havre_quadri.jpg","contentUrl":"https:\/\/www.shf-hydro.org\/wp-content\/uploads\/2021\/06\/logo_universite_le_havre_quadri.jpg"},{"@type":"BreadcrumbList","@id":"https:\/\/www.shf-hydro.org\/en\/opportunities\/#breadcrumb","itemListElement":[{"@type":"ListItem","position":1,"name":"Home","item":"https:\/\/www.shf-hydro.org\/en\/"},{"@type":"ListItem","position":2,"name":"Opportunities"}]},{"@type":"WebSite","@id":"https:\/\/www.shf-hydro.org\/en\/#website","url":"https:\/\/www.shf-hydro.org\/en\/","name":"SHF - Soci\u00e9t\u00e9 Hydrotechnique de France","description":"La science au service de l&#039;eau","publisher":{"@id":"https:\/\/www.shf-hydro.org\/en\/#organization"},"potentialAction":[{"@type":"SearchAction","target":{"@type":"EntryPoint","urlTemplate":"https:\/\/www.shf-hydro.org\/en\/?s={search_term_string}"},"query-input":{"@type":"PropertyValueSpecification","valueRequired":true,"valueName":"search_term_string"}}],"inLanguage":"en-US"},{"@type":"Organization","@id":"https:\/\/www.shf-hydro.org\/en\/#organization","name":"SHF - Soci\u00e9t\u00e9 Hydrotechnique de France","url":"https:\/\/www.shf-hydro.org\/en\/","logo":{"@type":"ImageObject","inLanguage":"en-US","@id":"https:\/\/www.shf-hydro.org\/en\/#\/schema\/logo\/image\/","url":"https:\/\/www.shf-hydro.org\/wp-content\/uploads\/2020\/03\/SHF-Societe_Hydrotechnique_de_France-Logo.png","contentUrl":"https:\/\/www.shf-hydro.org\/wp-content\/uploads\/2020\/03\/SHF-Societe_Hydrotechnique_de_France-Logo.png","width":1036,"height":1195,"caption":"SHF - Soci\u00e9t\u00e9 Hydrotechnique de France"},"image":{"@id":"https:\/\/www.shf-hydro.org\/en\/#\/schema\/logo\/image\/"}}]}},"jetpack_sharing_enabled":true,"_links":{"self":[{"href":"https:\/\/www.shf-hydro.org\/en\/wp-json\/wp\/v2\/pages\/9673","targetHints":{"allow":["GET"]}}],"collection":[{"href":"https:\/\/www.shf-hydro.org\/en\/wp-json\/wp\/v2\/pages"}],"about":[{"href":"https:\/\/www.shf-hydro.org\/en\/wp-json\/wp\/v2\/types\/page"}],"author":[{"embeddable":true,"href":"https:\/\/www.shf-hydro.org\/en\/wp-json\/wp\/v2\/users\/2"}],"replies":[{"embeddable":true,"href":"https:\/\/www.shf-hydro.org\/en\/wp-json\/wp\/v2\/comments?post=9673"}],"version-history":[{"count":1,"href":"https:\/\/www.shf-hydro.org\/en\/wp-json\/wp\/v2\/pages\/9673\/revisions"}],"predecessor-version":[{"id":9674,"href":"https:\/\/www.shf-hydro.org\/en\/wp-json\/wp\/v2\/pages\/9673\/revisions\/9674"}],"wp:attachment":[{"href":"https:\/\/www.shf-hydro.org\/en\/wp-json\/wp\/v2\/media?parent=9673"}],"wp:term":[{"taxonomy":"category","embeddable":true,"href":"https:\/\/www.shf-hydro.org\/en\/wp-json\/wp\/v2\/categories?post=9673"},{"taxonomy":"post_tag","embeddable":true,"href":"https:\/\/www.shf-hydro.org\/en\/wp-json\/wp\/v2\/tags?post=9673"}],"curies":[{"name":"wp","href":"https:\/\/api.w.org\/{rel}","templated":true}]}}